{"id":13292,"date":"2025-06-24T17:06:58","date_gmt":"2025-06-24T15:06:58","guid":{"rendered":"https:\/\/www.livresentre2actions.fr\/?post_type=product&#038;p=13292"},"modified":"2025-08-25T14:22:02","modified_gmt":"2025-08-25T12:22:02","slug":"parodie-du-juif-errant-complainte-constitutionnelle-en-dix-parties","status":"publish","type":"product","link":"https:\/\/www.livresentre2actions.fr\/fr_fr\/produit\/parodie-du-juif-errant-complainte-constitutionnelle-en-dix-parties\/","title":{"rendered":"Parodie du juif errant. Complainte constitutionnelle en dix parties"},"content":{"rendered":"<p>Louis Huart \/ Cham<\/p>\n<p>Aubert Et Cie, Editeurs &#8211; Demi-veau brun \u00e0 dos long orn\u00e9 du titre, liser\u00e9s, et motifs, plats percalin\u00e9s, 180 x 118, 345p. Hors table. Paris, sans date. Edition originale (1844). Except\u00e9 quelques rousseurs sur les tranches, int\u00e9rieur propre, et int\u00e8gre. Frottements et accidents \u00e0 la reliure\u00a0: mors sup\u00e9rieur et inf\u00e9rieur fendus, avec un manque en mors sup\u00e9rieur\u00a0; coiffe avec un manque. Exemplaire modeste.<\/p>\n","protected":false},"excerpt":{"rendered":"<p>Louis Huart \/ Cham Aubert Et Cie, Editeurs &#8211; Demi-veau brun \u00e0 dos long orn\u00e9 du titre, liser\u00e9s, et motifs, plats percalin\u00e9s, 180 x 118, 345p. Hors table. Paris, sans date. Edition originale (1844). Except\u00e9 quelques rousseurs sur les tranches, int\u00e9rieur propre, et int\u00e8gre. Frottements et accidents \u00e0 la reliure\u00a0: mors sup\u00e9rieur et inf\u00e9rieur fendus, &#8230; <a title=\"Parodie du juif errant. Complainte constitutionnelle en dix parties\" class=\"read-more\" href=\"https:\/\/www.livresentre2actions.fr\/fr_fr\/produit\/parodie-du-juif-errant-complainte-constitutionnelle-en-dix-parties\/\" aria-label=\"En savoir plus sur Parodie du juif errant. Complainte constitutionnelle en dix parties\">Lire plus<\/a><\/p>\n","protected":false},"featured_media":13293,"template":"","meta":{"_eb_attr":""},"product_brand":[],"product_cat":[36,75,71,76],"product_tag":[],"class_list":{"0":"post-13292","1":"product","2":"type-product","3":"status-publish","4":"has-post-thumbnail","6":"product_cat-entre-le-xviiieme-et-le-xixeme-siecle","7":"product_cat-art","8":"product_cat-illustres-modernes-editions-originales-signees-numerotees","9":"product_cat-poesie-theatre-prose","10":"sales-flash-overlay","11":"woocommerce-text-align-center","12":"woocommerce-image-align-center","13":"wc-has-gallery","15":"first","16":"instock","17":"taxable","18":"shipping-taxable","19":"purchasable","20":"product-type-simple"},"aioseo_notices":[],"_links":{"self":[{"href":"https:\/\/www.livresentre2actions.fr\/fr_fr\/wp-json\/wp\/v2\/product\/13292","targetHints":{"allow":["GET"]}}],"collection":[{"href":"https:\/\/www.livresentre2actions.fr\/fr_fr\/wp-json\/wp\/v2\/product"}],"about":[{"href":"https:\/\/www.livresentre2actions.fr\/fr_fr\/wp-json\/wp\/v2\/types\/product"}],"wp:featuredmedia":[{"embeddable":true,"href":"https:\/\/www.livresentre2actions.fr\/fr_fr\/wp-json\/wp\/v2\/media\/13293"}],"wp:attachment":[{"href":"https:\/\/www.livresentre2actions.fr\/fr_fr\/wp-json\/wp\/v2\/media?parent=13292"}],"wp:term":[{"taxonomy":"product_brand","embeddable":true,"href":"https:\/\/www.livresentre2actions.fr\/fr_fr\/wp-json\/wp\/v2\/product_brand?post=13292"},{"taxonomy":"product_cat","embeddable":true,"href":"https:\/\/www.livresentre2actions.fr\/fr_fr\/wp-json\/wp\/v2\/product_cat?post=13292"},{"taxonomy":"product_tag","embeddable":true,"href":"https:\/\/www.livresentre2actions.fr\/fr_fr\/wp-json\/wp\/v2\/product_tag?post=13292"}],"curies":[{"name":"wp","href":"https:\/\/api.w.org\/{rel}","templated":true}]}}