{"id":13262,"date":"2025-06-24T16:55:07","date_gmt":"2025-06-24T14:55:07","guid":{"rendered":"https:\/\/www.livresentre2actions.fr\/?post_type=product&#038;p=13262"},"modified":"2025-08-25T14:22:03","modified_gmt":"2025-08-25T12:22:03","slug":"poesies-de-sapho-suivies-de-differentes-poesies-dans-le-meme-genre","status":"publish","type":"product","link":"https:\/\/www.livresentre2actions.fr\/fr_fr\/produit\/poesies-de-sapho-suivies-de-differentes-poesies-dans-le-meme-genre\/","title":{"rendered":"Po\u00e9sies de Sapho. Suivies de diff\u00e9rentes po\u00e9sies dans le m\u00eame genre"},"content":{"rendered":"<p>\u00c0 Amsterdam &#8211; Pleine basane l\u00e9opard\u00e9e \u00e0 dos long orn\u00e9 d\u2019une pi\u00e8ce de titre en maroquin olive, toutes tranches dor\u00e9es, plats \u00e0 encadrement \u00e0 double liser\u00e9s, 121 x 71, 152p. Avec table. 1777. Frontispice, un portrait de Sapho par Cl\u00e9ment-Pierre Marillier, et grav\u00e9 par De Launay. Ex-libris cachet de la biblioth\u00e8que municipale d\u2019Arras au frontispice, au titre et en derni\u00e8re page. Un code au titre. Une vie de Sapho pr\u00e9c\u00e8de les po\u00e9sies. Int\u00e9rieur propre. Reliure d\u00e9fra\u00eechie, frottements, \u00e9pidermures nombreux dont une importante en pied de mors inf\u00e9rieur. Champs et coins frott\u00e9s, manques aux coins. Mors de t\u00eate fendu. Dos avec manque en pied et coiffe et queue manquantes.<\/p>\n","protected":false},"excerpt":{"rendered":"<p>\u00c0 Amsterdam &#8211; Pleine basane l\u00e9opard\u00e9e \u00e0 dos long orn\u00e9 d\u2019une pi\u00e8ce de titre en maroquin olive, toutes tranches dor\u00e9es, plats \u00e0 encadrement \u00e0 double liser\u00e9s, 121 x 71, 152p. Avec table. 1777. Frontispice, un portrait de Sapho par Cl\u00e9ment-Pierre Marillier, et grav\u00e9 par De Launay. Ex-libris cachet de la biblioth\u00e8que municipale d\u2019Arras au frontispice, &#8230; <a title=\"Po\u00e9sies de Sapho. Suivies de diff\u00e9rentes po\u00e9sies dans le m\u00eame genre\" class=\"read-more\" href=\"https:\/\/www.livresentre2actions.fr\/fr_fr\/produit\/poesies-de-sapho-suivies-de-differentes-poesies-dans-le-meme-genre\/\" aria-label=\"En savoir plus sur Po\u00e9sies de Sapho. Suivies de diff\u00e9rentes po\u00e9sies dans le m\u00eame genre\">Lire plus<\/a><\/p>\n","protected":false},"featured_media":13263,"template":"","meta":{"_eb_attr":""},"product_brand":[],"product_cat":[36,84,71,76],"product_tag":[],"class_list":{"0":"post-13262","1":"product","2":"type-product","3":"status-publish","4":"has-post-thumbnail","6":"product_cat-entre-le-xviiieme-et-le-xixeme-siecle","7":"product_cat-curiosa","8":"product_cat-illustres-modernes-editions-originales-signees-numerotees","9":"product_cat-poesie-theatre-prose","10":"sales-flash-overlay","11":"woocommerce-text-align-center","12":"woocommerce-image-align-center","13":"wc-has-gallery","15":"first","16":"instock","17":"taxable","18":"shipping-taxable","19":"purchasable","20":"product-type-simple"},"aioseo_notices":[],"_links":{"self":[{"href":"https:\/\/www.livresentre2actions.fr\/fr_fr\/wp-json\/wp\/v2\/product\/13262","targetHints":{"allow":["GET"]}}],"collection":[{"href":"https:\/\/www.livresentre2actions.fr\/fr_fr\/wp-json\/wp\/v2\/product"}],"about":[{"href":"https:\/\/www.livresentre2actions.fr\/fr_fr\/wp-json\/wp\/v2\/types\/product"}],"wp:featuredmedia":[{"embeddable":true,"href":"https:\/\/www.livresentre2actions.fr\/fr_fr\/wp-json\/wp\/v2\/media\/13263"}],"wp:attachment":[{"href":"https:\/\/www.livresentre2actions.fr\/fr_fr\/wp-json\/wp\/v2\/media?parent=13262"}],"wp:term":[{"taxonomy":"product_brand","embeddable":true,"href":"https:\/\/www.livresentre2actions.fr\/fr_fr\/wp-json\/wp\/v2\/product_brand?post=13262"},{"taxonomy":"product_cat","embeddable":true,"href":"https:\/\/www.livresentre2actions.fr\/fr_fr\/wp-json\/wp\/v2\/product_cat?post=13262"},{"taxonomy":"product_tag","embeddable":true,"href":"https:\/\/www.livresentre2actions.fr\/fr_fr\/wp-json\/wp\/v2\/product_tag?post=13262"}],"curies":[{"name":"wp","href":"https:\/\/api.w.org\/{rel}","templated":true}]}}