{"id":13213,"date":"2025-06-24T16:42:50","date_gmt":"2025-06-24T14:42:50","guid":{"rendered":"https:\/\/www.livresentre2actions.fr\/?post_type=product&#038;p=13213"},"modified":"2025-08-25T14:22:04","modified_gmt":"2025-08-25T12:22:04","slug":"suite-du-cours-de-mathematiques-a-lusage-des-gardes-du-pavillon-et-de-la-marine","status":"publish","type":"product","link":"https:\/\/www.livresentre2actions.fr\/fr_fr\/produit\/suite-du-cours-de-mathematiques-a-lusage-des-gardes-du-pavillon-et-de-la-marine\/","title":{"rendered":"Suite du cours de math\u00e9matiques, \u00e0 l&rsquo;usage des gardes du pavillon et de la marine"},"content":{"rendered":"<p>Suite du cours de math\u00e9matiques, \u00e0 l&rsquo;usage des gardes du pavillon et de la marine, contenant le trait\u00e9 de navigation<\/p>\n<p>\u00c9tienne B\u00e9zout &#8211; Chez J. B. G. Musier fils<\/p>\n<p>Plein veau marbr\u00e9, dos \u00e0 cinq nerfs orn\u00e9 d\u2019une pi\u00e8ce de titre lire de vin, et de la tomaison (VI), caissons fleuronn\u00e9s, tranches marbr\u00e9es, 203 x 130, 1775. 313p. Suivies des 10 planches d\u00e9pliantes. Et In fine, Tables \u00e0 l\u2019usage de la navigation \/ Tables de logarithmes pour les sinus et tangentes &amp; pour les nombres naturels. Pr\u00e9c\u00e9d\u00e9 de Pr\u00e9face et table des mati\u00e8res, pagin\u00e9s iv \u2013 xij. Int\u00e9rieur propre. Planches toutes quasi int\u00e8gres sauf la planche n\u00b01 (d\u00e9chirure sans manque le long du pli) , planche VII (un accroc en plein sans manque et un manque en marge) ; VIII (un petit manque en marge). Reliure avec \u00e9pidermures marqu\u00e9es en plats, champs et coins ; coins \u00e9mouss\u00e9s ; 2 trous de vers en mors sup\u00e9rieur ; \u00e9pidermure au dernier caisson ; coiffe avec une petite d\u00e9chirure ; queue tr\u00e8s \u00e9piderm\u00e9e ; pied des deux mors ouvert. Exemplaire bien ferme. \u00c9galement en stock : Cours de Math\u00e9matiques \u00e0 l&rsquo;usage de la Marine et de l&rsquo;Artillerie, seconde partie. Par Bezout. Suivi de Notes sur la g\u00e9om\u00e9trie, par A.-A.-L. Reynaud. 1828<\/p>\n","protected":false},"excerpt":{"rendered":"<p>Suite du cours de math\u00e9matiques, \u00e0 l&rsquo;usage des gardes du pavillon et de la marine, contenant le trait\u00e9 de navigation \u00c9tienne B\u00e9zout &#8211; Chez J. B. G. Musier fils Plein veau marbr\u00e9, dos \u00e0 cinq nerfs orn\u00e9 d\u2019une pi\u00e8ce de titre lire de vin, et de la tomaison (VI), caissons fleuronn\u00e9s, tranches marbr\u00e9es, 203 x &#8230; <a title=\"Suite du cours de math\u00e9matiques, \u00e0 l&rsquo;usage des gardes du pavillon et de la marine\" class=\"read-more\" href=\"https:\/\/www.livresentre2actions.fr\/fr_fr\/produit\/suite-du-cours-de-mathematiques-a-lusage-des-gardes-du-pavillon-et-de-la-marine\/\" aria-label=\"En savoir plus sur Suite du cours de math\u00e9matiques, \u00e0 l&rsquo;usage des gardes du pavillon et de la marine\">Lire plus<\/a><\/p>\n","protected":false},"featured_media":13214,"template":"","meta":{"_eb_attr":""},"product_brand":[],"product_cat":[36,71,69],"product_tag":[],"class_list":{"0":"post-13213","1":"product","2":"type-product","3":"status-publish","4":"has-post-thumbnail","6":"product_cat-entre-le-xviiieme-et-le-xixeme-siecle","7":"product_cat-illustres-modernes-editions-originales-signees-numerotees","8":"product_cat-sciences-et-techniques","9":"sales-flash-overlay","10":"woocommerce-text-align-center","11":"woocommerce-image-align-center","12":"wc-has-gallery","14":"first","15":"instock","16":"taxable","17":"shipping-taxable","18":"purchasable","19":"product-type-simple"},"aioseo_notices":[],"_links":{"self":[{"href":"https:\/\/www.livresentre2actions.fr\/fr_fr\/wp-json\/wp\/v2\/product\/13213","targetHints":{"allow":["GET"]}}],"collection":[{"href":"https:\/\/www.livresentre2actions.fr\/fr_fr\/wp-json\/wp\/v2\/product"}],"about":[{"href":"https:\/\/www.livresentre2actions.fr\/fr_fr\/wp-json\/wp\/v2\/types\/product"}],"wp:featuredmedia":[{"embeddable":true,"href":"https:\/\/www.livresentre2actions.fr\/fr_fr\/wp-json\/wp\/v2\/media\/13214"}],"wp:attachment":[{"href":"https:\/\/www.livresentre2actions.fr\/fr_fr\/wp-json\/wp\/v2\/media?parent=13213"}],"wp:term":[{"taxonomy":"product_brand","embeddable":true,"href":"https:\/\/www.livresentre2actions.fr\/fr_fr\/wp-json\/wp\/v2\/product_brand?post=13213"},{"taxonomy":"product_cat","embeddable":true,"href":"https:\/\/www.livresentre2actions.fr\/fr_fr\/wp-json\/wp\/v2\/product_cat?post=13213"},{"taxonomy":"product_tag","embeddable":true,"href":"https:\/\/www.livresentre2actions.fr\/fr_fr\/wp-json\/wp\/v2\/product_tag?post=13213"}],"curies":[{"name":"wp","href":"https:\/\/api.w.org\/{rel}","templated":true}]}}