{"id":13087,"date":"2025-06-16T15:00:17","date_gmt":"2025-06-16T13:00:17","guid":{"rendered":"https:\/\/www.livresentre2actions.fr\/?post_type=product&#038;p=13087"},"modified":"2025-08-27T11:12:07","modified_gmt":"2025-08-27T09:12:07","slug":"la-chronique-de-julien-piedalu-deuxieme-et-troisieme-series","status":"publish","type":"product","link":"https:\/\/www.livresentre2actions.fr\/fr_fr\/produit\/la-chronique-de-julien-piedalu-deuxieme-et-troisieme-series\/","title":{"rendered":"La chronique de Julien Pi\u00e9dalu. Deuxi\u00e8me et troisi\u00e8me s\u00e9ries"},"content":{"rendered":"<p>Henri Bouyer &#8211; Imprimerie du Commerce<\/p>\n<p>Broch\u00e9 \u00e0 l\u2019italienne, 245 x 325, 51p. Hors table. Sans date. Avec envoi sign\u00e9 de l\u2019auteur en page de faux-titre. Int\u00e9rieur l\u00e9g\u00e8rement insol\u00e9 mais propre\u00a0; quelques rousseurs en pied de faux-titre. Couvertures insol\u00e9es et frott\u00e9es mais propres et int\u00e8gres. Bel exemplaire, bien ferme.<\/p>\n","protected":false},"excerpt":{"rendered":"<p>Henri Bouyer &#8211; Imprimerie du Commerce Broch\u00e9 \u00e0 l\u2019italienne, 245 x 325, 51p. Hors table. Sans date. Avec envoi sign\u00e9 de l\u2019auteur en page de faux-titre. Int\u00e9rieur l\u00e9g\u00e8rement insol\u00e9 mais propre\u00a0; quelques rousseurs en pied de faux-titre. Couvertures insol\u00e9es et frott\u00e9es mais propres et int\u00e8gres. Bel exemplaire, bien ferme.<\/p>\n","protected":false},"featured_media":13088,"template":"","meta":{"_eb_attr":""},"product_brand":[],"product_cat":[37,78,71],"product_tag":[87],"class_list":{"0":"post-13087","1":"product","2":"type-product","3":"status-publish","4":"has-post-thumbnail","6":"product_cat-a-partir-du-xxeme-siecle","7":"product_cat-enfantina","8":"product_cat-illustres-modernes-editions-originales-signees-numerotees","9":"product_tag-signe","10":"sales-flash-overlay","11":"woocommerce-text-align-center","12":"woocommerce-image-align-center","13":"wc-has-gallery","15":"first","16":"instock","17":"taxable","18":"shipping-taxable","19":"purchasable","20":"product-type-simple"},"aioseo_notices":[],"_links":{"self":[{"href":"https:\/\/www.livresentre2actions.fr\/fr_fr\/wp-json\/wp\/v2\/product\/13087","targetHints":{"allow":["GET"]}}],"collection":[{"href":"https:\/\/www.livresentre2actions.fr\/fr_fr\/wp-json\/wp\/v2\/product"}],"about":[{"href":"https:\/\/www.livresentre2actions.fr\/fr_fr\/wp-json\/wp\/v2\/types\/product"}],"wp:featuredmedia":[{"embeddable":true,"href":"https:\/\/www.livresentre2actions.fr\/fr_fr\/wp-json\/wp\/v2\/media\/13088"}],"wp:attachment":[{"href":"https:\/\/www.livresentre2actions.fr\/fr_fr\/wp-json\/wp\/v2\/media?parent=13087"}],"wp:term":[{"taxonomy":"product_brand","embeddable":true,"href":"https:\/\/www.livresentre2actions.fr\/fr_fr\/wp-json\/wp\/v2\/product_brand?post=13087"},{"taxonomy":"product_cat","embeddable":true,"href":"https:\/\/www.livresentre2actions.fr\/fr_fr\/wp-json\/wp\/v2\/product_cat?post=13087"},{"taxonomy":"product_tag","embeddable":true,"href":"https:\/\/www.livresentre2actions.fr\/fr_fr\/wp-json\/wp\/v2\/product_tag?post=13087"}],"curies":[{"name":"wp","href":"https:\/\/api.w.org\/{rel}","templated":true}]}}