{"id":13074,"date":"2025-06-16T14:57:20","date_gmt":"2025-06-16T12:57:20","guid":{"rendered":"https:\/\/www.livresentre2actions.fr\/?post_type=product&#038;p=13074"},"modified":"2025-08-25T14:22:07","modified_gmt":"2025-08-25T12:22:07","slug":"souvenirs-de-russie-1916-1919-princesse-paley","status":"publish","type":"product","link":"https:\/\/www.livresentre2actions.fr\/fr_fr\/produit\/souvenirs-de-russie-1916-1919-princesse-paley\/","title":{"rendered":"Souvenirs de Russie, 1916 \u2013 1919 &#8211; Princesse Paley"},"content":{"rendered":"<p>Librairie Plon &#8211; Demi-chagrin vert \u00e0 coins filet\u00e9s, dos \u00e0 faux nerfs filet\u00e9s, orn\u00e9 d\u2019un grand caisson \u00e0 losanges, tranche de t\u00eate dor\u00e9e, super-libris en pied, couvertures conserv\u00e9es, 191 x 127, 219p. 1926. Edition originale. Pr\u00e9f. Paul Bourget. Avec 5 portraits hors-texte. Ex-libris Franck Villard Ploneour Lanvern coll\u00e9 en contreplat sup\u00e9rieur Int\u00e9rieur propre et int\u00e8gre. Des frottements \u00e0 la reliure mais tr\u00e8s bel exemplaire<\/p>\n","protected":false},"excerpt":{"rendered":"<p>Librairie Plon &#8211; Demi-chagrin vert \u00e0 coins filet\u00e9s, dos \u00e0 faux nerfs filet\u00e9s, orn\u00e9 d\u2019un grand caisson \u00e0 losanges, tranche de t\u00eate dor\u00e9e, super-libris en pied, couvertures conserv\u00e9es, 191 x 127, 219p. 1926. Edition originale. Pr\u00e9f. Paul Bourget. Avec 5 portraits hors-texte. Ex-libris Franck Villard Ploneour Lanvern coll\u00e9 en contreplat sup\u00e9rieur Int\u00e9rieur propre et int\u00e8gre. &#8230; <a title=\"Souvenirs de Russie, 1916 \u2013 1919 &#8211; Princesse Paley\" class=\"read-more\" href=\"https:\/\/www.livresentre2actions.fr\/fr_fr\/produit\/souvenirs-de-russie-1916-1919-princesse-paley\/\" aria-label=\"En savoir plus sur Souvenirs de Russie, 1916 \u2013 1919 &#8211; Princesse Paley\">Lire plus<\/a><\/p>\n","protected":false},"featured_media":13075,"template":"","meta":{"_eb_attr":""},"product_brand":[],"product_cat":[37,71,73],"product_tag":[],"class_list":{"0":"post-13074","1":"product","2":"type-product","3":"status-publish","4":"has-post-thumbnail","6":"product_cat-a-partir-du-xxeme-siecle","7":"product_cat-illustres-modernes-editions-originales-signees-numerotees","8":"product_cat-histoires-et-recits-de-voyage","9":"sales-flash-overlay","10":"woocommerce-text-align-center","11":"woocommerce-image-align-center","12":"wc-has-gallery","14":"first","15":"instock","16":"taxable","17":"shipping-taxable","18":"purchasable","19":"product-type-simple"},"aioseo_notices":[],"_links":{"self":[{"href":"https:\/\/www.livresentre2actions.fr\/fr_fr\/wp-json\/wp\/v2\/product\/13074","targetHints":{"allow":["GET"]}}],"collection":[{"href":"https:\/\/www.livresentre2actions.fr\/fr_fr\/wp-json\/wp\/v2\/product"}],"about":[{"href":"https:\/\/www.livresentre2actions.fr\/fr_fr\/wp-json\/wp\/v2\/types\/product"}],"wp:featuredmedia":[{"embeddable":true,"href":"https:\/\/www.livresentre2actions.fr\/fr_fr\/wp-json\/wp\/v2\/media\/13075"}],"wp:attachment":[{"href":"https:\/\/www.livresentre2actions.fr\/fr_fr\/wp-json\/wp\/v2\/media?parent=13074"}],"wp:term":[{"taxonomy":"product_brand","embeddable":true,"href":"https:\/\/www.livresentre2actions.fr\/fr_fr\/wp-json\/wp\/v2\/product_brand?post=13074"},{"taxonomy":"product_cat","embeddable":true,"href":"https:\/\/www.livresentre2actions.fr\/fr_fr\/wp-json\/wp\/v2\/product_cat?post=13074"},{"taxonomy":"product_tag","embeddable":true,"href":"https:\/\/www.livresentre2actions.fr\/fr_fr\/wp-json\/wp\/v2\/product_tag?post=13074"}],"curies":[{"name":"wp","href":"https:\/\/api.w.org\/{rel}","templated":true}]}}