{"id":13047,"date":"2025-06-10T15:44:08","date_gmt":"2025-06-10T13:44:08","guid":{"rendered":"https:\/\/www.livresentre2actions.fr\/?post_type=product&#038;p=13047"},"modified":"2025-08-25T14:22:08","modified_gmt":"2025-08-25T12:22:08","slug":"new-spirit-in-painting-a-bowness-m-joachimides","status":"publish","type":"product","link":"https:\/\/www.livresentre2actions.fr\/fr_fr\/produit\/new-spirit-in-painting-a-bowness-m-joachimides\/","title":{"rendered":"New Spirit in Painting &#8211; A. Bowness, M. Joachimides"},"content":{"rendered":"<p>New Spirit in Painting : The Catalogue of the Royal Academy Exhibition<br \/>\nA. Bowness, M. Joachimides<br \/>\nBroch\u00e9, 280 x 218, 262p. 1981<br \/>\nRoyal academy of art &#8211; catalogue DE L&rsquo;EXPOSITION 15\/01-18\/03 1981. int\u00e9rieur propre et int\u00e8gre ; couvertures et dos un peu frott\u00e9s, mais propres ; un petit coup en t\u00eate de dos, dos rid\u00e9. Bien ferme.<\/p>\n","protected":false},"excerpt":{"rendered":"<p>New Spirit in Painting : The Catalogue of the Royal Academy Exhibition A. Bowness, M. Joachimides Broch\u00e9, 280 x 218, 262p. 1981 Royal academy of art &#8211; catalogue DE L&rsquo;EXPOSITION 15\/01-18\/03 1981. int\u00e9rieur propre et int\u00e8gre ; couvertures et dos un peu frott\u00e9s, mais propres ; un petit coup en t\u00eate de dos, dos rid\u00e9. &#8230; <a title=\"New Spirit in Painting &#8211; A. Bowness, M. Joachimides\" class=\"read-more\" href=\"https:\/\/www.livresentre2actions.fr\/fr_fr\/produit\/new-spirit-in-painting-a-bowness-m-joachimides\/\" aria-label=\"En savoir plus sur New Spirit in Painting &#8211; A. Bowness, M. Joachimides\">Lire plus<\/a><\/p>\n","protected":false},"featured_media":13048,"template":"","meta":{"_eb_attr":""},"product_brand":[],"product_cat":[37,75,71],"product_tag":[],"class_list":{"0":"post-13047","1":"product","2":"type-product","3":"status-publish","4":"has-post-thumbnail","6":"product_cat-a-partir-du-xxeme-siecle","7":"product_cat-art","8":"product_cat-illustres-modernes-editions-originales-signees-numerotees","9":"sales-flash-overlay","10":"woocommerce-text-align-center","11":"woocommerce-image-align-center","12":"wc-has-gallery","14":"first","15":"instock","16":"taxable","17":"shipping-taxable","18":"purchasable","19":"product-type-simple"},"aioseo_notices":[],"_links":{"self":[{"href":"https:\/\/www.livresentre2actions.fr\/fr_fr\/wp-json\/wp\/v2\/product\/13047","targetHints":{"allow":["GET"]}}],"collection":[{"href":"https:\/\/www.livresentre2actions.fr\/fr_fr\/wp-json\/wp\/v2\/product"}],"about":[{"href":"https:\/\/www.livresentre2actions.fr\/fr_fr\/wp-json\/wp\/v2\/types\/product"}],"wp:featuredmedia":[{"embeddable":true,"href":"https:\/\/www.livresentre2actions.fr\/fr_fr\/wp-json\/wp\/v2\/media\/13048"}],"wp:attachment":[{"href":"https:\/\/www.livresentre2actions.fr\/fr_fr\/wp-json\/wp\/v2\/media?parent=13047"}],"wp:term":[{"taxonomy":"product_brand","embeddable":true,"href":"https:\/\/www.livresentre2actions.fr\/fr_fr\/wp-json\/wp\/v2\/product_brand?post=13047"},{"taxonomy":"product_cat","embeddable":true,"href":"https:\/\/www.livresentre2actions.fr\/fr_fr\/wp-json\/wp\/v2\/product_cat?post=13047"},{"taxonomy":"product_tag","embeddable":true,"href":"https:\/\/www.livresentre2actions.fr\/fr_fr\/wp-json\/wp\/v2\/product_tag?post=13047"}],"curies":[{"name":"wp","href":"https:\/\/api.w.org\/{rel}","templated":true}]}}