{"id":13038,"date":"2025-06-10T15:25:49","date_gmt":"2025-06-10T13:25:49","guid":{"rendered":"https:\/\/www.livresentre2actions.fr\/?post_type=product&#038;p=13038"},"modified":"2025-08-25T14:22:09","modified_gmt":"2025-08-25T12:22:09","slug":"filiationoriginefantasme-les-voies-de-lindividuation-dans-monsieur-nicolas-ou-le-coeur-humain-devoile-de-retif-de-la-bretonne","status":"publish","type":"product","link":"https:\/\/www.livresentre2actions.fr\/fr_fr\/produit\/filiationoriginefantasme-les-voies-de-lindividuation-dans-monsieur-nicolas-ou-le-coeur-humain-devoile-de-retif-de-la-bretonne\/","title":{"rendered":"Filiation, origine, fantasme : Les voies de l&rsquo;individuation dans Monsieur Nicolas ou le c\u0153ur humain d\u00e9voil\u00e9 de R\u00e9tif de la Bretonne"},"content":{"rendered":"<p>Gis\u00e8le Berkman &#8211;\u00a0Honor\u00e9 Champion<\/p>\n<p>Cartonnage \u00e9diteur, 240 x 164, 567p. Avec table. 2006. tr\u00e8s bel exemplaire, propre, int\u00e8gre, bien ferme. Proche du neuf.<\/p>\n","protected":false},"excerpt":{"rendered":"<p>Gis\u00e8le Berkman &#8211;\u00a0Honor\u00e9 Champion Cartonnage \u00e9diteur, 240 x 164, 567p. Avec table. 2006. tr\u00e8s bel exemplaire, propre, int\u00e8gre, bien ferme. Proche du neuf.<\/p>\n","protected":false},"featured_media":13039,"template":"","meta":{"_eb_attr":""},"product_brand":[],"product_cat":[37,84,72,71],"product_tag":[],"class_list":{"0":"post-13038","1":"product","2":"type-product","3":"status-publish","4":"has-post-thumbnail","6":"product_cat-a-partir-du-xxeme-siecle","7":"product_cat-curiosa","8":"product_cat-divers","9":"product_cat-illustres-modernes-editions-originales-signees-numerotees","10":"sales-flash-overlay","11":"woocommerce-text-align-center","12":"woocommerce-image-align-center","13":"wc-has-gallery","15":"first","16":"instock","17":"taxable","18":"shipping-taxable","19":"purchasable","20":"product-type-simple"},"aioseo_notices":[],"_links":{"self":[{"href":"https:\/\/www.livresentre2actions.fr\/fr_fr\/wp-json\/wp\/v2\/product\/13038","targetHints":{"allow":["GET"]}}],"collection":[{"href":"https:\/\/www.livresentre2actions.fr\/fr_fr\/wp-json\/wp\/v2\/product"}],"about":[{"href":"https:\/\/www.livresentre2actions.fr\/fr_fr\/wp-json\/wp\/v2\/types\/product"}],"wp:featuredmedia":[{"embeddable":true,"href":"https:\/\/www.livresentre2actions.fr\/fr_fr\/wp-json\/wp\/v2\/media\/13039"}],"wp:attachment":[{"href":"https:\/\/www.livresentre2actions.fr\/fr_fr\/wp-json\/wp\/v2\/media?parent=13038"}],"wp:term":[{"taxonomy":"product_brand","embeddable":true,"href":"https:\/\/www.livresentre2actions.fr\/fr_fr\/wp-json\/wp\/v2\/product_brand?post=13038"},{"taxonomy":"product_cat","embeddable":true,"href":"https:\/\/www.livresentre2actions.fr\/fr_fr\/wp-json\/wp\/v2\/product_cat?post=13038"},{"taxonomy":"product_tag","embeddable":true,"href":"https:\/\/www.livresentre2actions.fr\/fr_fr\/wp-json\/wp\/v2\/product_tag?post=13038"}],"curies":[{"name":"wp","href":"https:\/\/api.w.org\/{rel}","templated":true}]}}