{"id":12998,"date":"2025-06-07T17:55:11","date_gmt":"2025-06-07T15:55:11","guid":{"rendered":"https:\/\/www.livresentre2actions.fr\/?post_type=product&#038;p=12998"},"modified":"2025-08-27T11:44:20","modified_gmt":"2025-08-27T09:44:20","slug":"lempereur-nicolas-ii-aux-manoeuvres-francaises-de-1901","status":"publish","type":"product","link":"https:\/\/www.livresentre2actions.fr\/fr_fr\/produit\/lempereur-nicolas-ii-aux-manoeuvres-francaises-de-1901\/","title":{"rendered":"L&rsquo;Empereur Nicolas II Aux Man\u0153uvres Fran\u00e7aises de 1901"},"content":{"rendered":"<p>L&rsquo;Empereur Nicolas II Aux Man\u0153uvres Fran\u00e7aises de 1901. Dunkerque \u2013 Compi\u00e8gne- Reims. Enthousiasme populaire. Discours. D\u00e9coration publique et priv\u00e9e. Industrie du bibelot \u2013 Publicit\u00e9 \u2013 Affiches \u2013 Chansons.<\/p>\n<p>Henri Daragon &#8211; Henri Daragon, Libraire<\/p>\n<p>Demi-veau blond, dos \u00e0 faux-nerfs, orn\u00e9 d\u2019une pi\u00e8ce de titre en maroquin brun, nerfs cern\u00e9s de frises, dos orn\u00e9 en plein d\u2019un motif dor\u00e9 et en pied d\u2019un super libris J.F. L., 196 x 147, 126p. Avec tables des mati\u00e8res et des illustrations. 1901. \u00c9dition originale num\u00e9rot\u00e9e 356, un des 500 sur papier couch\u00e9, sign\u00e9 de l\u2019auteur-\u00e9diteur (530 tirage total). Collection de l\u2019histoire par la bibelot. Int\u00e9rieur l\u00e9g\u00e8rement insol\u00e9 mais propre et int\u00e8gre. Des rousseurs sur tranches. Reliure l\u00e9g\u00e8rement insol\u00e9e et frott\u00e9e mais tr\u00e8s bel \u00e9tat. Les grandes manoeuvres de l&rsquo;Est de 1901\u00a0d\u00e9signent d&rsquo;importants exercices militaires men\u00e9s par une partie de l&rsquo;arm\u00e9e fran\u00e7aise, dans l&rsquo;Est de la France, durant le d\u00e9but de l&rsquo;automne 1901. Et se d\u00e9roul\u00e8rent en pr\u00e9sence de l\u2019empereur Nicolas II.<\/p>\n","protected":false},"excerpt":{"rendered":"<p>L&rsquo;Empereur Nicolas II Aux Man\u0153uvres Fran\u00e7aises de 1901. Dunkerque \u2013 Compi\u00e8gne- Reims. Enthousiasme populaire. Discours. D\u00e9coration publique et priv\u00e9e. Industrie du bibelot \u2013 Publicit\u00e9 \u2013 Affiches \u2013 Chansons. Henri Daragon &#8211; Henri Daragon, Libraire Demi-veau blond, dos \u00e0 faux-nerfs, orn\u00e9 d\u2019une pi\u00e8ce de titre en maroquin brun, nerfs cern\u00e9s de frises, dos orn\u00e9 en plein &#8230; <a title=\"L&rsquo;Empereur Nicolas II Aux Man\u0153uvres Fran\u00e7aises de 1901\" class=\"read-more\" href=\"https:\/\/www.livresentre2actions.fr\/fr_fr\/produit\/lempereur-nicolas-ii-aux-manoeuvres-francaises-de-1901\/\" aria-label=\"En savoir plus sur L&rsquo;Empereur Nicolas II Aux Man\u0153uvres Fran\u00e7aises de 1901\">Lire plus<\/a><\/p>\n","protected":false},"featured_media":12999,"template":"","meta":{"_eb_attr":""},"product_brand":[],"product_cat":[37,75,71,73],"product_tag":[86,87,94],"class_list":{"0":"post-12998","1":"product","2":"type-product","3":"status-publish","4":"has-post-thumbnail","6":"product_cat-a-partir-du-xxeme-siecle","7":"product_cat-art","8":"product_cat-illustres-modernes-editions-originales-signees-numerotees","9":"product_cat-histoires-et-recits-de-voyage","10":"product_tag-illustre","11":"product_tag-signe","12":"product_tag-provenance","13":"sales-flash-overlay","14":"woocommerce-text-align-center","15":"woocommerce-image-align-center","16":"wc-has-gallery","18":"first","19":"instock","20":"taxable","21":"shipping-taxable","22":"purchasable","23":"product-type-simple"},"aioseo_notices":[],"_links":{"self":[{"href":"https:\/\/www.livresentre2actions.fr\/fr_fr\/wp-json\/wp\/v2\/product\/12998","targetHints":{"allow":["GET"]}}],"collection":[{"href":"https:\/\/www.livresentre2actions.fr\/fr_fr\/wp-json\/wp\/v2\/product"}],"about":[{"href":"https:\/\/www.livresentre2actions.fr\/fr_fr\/wp-json\/wp\/v2\/types\/product"}],"wp:featuredmedia":[{"embeddable":true,"href":"https:\/\/www.livresentre2actions.fr\/fr_fr\/wp-json\/wp\/v2\/media\/12999"}],"wp:attachment":[{"href":"https:\/\/www.livresentre2actions.fr\/fr_fr\/wp-json\/wp\/v2\/media?parent=12998"}],"wp:term":[{"taxonomy":"product_brand","embeddable":true,"href":"https:\/\/www.livresentre2actions.fr\/fr_fr\/wp-json\/wp\/v2\/product_brand?post=12998"},{"taxonomy":"product_cat","embeddable":true,"href":"https:\/\/www.livresentre2actions.fr\/fr_fr\/wp-json\/wp\/v2\/product_cat?post=12998"},{"taxonomy":"product_tag","embeddable":true,"href":"https:\/\/www.livresentre2actions.fr\/fr_fr\/wp-json\/wp\/v2\/product_tag?post=12998"}],"curies":[{"name":"wp","href":"https:\/\/api.w.org\/{rel}","templated":true}]}}