{"id":12957,"date":"2025-06-06T13:14:47","date_gmt":"2025-06-06T11:14:47","guid":{"rendered":"https:\/\/www.livresentre2actions.fr\/?post_type=product&#038;p=12957"},"modified":"2026-02-28T14:46:15","modified_gmt":"2026-02-28T13:46:15","slug":"les-inconvenients-du-celibat-des-pretres-abbe-gaudin","status":"publish","type":"product","link":"https:\/\/www.livresentre2actions.fr\/fr_fr\/produit\/les-inconvenients-du-celibat-des-pretres-abbe-gaudin\/","title":{"rendered":"Les inconv\u00e9nients du c\u00e9libat des pr\u00eatres &#8211; Abb\u00e9 Gaudin"},"content":{"rendered":"<p>Les inconv\u00e9nients du c\u00e9libat des pr\u00eatres, prouv\u00e9s par des recherches historiques<\/p>\n<p>Sans nom d\u2019auteur [Abb\u00e9 Gaudin]<\/p>\n<p>Chez J. L. Pellet<\/p>\n<p>Demi-veau havane, dos \u00e0 4 nerfs filet\u00e9, orn\u00e9 du titre, du lieu et de la date d\u2019\u00e9dition en pied, plats frapp\u00e9s de l\u2019ex-libris aux armes du grand bibliophile mexicain Joachim Gomez de la Cortina, marquis de Morante, \u00ab J. Gomez de la Cortina et amicorum, [appartenant \u00e0 Joqauin. Gomez de La Cortina et \u00e0 ses amis], un exemplaire enrichi d\u2019un autre ex-libris du m\u00eame sous la forme d\u2019une vignette coll\u00e9e en contreplat sup\u00e9rieur \u00ab Bibliotheca Cortiniana \u00bb [sa biblioth\u00e8que aurait compt\u00e9 pr\u00e8s de 120 000 volumes, et il en aurait publi\u00e9 un catalogue en cinq volumes], 211 x 135, 439p. Hors table. 1781. Edition originale. Int\u00e9rieur tr\u00e8s frais, propre, int\u00e8gre. Coins, champs, plats frott\u00e9s, mais ex-libris intacts. Dos frott\u00e9s avec petits griffes et \u00e9perdermures ; coiffe avec une \u00e9pidermure marqu\u00e9e ; bon exemplaire, bien ferme.\u00a0\u00a0Joqauin. Gomez de La Cortina fut \u00e9galement recteur de l&rsquo;universit\u00e9 de Madrid. Sa collection fut vendue apr\u00e8s sa mort \u00e0 Paris par le libraire Bachelin-Deflorenne, et une partie de sa biblioth\u00e8que fut achet\u00e9e par la Biblioth\u00e8que de l&rsquo;\u00c9cole normale sup\u00e9rieure.<\/p>\n","protected":false},"excerpt":{"rendered":"<p>Les inconv\u00e9nients du c\u00e9libat des pr\u00eatres, prouv\u00e9s par des recherches historiques Sans nom d\u2019auteur [Abb\u00e9 Gaudin] Chez J. L. Pellet Demi-veau havane, dos \u00e0 4 nerfs filet\u00e9, orn\u00e9 du titre, du lieu et de la date d\u2019\u00e9dition en pied, plats frapp\u00e9s de l\u2019ex-libris aux armes du grand bibliophile mexicain Joachim Gomez de la Cortina, marquis &#8230; <a title=\"Les inconv\u00e9nients du c\u00e9libat des pr\u00eatres &#8211; Abb\u00e9 Gaudin\" class=\"read-more\" href=\"https:\/\/www.livresentre2actions.fr\/fr_fr\/produit\/les-inconvenients-du-celibat-des-pretres-abbe-gaudin\/\" aria-label=\"En savoir plus sur Les inconv\u00e9nients du c\u00e9libat des pr\u00eatres &#8211; Abb\u00e9 Gaudin\">Lire plus<\/a><\/p>\n","protected":false},"featured_media":12958,"template":"","meta":{"_eb_attr":""},"product_brand":[],"product_cat":[36,71,68],"product_tag":[],"class_list":{"0":"post-12957","1":"product","2":"type-product","3":"status-publish","4":"has-post-thumbnail","6":"product_cat-entre-le-xviiieme-et-le-xixeme-siecle","7":"product_cat-illustres-modernes-editions-originales-signees-numerotees","8":"product_cat-religion-spiritualite","9":"sales-flash-overlay","10":"woocommerce-text-align-center","11":"woocommerce-image-align-center","12":"wc-has-gallery","14":"first","15":"outofstock","16":"taxable","17":"shipping-taxable","18":"purchasable","19":"product-type-simple"},"aioseo_notices":[],"_links":{"self":[{"href":"https:\/\/www.livresentre2actions.fr\/fr_fr\/wp-json\/wp\/v2\/product\/12957","targetHints":{"allow":["GET"]}}],"collection":[{"href":"https:\/\/www.livresentre2actions.fr\/fr_fr\/wp-json\/wp\/v2\/product"}],"about":[{"href":"https:\/\/www.livresentre2actions.fr\/fr_fr\/wp-json\/wp\/v2\/types\/product"}],"wp:featuredmedia":[{"embeddable":true,"href":"https:\/\/www.livresentre2actions.fr\/fr_fr\/wp-json\/wp\/v2\/media\/12958"}],"wp:attachment":[{"href":"https:\/\/www.livresentre2actions.fr\/fr_fr\/wp-json\/wp\/v2\/media?parent=12957"}],"wp:term":[{"taxonomy":"product_brand","embeddable":true,"href":"https:\/\/www.livresentre2actions.fr\/fr_fr\/wp-json\/wp\/v2\/product_brand?post=12957"},{"taxonomy":"product_cat","embeddable":true,"href":"https:\/\/www.livresentre2actions.fr\/fr_fr\/wp-json\/wp\/v2\/product_cat?post=12957"},{"taxonomy":"product_tag","embeddable":true,"href":"https:\/\/www.livresentre2actions.fr\/fr_fr\/wp-json\/wp\/v2\/product_tag?post=12957"}],"curies":[{"name":"wp","href":"https:\/\/api.w.org\/{rel}","templated":true}]}}