{"id":12899,"date":"2025-05-29T17:06:27","date_gmt":"2025-05-29T15:06:27","guid":{"rendered":"https:\/\/www.livresentre2actions.fr\/?post_type=product&#038;p=12899"},"modified":"2025-08-25T14:22:13","modified_gmt":"2025-08-25T12:22:13","slug":"patria-1ere-et-2eme-parties","status":"publish","type":"product","link":"https:\/\/www.livresentre2actions.fr\/fr_fr\/produit\/patria-1ere-et-2eme-parties\/","title":{"rendered":"Patria, 1\u00e8re et 2\u00e8me parties"},"content":{"rendered":"<p>La France, ancienne et moderne, morale et mat\u00e9rielle, ou collection encyclop\u00e9dique et statistique, 2 tomes complet Pleine percaline bleue, dos long orn\u00e9 des titre, partie et tomaison, plats sup\u00e9rieurs orn\u00e9s de Notre-Dame, plats inf\u00e9rieur d\u2019un motif floral, 196 x 125, 1847. 2751p. (pour les deux vols.) Suivi de l\u2019index, 124p. Et de la Table analytique des mati\u00e8res. Nombreux tableaux, illustrations, cartes (dont deux couleur). Int\u00e9rieur propre, reliures un peu frott\u00e9es mais bonnes.<\/p>\n","protected":false},"excerpt":{"rendered":"<p>La France, ancienne et moderne, morale et mat\u00e9rielle, ou collection encyclop\u00e9dique et statistique, 2 tomes complet Pleine percaline bleue, dos long orn\u00e9 des titre, partie et tomaison, plats sup\u00e9rieurs orn\u00e9s de Notre-Dame, plats inf\u00e9rieur d\u2019un motif floral, 196 x 125, 1847. 2751p. (pour les deux vols.) Suivi de l\u2019index, 124p. Et de la Table analytique &#8230; <a title=\"Patria, 1\u00e8re et 2\u00e8me parties\" class=\"read-more\" href=\"https:\/\/www.livresentre2actions.fr\/fr_fr\/produit\/patria-1ere-et-2eme-parties\/\" aria-label=\"En savoir plus sur Patria, 1\u00e8re et 2\u00e8me parties\">Lire plus<\/a><\/p>\n","protected":false},"featured_media":12900,"template":"","meta":{"_eb_attr":""},"product_brand":[],"product_cat":[36,71,73],"product_tag":[],"class_list":{"0":"post-12899","1":"product","2":"type-product","3":"status-publish","4":"has-post-thumbnail","6":"product_cat-entre-le-xviiieme-et-le-xixeme-siecle","7":"product_cat-illustres-modernes-editions-originales-signees-numerotees","8":"product_cat-histoires-et-recits-de-voyage","9":"sales-flash-overlay","10":"woocommerce-text-align-center","11":"woocommerce-image-align-center","12":"wc-has-gallery","14":"first","15":"instock","16":"taxable","17":"shipping-taxable","18":"purchasable","19":"product-type-simple"},"aioseo_notices":[],"_links":{"self":[{"href":"https:\/\/www.livresentre2actions.fr\/fr_fr\/wp-json\/wp\/v2\/product\/12899","targetHints":{"allow":["GET"]}}],"collection":[{"href":"https:\/\/www.livresentre2actions.fr\/fr_fr\/wp-json\/wp\/v2\/product"}],"about":[{"href":"https:\/\/www.livresentre2actions.fr\/fr_fr\/wp-json\/wp\/v2\/types\/product"}],"wp:featuredmedia":[{"embeddable":true,"href":"https:\/\/www.livresentre2actions.fr\/fr_fr\/wp-json\/wp\/v2\/media\/12900"}],"wp:attachment":[{"href":"https:\/\/www.livresentre2actions.fr\/fr_fr\/wp-json\/wp\/v2\/media?parent=12899"}],"wp:term":[{"taxonomy":"product_brand","embeddable":true,"href":"https:\/\/www.livresentre2actions.fr\/fr_fr\/wp-json\/wp\/v2\/product_brand?post=12899"},{"taxonomy":"product_cat","embeddable":true,"href":"https:\/\/www.livresentre2actions.fr\/fr_fr\/wp-json\/wp\/v2\/product_cat?post=12899"},{"taxonomy":"product_tag","embeddable":true,"href":"https:\/\/www.livresentre2actions.fr\/fr_fr\/wp-json\/wp\/v2\/product_tag?post=12899"}],"curies":[{"name":"wp","href":"https:\/\/api.w.org\/{rel}","templated":true}]}}