{"id":12876,"date":"2025-05-29T17:03:50","date_gmt":"2025-05-29T15:03:50","guid":{"rendered":"https:\/\/www.livresentre2actions.fr\/?post_type=product&#038;p=12876"},"modified":"2025-05-29T17:03:51","modified_gmt":"2025-05-29T15:03:51","slug":"anthelme-richerand-nosographie-chirurgicale-1808","status":"publish","type":"product","link":"https:\/\/www.livresentre2actions.fr\/fr_fr\/produit\/anthelme-richerand-nosographie-chirurgicale-1808\/","title":{"rendered":"Anthelme Richerand &#8211; Nosographie chirurgicale &#8211; 1808"},"content":{"rendered":"<p>Anthelme Richerand &#8211; Nosographie chirurgicale &#8211; 1808 Cartonnage d\u2019\u00e9diteur \u00e0 dos long marbr\u00e9, orn\u00e9 pi\u00e8ces de titre et tomaison, 225 x 143, 1808. Seconde \u00e9dition revue, corrig\u00e9e et augment\u00e9e. T1, 432p. Avec table. Comprend : (VIII-XVIpp.) &#8211; 2-432pp. T2, 424p ; avec table. T3, 562p ; avec table. (une page de table restaur\u00e9e avec petite perte de texte en pied de page). T4, 499p. Avec table. Comprend deux feuillets manuscrits d\u2019\u00e9poque, pli\u00e9s en volets, et qui sans doute n\u2019en formaient qu\u2019un et ont \u00e9t\u00e9 s\u00e9par\u00e9s imparfaitement, reprenant le Tableau nosograpique de Pinel ; Classe 1\u00e8re fi\u00e8vre, avec manque en pied du dernier volet ; et Classe 2\u00e8 Phlegmasies avec manque en t\u00eate du dernier volet. Pour les quatre volumes et les feuillets : pages insol\u00e9s avec rousseurs l\u00e9g\u00e8res. Plats et dos frott\u00e9s ; dos du T1 qui se d\u00e9colle. Bien fermes. Nous joignons : Manuel de Sant\u00e9, ou nouveaux \u00e9l\u00e9mens de m\u00e9deicne pratique, d&rsquo;apr\u00e8s l&rsquo;\u00e9tat actuel de la m\u00e9thode analytique de Penel et de Bichat, par L. J. M. Robert, tome II, 1805. Pleine basane tabac, dos long orn\u00e9 des pi\u00e8ces de titre et tomaison, plats avec encadrement \u00e0 frise. Coiffe avec d\u00e9chirure et petit manque. pagin\u00e9 418 &#8211; 917, avec table. Int\u00e9rieur propre. Ce tome second comprend notamment deux formulaires : Formulaire rationnel, pagin\u00e9 788 \u00e0 850 ; et un Formulaire empirique, pagin\u00e9 852 \u00e0 902.<\/p>\n","protected":false},"excerpt":{"rendered":"<p>Anthelme Richerand &#8211; Nosographie chirurgicale &#8211; 1808 Cartonnage d\u2019\u00e9diteur \u00e0 dos long marbr\u00e9, orn\u00e9 pi\u00e8ces de titre et tomaison, 225 x 143, 1808. Seconde \u00e9dition revue, corrig\u00e9e et augment\u00e9e. T1, 432p. Avec table. Comprend : (VIII-XVIpp.) &#8211; 2-432pp. T2, 424p ; avec table. T3, 562p ; avec table. (une page de table restaur\u00e9e avec petite &#8230; <a title=\"Anthelme Richerand &#8211; Nosographie chirurgicale &#8211; 1808\" class=\"read-more\" href=\"https:\/\/www.livresentre2actions.fr\/fr_fr\/produit\/anthelme-richerand-nosographie-chirurgicale-1808\/\" aria-label=\"En savoir plus sur Anthelme Richerand &#8211; Nosographie chirurgicale &#8211; 1808\">Lire plus<\/a><\/p>\n","protected":false},"featured_media":12877,"template":"","meta":{"_eb_attr":""},"product_brand":[],"product_cat":[36,70],"product_tag":[],"class_list":{"0":"post-12876","1":"product","2":"type-product","3":"status-publish","4":"has-post-thumbnail","6":"product_cat-entre-le-xviiieme-et-le-xixeme-siecle","7":"product_cat-medecine-et-nature","8":"sales-flash-overlay","9":"woocommerce-text-align-center","10":"woocommerce-image-align-center","11":"wc-has-gallery","13":"first","14":"instock","15":"taxable","16":"shipping-taxable","17":"purchasable","18":"product-type-simple"},"aioseo_notices":[],"_links":{"self":[{"href":"https:\/\/www.livresentre2actions.fr\/fr_fr\/wp-json\/wp\/v2\/product\/12876","targetHints":{"allow":["GET"]}}],"collection":[{"href":"https:\/\/www.livresentre2actions.fr\/fr_fr\/wp-json\/wp\/v2\/product"}],"about":[{"href":"https:\/\/www.livresentre2actions.fr\/fr_fr\/wp-json\/wp\/v2\/types\/product"}],"wp:featuredmedia":[{"embeddable":true,"href":"https:\/\/www.livresentre2actions.fr\/fr_fr\/wp-json\/wp\/v2\/media\/12877"}],"wp:attachment":[{"href":"https:\/\/www.livresentre2actions.fr\/fr_fr\/wp-json\/wp\/v2\/media?parent=12876"}],"wp:term":[{"taxonomy":"product_brand","embeddable":true,"href":"https:\/\/www.livresentre2actions.fr\/fr_fr\/wp-json\/wp\/v2\/product_brand?post=12876"},{"taxonomy":"product_cat","embeddable":true,"href":"https:\/\/www.livresentre2actions.fr\/fr_fr\/wp-json\/wp\/v2\/product_cat?post=12876"},{"taxonomy":"product_tag","embeddable":true,"href":"https:\/\/www.livresentre2actions.fr\/fr_fr\/wp-json\/wp\/v2\/product_tag?post=12876"}],"curies":[{"name":"wp","href":"https:\/\/api.w.org\/{rel}","templated":true}]}}