{"id":12863,"date":"2025-05-29T16:58:50","date_gmt":"2025-05-29T14:58:50","guid":{"rendered":"https:\/\/www.livresentre2actions.fr\/?post_type=product&#038;p=12863"},"modified":"2025-08-25T14:22:14","modified_gmt":"2025-08-25T12:22:14","slug":"les-contes-drolatiques-balzac-dore","status":"publish","type":"product","link":"https:\/\/www.livresentre2actions.fr\/fr_fr\/produit\/les-contes-drolatiques-balzac-dore\/","title":{"rendered":"Les contes drolatiques &#8211; Balzac \/ Dor\u00e9"},"content":{"rendered":"<p>Librairie Garnier Fr\u00e8res &#8211; Demi-veau blond \u00e0 coins, dos long d\u00e9cor\u00e9, 200 x 142, 614p. 1937. Edition illustr\u00e9e de 425 dessins de Gustave Dor\u00e9. Tr\u00e8s bel exemplaire (int\u00e9rieur, reliure), propre, int\u00e8gre, bien ferme.<\/p>\n","protected":false},"excerpt":{"rendered":"<p>Librairie Garnier Fr\u00e8res &#8211; Demi-veau blond \u00e0 coins, dos long d\u00e9cor\u00e9, 200 x 142, 614p. 1937. Edition illustr\u00e9e de 425 dessins de Gustave Dor\u00e9. Tr\u00e8s bel exemplaire (int\u00e9rieur, reliure), propre, int\u00e8gre, bien ferme.<\/p>\n","protected":false},"featured_media":12864,"template":"","meta":{"_eb_attr":""},"product_brand":[],"product_cat":[37,71,76],"product_tag":[],"class_list":{"0":"post-12863","1":"product","2":"type-product","3":"status-publish","4":"has-post-thumbnail","6":"product_cat-a-partir-du-xxeme-siecle","7":"product_cat-illustres-modernes-editions-originales-signees-numerotees","8":"product_cat-poesie-theatre-prose","9":"sales-flash-overlay","10":"woocommerce-text-align-center","11":"woocommerce-image-align-center","12":"wc-has-gallery","14":"first","15":"instock","16":"taxable","17":"shipping-taxable","18":"purchasable","19":"product-type-simple"},"aioseo_notices":[],"_links":{"self":[{"href":"https:\/\/www.livresentre2actions.fr\/fr_fr\/wp-json\/wp\/v2\/product\/12863","targetHints":{"allow":["GET"]}}],"collection":[{"href":"https:\/\/www.livresentre2actions.fr\/fr_fr\/wp-json\/wp\/v2\/product"}],"about":[{"href":"https:\/\/www.livresentre2actions.fr\/fr_fr\/wp-json\/wp\/v2\/types\/product"}],"wp:featuredmedia":[{"embeddable":true,"href":"https:\/\/www.livresentre2actions.fr\/fr_fr\/wp-json\/wp\/v2\/media\/12864"}],"wp:attachment":[{"href":"https:\/\/www.livresentre2actions.fr\/fr_fr\/wp-json\/wp\/v2\/media?parent=12863"}],"wp:term":[{"taxonomy":"product_brand","embeddable":true,"href":"https:\/\/www.livresentre2actions.fr\/fr_fr\/wp-json\/wp\/v2\/product_brand?post=12863"},{"taxonomy":"product_cat","embeddable":true,"href":"https:\/\/www.livresentre2actions.fr\/fr_fr\/wp-json\/wp\/v2\/product_cat?post=12863"},{"taxonomy":"product_tag","embeddable":true,"href":"https:\/\/www.livresentre2actions.fr\/fr_fr\/wp-json\/wp\/v2\/product_tag?post=12863"}],"curies":[{"name":"wp","href":"https:\/\/api.w.org\/{rel}","templated":true}]}}