{"id":12827,"date":"2025-05-29T16:47:07","date_gmt":"2025-05-29T14:47:07","guid":{"rendered":"https:\/\/www.livresentre2actions.fr\/?post_type=product&#038;p=12827"},"modified":"2025-05-29T16:47:08","modified_gmt":"2025-05-29T14:47:08","slug":"histoire-du-socialisme-en-france-de-la-revolution-a-nos-jours","status":"publish","type":"product","link":"https:\/\/www.livresentre2actions.fr\/fr_fr\/produit\/histoire-du-socialisme-en-france-de-la-revolution-a-nos-jours\/","title":{"rendered":"Histoire du socialisme en France. De la r\u00e9volution \u00e0 nos jours"},"content":{"rendered":"<p>Paul Louis &#8211; Librairie des sciences politiques et sociales Marcel Rivi\u00e8re<\/p>\n<p>Demi-percaline olive \u00e0 dos long orn\u00e9 des titre et auteur, 210 x 145, 416p. 1925. Avec nombreux portraits dans le texte. Int\u00e9rieur insol\u00e9 mais propre, reliure un peu frott\u00e9e mais bonne. Bon exemplaire bien ferme.<\/p>\n","protected":false},"excerpt":{"rendered":"<p>Paul Louis &#8211; Librairie des sciences politiques et sociales Marcel Rivi\u00e8re Demi-percaline olive \u00e0 dos long orn\u00e9 des titre et auteur, 210 x 145, 416p. 1925. Avec nombreux portraits dans le texte. Int\u00e9rieur insol\u00e9 mais propre, reliure un peu frott\u00e9e mais bonne. Bon exemplaire bien ferme.<\/p>\n","protected":false},"featured_media":12828,"template":"","meta":{"_eb_attr":""},"product_brand":[],"product_cat":[37,73],"product_tag":[],"class_list":{"0":"post-12827","1":"product","2":"type-product","3":"status-publish","4":"has-post-thumbnail","6":"product_cat-a-partir-du-xxeme-siecle","7":"product_cat-histoires-et-recits-de-voyage","8":"sales-flash-overlay","9":"woocommerce-text-align-center","10":"woocommerce-image-align-center","11":"wc-has-gallery","13":"first","14":"instock","15":"taxable","16":"shipping-taxable","17":"purchasable","18":"product-type-simple"},"aioseo_notices":[],"_links":{"self":[{"href":"https:\/\/www.livresentre2actions.fr\/fr_fr\/wp-json\/wp\/v2\/product\/12827","targetHints":{"allow":["GET"]}}],"collection":[{"href":"https:\/\/www.livresentre2actions.fr\/fr_fr\/wp-json\/wp\/v2\/product"}],"about":[{"href":"https:\/\/www.livresentre2actions.fr\/fr_fr\/wp-json\/wp\/v2\/types\/product"}],"wp:featuredmedia":[{"embeddable":true,"href":"https:\/\/www.livresentre2actions.fr\/fr_fr\/wp-json\/wp\/v2\/media\/12828"}],"wp:attachment":[{"href":"https:\/\/www.livresentre2actions.fr\/fr_fr\/wp-json\/wp\/v2\/media?parent=12827"}],"wp:term":[{"taxonomy":"product_brand","embeddable":true,"href":"https:\/\/www.livresentre2actions.fr\/fr_fr\/wp-json\/wp\/v2\/product_brand?post=12827"},{"taxonomy":"product_cat","embeddable":true,"href":"https:\/\/www.livresentre2actions.fr\/fr_fr\/wp-json\/wp\/v2\/product_cat?post=12827"},{"taxonomy":"product_tag","embeddable":true,"href":"https:\/\/www.livresentre2actions.fr\/fr_fr\/wp-json\/wp\/v2\/product_tag?post=12827"}],"curies":[{"name":"wp","href":"https:\/\/api.w.org\/{rel}","templated":true}]}}