{"id":12799,"date":"2025-05-28T18:08:50","date_gmt":"2025-05-28T16:08:50","guid":{"rendered":"https:\/\/www.livresentre2actions.fr\/?post_type=product&#038;p=12799"},"modified":"2025-08-25T14:22:15","modified_gmt":"2025-08-25T12:22:15","slug":"la-vie-de-st-athanase-patriarche-dalexandrie-godefroy-hermant","status":"publish","type":"product","link":"https:\/\/www.livresentre2actions.fr\/fr_fr\/produit\/la-vie-de-st-athanase-patriarche-dalexandrie-godefroy-hermant\/","title":{"rendered":"La vie de St Athanase patriarche d&rsquo;Alexandrie &#8211; Godefroy HERMANT"},"content":{"rendered":"<p>La vie de St Athanase patriarche d&rsquo;Alexandrie \u00a0Divis\u00e9e en dovze livres. Qui comprend encore l&rsquo;histoire de S. Eustathe d&rsquo;Antioche, de S. Paul de Constantinople, de S. Hilaire de Poitiers, de S. Eusebe de Verceil, des papes Jules &amp; Libere, &amp; de plusieurs autres saints; avec la naissance &amp; le progres de l&rsquo;Arianisme. Tome I, seul<\/p>\n<p>Chez Jean Du Puy &#8211; Plein veau dos \u00e0 cinq nerfs, caissons orn\u00e9s, pi\u00e8ce de titre, tranches jasp\u00e9es rouges, 258 x 195, 750p. Avec table. 1671. Edition originale. Sans garde ni faux-titre, ni titre. [Date et \u00e9dition d\u00e9duite du Privil\u00e8ge du Roy et l\u2019achev\u00e9 d\u2019imprimer de 1671 et toutes les approbations \u00e0 la suite]. Comprend\u00a0: Adresse \u00e0 l\u2019archevesque de Nazianze, 6p. avec tr\u00e8s bel ent\u00eate all\u00e9gorique et grav\u00e9 aux armes, ainsi qu\u2018une lettrine histori\u00e9e (un ex-libris manuscrit en marge de t\u00eate)\u00a0; Avertissement avec un bandeau aux armes, 9p.\u00a0; Privil\u00e8ge et approbations, 9p. Puis le texte Livres I et VI, s\u2019ouvrant avec un bel ent\u00eate grav\u00e9 all\u00e9gorique Saint-Michel et le dragon, \u00ab\u00a0Michael pugnabat cum dragone\u00a0\u00bb, et une lettrine. Comme chaque livre, ent\u00eate grav\u00e9 avec inscription latine, lettrine. Cul-de-lampe \u00e0 la fin de chaque livre. De p. 687 \u00e0 fin, Eclaircissemens sur divers endroits de l\u2019histoire de S. Athanase. Int\u00e9rieur globalement propre, rousseurs en marge, rares tache dans le texte. Page 7- 8 manquante au 2\/3. Des annotations rares\u00a0: p;50 une partie biff\u00e9e et r\u00e9\u00e9crite en dessous\u00a0; p.63 de m\u00eame \u00ab\u00a0avoit\u00a0\u00bb pour \u00ab\u00a0n\u2019ont\u00a0\u00bb, p.176, 503 id.\u00a0; des corrections de m\u00eame dans des notes de marge sur une double page. Le d\u00e9faut majeur est \u00e0 la reliure\u00a0: le mors sup\u00e9rieur est ouvert et ne tient plus qu\u2019\u00e0 un nerf, le dernier en pied. Des manques en coiffe et queue\u00a0; coins \u00e9mouss\u00e9s dont un rogn\u00e9, un champ avec un carton apparent\u00a0; mors fendu en t\u00eate de plat inf\u00e9rieur, lequel pr\u00e9sente une restauration le long du mors en pied. Exemplaire d\u2019une \u0153uvre peu courante, en \u00e9dition originale d\u2019autant moins et qui m\u00e9rite une restauration.<\/p>\n","protected":false},"excerpt":{"rendered":"<p>La vie de St Athanase patriarche d&rsquo;Alexandrie \u00a0Divis\u00e9e en dovze livres. Qui comprend encore l&rsquo;histoire de S. Eustathe d&rsquo;Antioche, de S. Paul de Constantinople, de S. Hilaire de Poitiers, de S. Eusebe de Verceil, des papes Jules &amp; Libere, &amp; de plusieurs autres saints; avec la naissance &amp; le progres de l&rsquo;Arianisme. Tome I, seul &#8230; <a title=\"La vie de St Athanase patriarche d&rsquo;Alexandrie &#8211; Godefroy HERMANT\" class=\"read-more\" href=\"https:\/\/www.livresentre2actions.fr\/fr_fr\/produit\/la-vie-de-st-athanase-patriarche-dalexandrie-godefroy-hermant\/\" aria-label=\"En savoir plus sur La vie de St Athanase patriarche d&rsquo;Alexandrie &#8211; Godefroy HERMANT\">Lire plus<\/a><\/p>\n","protected":false},"featured_media":12800,"template":"","meta":{"_eb_attr":""},"product_brand":[],"product_cat":[35,71,68],"product_tag":[],"class_list":{"0":"post-12799","1":"product","2":"type-product","3":"status-publish","4":"has-post-thumbnail","6":"product_cat-jusquau-xviiemesiecle","7":"product_cat-illustres-modernes-editions-originales-signees-numerotees","8":"product_cat-religion-spiritualite","9":"sales-flash-overlay","10":"woocommerce-text-align-center","11":"woocommerce-image-align-center","12":"wc-has-gallery","14":"first","15":"instock","16":"taxable","17":"shipping-taxable","18":"purchasable","19":"product-type-simple"},"aioseo_notices":[],"_links":{"self":[{"href":"https:\/\/www.livresentre2actions.fr\/fr_fr\/wp-json\/wp\/v2\/product\/12799","targetHints":{"allow":["GET"]}}],"collection":[{"href":"https:\/\/www.livresentre2actions.fr\/fr_fr\/wp-json\/wp\/v2\/product"}],"about":[{"href":"https:\/\/www.livresentre2actions.fr\/fr_fr\/wp-json\/wp\/v2\/types\/product"}],"wp:featuredmedia":[{"embeddable":true,"href":"https:\/\/www.livresentre2actions.fr\/fr_fr\/wp-json\/wp\/v2\/media\/12800"}],"wp:attachment":[{"href":"https:\/\/www.livresentre2actions.fr\/fr_fr\/wp-json\/wp\/v2\/media?parent=12799"}],"wp:term":[{"taxonomy":"product_brand","embeddable":true,"href":"https:\/\/www.livresentre2actions.fr\/fr_fr\/wp-json\/wp\/v2\/product_brand?post=12799"},{"taxonomy":"product_cat","embeddable":true,"href":"https:\/\/www.livresentre2actions.fr\/fr_fr\/wp-json\/wp\/v2\/product_cat?post=12799"},{"taxonomy":"product_tag","embeddable":true,"href":"https:\/\/www.livresentre2actions.fr\/fr_fr\/wp-json\/wp\/v2\/product_tag?post=12799"}],"curies":[{"name":"wp","href":"https:\/\/api.w.org\/{rel}","templated":true}]}}