{"id":12782,"date":"2025-05-28T18:03:53","date_gmt":"2025-05-28T16:03:53","guid":{"rendered":"https:\/\/www.livresentre2actions.fr\/?post_type=product&#038;p=12782"},"modified":"2025-08-25T14:22:15","modified_gmt":"2025-08-25T12:22:15","slug":"les-martyrs-de-la-siberie-tomes-i-a-iv-complet-a-de-lamothe","status":"publish","type":"product","link":"https:\/\/www.livresentre2actions.fr\/fr_fr\/produit\/les-martyrs-de-la-siberie-tomes-i-a-iv-complet-a-de-lamothe\/","title":{"rendered":"Les martyrs de la Sib\u00e9rie, tomes I \u00e0 IV, complet &#8211; A. de Lamothe"},"content":{"rendered":"<p>Ch. Bl\u00e9riot &#8211; Demi-veau brun, dos \u00e0 faux-nerfs orn\u00e9 des titre, auteur, tomaison, 181 x 121, Nouvelle \u00e9dition, 1873. T1, 296p. Hors table (table des mati\u00e8res d\u00e9tach\u00e9es). T2, 278p. T3, 268p. T4 et dernier, 210p. Hors tables. T1, avec 24 ill dont 19 pleines pages hors texte. T2, 8 ill. Dont 5 pleines pages hors texte. T3, 4 ill. dont 2 pleine pages hors texte. T4, 4 illustrations dont 3 pleine page hors texte. Pour les 4 tomes, int\u00e9rieur avec rousseurs, avec le T1 plus d\u00e9fra\u00eechi. Ce qui st aussi le cas pour sa reliure avec des plats davantage frott\u00e9s que pour les 3 autres volumes. Table du t1 d\u00e9tach\u00e9e. Bloc-livre du T1 plus totalement align\u00e9, des cahiers sortent un peu. Pour tous les volumes, coins, champs et dos frott\u00e9s avec \u00e9pidermures, coins \u00e9mouss\u00e9s. Rare ensemble complet.<\/p>\n","protected":false},"excerpt":{"rendered":"<p>Ch. Bl\u00e9riot &#8211; Demi-veau brun, dos \u00e0 faux-nerfs orn\u00e9 des titre, auteur, tomaison, 181 x 121, Nouvelle \u00e9dition, 1873. T1, 296p. Hors table (table des mati\u00e8res d\u00e9tach\u00e9es). T2, 278p. T3, 268p. T4 et dernier, 210p. Hors tables. T1, avec 24 ill dont 19 pleines pages hors texte. T2, 8 ill. Dont 5 pleines pages hors &#8230; <a title=\"Les martyrs de la Sib\u00e9rie, tomes I \u00e0 IV, complet &#8211; A. de Lamothe\" class=\"read-more\" href=\"https:\/\/www.livresentre2actions.fr\/fr_fr\/produit\/les-martyrs-de-la-siberie-tomes-i-a-iv-complet-a-de-lamothe\/\" aria-label=\"En savoir plus sur Les martyrs de la Sib\u00e9rie, tomes I \u00e0 IV, complet &#8211; A. de Lamothe\">Lire plus<\/a><\/p>\n","protected":false},"featured_media":12783,"template":"","meta":{"_eb_attr":""},"product_brand":[],"product_cat":[36,71,76],"product_tag":[],"class_list":{"0":"post-12782","1":"product","2":"type-product","3":"status-publish","4":"has-post-thumbnail","6":"product_cat-entre-le-xviiieme-et-le-xixeme-siecle","7":"product_cat-illustres-modernes-editions-originales-signees-numerotees","8":"product_cat-poesie-theatre-prose","9":"sales-flash-overlay","10":"woocommerce-text-align-center","11":"woocommerce-image-align-center","12":"wc-has-gallery","14":"first","15":"instock","16":"taxable","17":"shipping-taxable","18":"purchasable","19":"product-type-simple"},"aioseo_notices":[],"_links":{"self":[{"href":"https:\/\/www.livresentre2actions.fr\/fr_fr\/wp-json\/wp\/v2\/product\/12782","targetHints":{"allow":["GET"]}}],"collection":[{"href":"https:\/\/www.livresentre2actions.fr\/fr_fr\/wp-json\/wp\/v2\/product"}],"about":[{"href":"https:\/\/www.livresentre2actions.fr\/fr_fr\/wp-json\/wp\/v2\/types\/product"}],"wp:featuredmedia":[{"embeddable":true,"href":"https:\/\/www.livresentre2actions.fr\/fr_fr\/wp-json\/wp\/v2\/media\/12783"}],"wp:attachment":[{"href":"https:\/\/www.livresentre2actions.fr\/fr_fr\/wp-json\/wp\/v2\/media?parent=12782"}],"wp:term":[{"taxonomy":"product_brand","embeddable":true,"href":"https:\/\/www.livresentre2actions.fr\/fr_fr\/wp-json\/wp\/v2\/product_brand?post=12782"},{"taxonomy":"product_cat","embeddable":true,"href":"https:\/\/www.livresentre2actions.fr\/fr_fr\/wp-json\/wp\/v2\/product_cat?post=12782"},{"taxonomy":"product_tag","embeddable":true,"href":"https:\/\/www.livresentre2actions.fr\/fr_fr\/wp-json\/wp\/v2\/product_tag?post=12782"}],"curies":[{"name":"wp","href":"https:\/\/api.w.org\/{rel}","templated":true}]}}