{"id":12694,"date":"2025-05-27T15:56:08","date_gmt":"2025-05-27T13:56:08","guid":{"rendered":"https:\/\/www.livresentre2actions.fr\/?post_type=product&#038;p=12694"},"modified":"2025-08-25T14:22:18","modified_gmt":"2025-08-25T12:22:18","slug":"ko-ji-ki-chronique-des-choses-anciennes","status":"publish","type":"product","link":"https:\/\/www.livresentre2actions.fr\/fr_fr\/produit\/ko-ji-ki-chronique-des-choses-anciennes\/","title":{"rendered":"KO JI KI. Chronique des choses anciennes"},"content":{"rendered":"<p>Masumi et Maryse SHIBATA (intr. trad. Et notes)<\/p>\n<p>Maisonneuve et Larose &#8211; Broch\u00e9, 225 x 142, 259p. Hors Glossaire et table. 1969. Premi\u00e8re \u00e9dition. Avec une grande planche d\u00e9pliante en trois parties (2 volantes) dans le glossaire, sur la G\u00e9n\u00e9alogie des Kami. Int\u00e9rieur propre. Rousseurs l\u00e9g\u00e8res sur la tranche de t\u00eate. Couvertures et dos salies\/gris\u00e9es, avec traces\/taches, un coin de couverture rogn\u00e9\u00a0; pied de dos avec une d\u00e9chirure et un petit manque. Le Kojiki (\u53e4\u4e8b\u8a18?, litt. Chronique des faits anciens aussi prononc\u00e9 Furukoto fumi) est un recueil de mythes concernant l\u2019origine des \u00eeles formant le Japon et des kamis, divinit\u00e9s du shinto\u00efsme.<\/p>\n","protected":false},"excerpt":{"rendered":"<p>Masumi et Maryse SHIBATA (intr. trad. Et notes) Maisonneuve et Larose &#8211; Broch\u00e9, 225 x 142, 259p. Hors Glossaire et table. 1969. Premi\u00e8re \u00e9dition. Avec une grande planche d\u00e9pliante en trois parties (2 volantes) dans le glossaire, sur la G\u00e9n\u00e9alogie des Kami. Int\u00e9rieur propre. Rousseurs l\u00e9g\u00e8res sur la tranche de t\u00eate. Couvertures et dos salies\/gris\u00e9es, &#8230; <a title=\"KO JI KI. Chronique des choses anciennes\" class=\"read-more\" href=\"https:\/\/www.livresentre2actions.fr\/fr_fr\/produit\/ko-ji-ki-chronique-des-choses-anciennes\/\" aria-label=\"En savoir plus sur KO JI KI. Chronique des choses anciennes\">Lire plus<\/a><\/p>\n","protected":false},"featured_media":0,"template":"","meta":{"_eb_attr":""},"product_brand":[],"product_cat":[37,75,71,68],"product_tag":[],"class_list":{"0":"post-12694","1":"product","2":"type-product","3":"status-publish","5":"product_cat-a-partir-du-xxeme-siecle","6":"product_cat-art","7":"product_cat-illustres-modernes-editions-originales-signees-numerotees","8":"product_cat-religion-spiritualite","9":"sales-flash-overlay","10":"woocommerce-text-align-center","11":"woocommerce-image-align-center","13":"first","14":"outofstock","15":"taxable","16":"shipping-taxable","17":"purchasable","18":"product-type-simple"},"aioseo_notices":[],"_links":{"self":[{"href":"https:\/\/www.livresentre2actions.fr\/fr_fr\/wp-json\/wp\/v2\/product\/12694","targetHints":{"allow":["GET"]}}],"collection":[{"href":"https:\/\/www.livresentre2actions.fr\/fr_fr\/wp-json\/wp\/v2\/product"}],"about":[{"href":"https:\/\/www.livresentre2actions.fr\/fr_fr\/wp-json\/wp\/v2\/types\/product"}],"wp:attachment":[{"href":"https:\/\/www.livresentre2actions.fr\/fr_fr\/wp-json\/wp\/v2\/media?parent=12694"}],"wp:term":[{"taxonomy":"product_brand","embeddable":true,"href":"https:\/\/www.livresentre2actions.fr\/fr_fr\/wp-json\/wp\/v2\/product_brand?post=12694"},{"taxonomy":"product_cat","embeddable":true,"href":"https:\/\/www.livresentre2actions.fr\/fr_fr\/wp-json\/wp\/v2\/product_cat?post=12694"},{"taxonomy":"product_tag","embeddable":true,"href":"https:\/\/www.livresentre2actions.fr\/fr_fr\/wp-json\/wp\/v2\/product_tag?post=12694"}],"curies":[{"name":"wp","href":"https:\/\/api.w.org\/{rel}","templated":true}]}}