{"id":12660,"date":"2025-05-27T13:02:12","date_gmt":"2025-05-27T11:02:12","guid":{"rendered":"https:\/\/www.livresentre2actions.fr\/?post_type=product&#038;p=12660"},"modified":"2025-10-03T15:51:05","modified_gmt":"2025-10-03T13:51:05","slug":"la-vie-de-messire-claude-expilly","status":"publish","type":"product","link":"https:\/\/www.livresentre2actions.fr\/fr_fr\/produit\/la-vie-de-messire-claude-expilly\/","title":{"rendered":"La Vie de Messire Claude Expilly"},"content":{"rendered":"<p>La Vie de Messire Claude Expilly, chevalier-conseiller du Roy en son Conseil d&rsquo;Etat, &amp; Pr\u00e9sident au Parlement de Grenoble<\/p>\n<p>Me Antoine Boniel de Catilhon, conseiller du Roy &amp; advocat general de S. M. en sa Chambre des Comptes &amp; Cour des Finances de Dauphin\u00e9<\/p>\n<p>Chez Philippe Charuys &#8211; Plein veau granit\u00e9, plats \u00e0 encadrement liser\u00e9, dos \u00e0 quatre nerfs orn\u00e9 d\u2019une pi\u00e8ce de titre et de liser\u00e9s, tracnhes jasp\u00e9es rouge, 225 x 160,166p. 1660. Edition originale et unique \u00e9dition, par le neveu de Claude Expilly. Portrait grav\u00e9 en frontispice. In fine, p. 147 \u00e0 fin, L\u2019\u00e9loge en latin que donna Giacomo Filippo Tomasini, \u00e9rudit et homme d\u2019\u00e9glise italien, \u00e9v\u00eaque de Aemoniensis [Cittanova (Novigrad), dioc\u00e8se supprim\u00e9 en 1828] pour honorer la m\u00e9moire de Claude Expilly. Ex-libris manuscrit au titre\u00a0et une mention manuscrite en contreplat sup\u00e9rieur dat\u00e9e de 1842 concernant l\u2019achat du volume chez un libraire \u00ab\u00a0Marshall\u00a0\u00bb (?) de Grenoble. Int\u00e9rieur avec rousseurs continues, d\u2019intensit\u00e9 variable\u00a0; mouillure continue plus ou moins marqu\u00e9e en pied de page, ainsi qu\u2019une travail de vers en marge en pied de page de p.59 \u00e0 fin (d\u2019abord un simple un trou d\u2019aiguille puis de 155 \u00e0 fin plus large.) Reliure en tr\u00e8s bel \u00e9tat, travail de ver marginal sur les plat, coins et champs bons, dos avec frottements mais tr\u00e8s bons. Bon exemplaire.<\/p>\n","protected":false},"excerpt":{"rendered":"<p>La Vie de Messire Claude Expilly, chevalier-conseiller du Roy en son Conseil d&rsquo;Etat, &amp; Pr\u00e9sident au Parlement de Grenoble Me Antoine Boniel de Catilhon, conseiller du Roy &amp; advocat general de S. M. en sa Chambre des Comptes &amp; Cour des Finances de Dauphin\u00e9 Chez Philippe Charuys &#8211; Plein veau granit\u00e9, plats \u00e0 encadrement liser\u00e9, &#8230; <a title=\"La Vie de Messire Claude Expilly\" class=\"read-more\" href=\"https:\/\/www.livresentre2actions.fr\/fr_fr\/produit\/la-vie-de-messire-claude-expilly\/\" aria-label=\"En savoir plus sur La Vie de Messire Claude Expilly\">Lire plus<\/a><\/p>\n","protected":false},"featured_media":12661,"template":"","meta":{"_eb_attr":""},"product_brand":[],"product_cat":[35,71,73],"product_tag":[],"class_list":{"0":"post-12660","1":"product","2":"type-product","3":"status-publish","4":"has-post-thumbnail","6":"product_cat-jusquau-xviiemesiecle","7":"product_cat-illustres-modernes-editions-originales-signees-numerotees","8":"product_cat-histoires-et-recits-de-voyage","9":"sales-flash-overlay","10":"woocommerce-text-align-center","11":"woocommerce-image-align-center","12":"wc-has-gallery","14":"first","15":"instock","16":"taxable","17":"shipping-taxable","18":"purchasable","19":"product-type-simple"},"aioseo_notices":[],"_links":{"self":[{"href":"https:\/\/www.livresentre2actions.fr\/fr_fr\/wp-json\/wp\/v2\/product\/12660","targetHints":{"allow":["GET"]}}],"collection":[{"href":"https:\/\/www.livresentre2actions.fr\/fr_fr\/wp-json\/wp\/v2\/product"}],"about":[{"href":"https:\/\/www.livresentre2actions.fr\/fr_fr\/wp-json\/wp\/v2\/types\/product"}],"wp:featuredmedia":[{"embeddable":true,"href":"https:\/\/www.livresentre2actions.fr\/fr_fr\/wp-json\/wp\/v2\/media\/12661"}],"wp:attachment":[{"href":"https:\/\/www.livresentre2actions.fr\/fr_fr\/wp-json\/wp\/v2\/media?parent=12660"}],"wp:term":[{"taxonomy":"product_brand","embeddable":true,"href":"https:\/\/www.livresentre2actions.fr\/fr_fr\/wp-json\/wp\/v2\/product_brand?post=12660"},{"taxonomy":"product_cat","embeddable":true,"href":"https:\/\/www.livresentre2actions.fr\/fr_fr\/wp-json\/wp\/v2\/product_cat?post=12660"},{"taxonomy":"product_tag","embeddable":true,"href":"https:\/\/www.livresentre2actions.fr\/fr_fr\/wp-json\/wp\/v2\/product_tag?post=12660"}],"curies":[{"name":"wp","href":"https:\/\/api.w.org\/{rel}","templated":true}]}}