{"id":12618,"date":"2025-05-23T16:51:36","date_gmt":"2025-05-23T14:51:36","guid":{"rendered":"https:\/\/www.livresentre2actions.fr\/?post_type=product&#038;p=12618"},"modified":"2025-05-27T14:15:38","modified_gmt":"2025-05-27T12:15:38","slug":"edito-di-s-m-riguardante-alcune-dichiarazioni-sopra-le-generali-costitutioni-e-contenente-la-tariffa-degli-emolument","status":"publish","type":"product","link":"https:\/\/www.livresentre2actions.fr\/fr_fr\/produit\/edito-di-s-m-riguardante-alcune-dichiarazioni-sopra-le-generali-costitutioni-e-contenente-la-tariffa-degli-emolument\/","title":{"rendered":"Edito di S.M. riguardante alcune dichiarazioni Sopra le Generali Costitutioni e Contenente la Tariffa degli Emolument"},"content":{"rendered":"<p>Edito di S.M. riguardante alcune dichiarazioni Sopra le Generali Costitutioni e Contenente la Tariffa degli Emolumenti, e dritti dovuti all&rsquo;erario regio Ed agli Uffiziali di stato, di Giustizia, del fisco, ed altri<\/p>\n<p>Carlo Emanuele &#8211; Giov. Battista Valetta stampatore di S.M<\/p>\n<p>Plein v\u00e9lin d\u2019\u00e9poque, dos \u00e0 cinq nerfs, 245 x 190, In Torino 1740, 340p. Puis 341-351 : table et errata in fine. Vignette au titre aux armes royales. 1 ent\u00eate, 13 lettrines, 10 culs-de-lampe. Un ex-libris manuscrit en t\u00eate de contreplat sup\u00e9rieur (possiblement \u00ab de la Tour \u00bb). Belle typographie des titres. Int\u00e9rieur l\u00e9g\u00e8rement insol\u00e9, avec rousseurs l\u00e9g\u00e8res, une ou deux taches dans le texte, quelques taches en marge. Rognure des pages en pied et en marge sans atteinte au texte depuis la page 215 au plat inf\u00e9rieur inclus. Plat sup\u00e9rieur frott\u00e9 avec une tache d\u2019encre et un manque en coins de pied. Plat inf\u00e9rieur avec manque en coin et important manque de v\u00e9lin. Champs et coins sont bons sauf aux coins de pied. Dos en bel \u00e9tat. Mouillure en pied du titre et des 17 premi\u00e8res pages. Ouvrage traitant des lois fiscales du r\u00e8gne de Sardaigne et du Pi\u00e9mont. \u00c9dition originale de l&rsquo;\u00e9dit voulu par Carlo Emanuele, roi de Sardaigne, sur les imp\u00f4ts \u00e0 payer \u00e0 Erario Regio (\u00abTr\u00e9sor Royal\u00bb) et les taux pour prestations particuli\u00e8res de certaines classes d&rsquo;officiers publics (officiers de justice, officiers fiscaux) dans le R\u00e8gne de Sardaigne (y compris le Pi\u00e9mont)<\/p>\n","protected":false},"excerpt":{"rendered":"<p>Edito di S.M. riguardante alcune dichiarazioni Sopra le Generali Costitutioni e Contenente la Tariffa degli Emolumenti, e dritti dovuti all&rsquo;erario regio Ed agli Uffiziali di stato, di Giustizia, del fisco, ed altri Carlo Emanuele &#8211; Giov. Battista Valetta stampatore di S.M Plein v\u00e9lin d\u2019\u00e9poque, dos \u00e0 cinq nerfs, 245 x 190, In Torino 1740, 340p. &#8230; <a title=\"Edito di S.M. riguardante alcune dichiarazioni Sopra le Generali Costitutioni e Contenente la Tariffa degli Emolument\" class=\"read-more\" href=\"https:\/\/www.livresentre2actions.fr\/fr_fr\/produit\/edito-di-s-m-riguardante-alcune-dichiarazioni-sopra-le-generali-costitutioni-e-contenente-la-tariffa-degli-emolument\/\" aria-label=\"En savoir plus sur Edito di S.M. riguardante alcune dichiarazioni Sopra le Generali Costitutioni e Contenente la Tariffa degli Emolument\">Lire plus<\/a><\/p>\n","protected":false},"featured_media":12619,"template":"","meta":{"_eb_attr":""},"product_brand":[],"product_cat":[36,73],"product_tag":[],"class_list":{"0":"post-12618","1":"product","2":"type-product","3":"status-publish","4":"has-post-thumbnail","6":"product_cat-entre-le-xviiieme-et-le-xixeme-siecle","7":"product_cat-histoires-et-recits-de-voyage","8":"sales-flash-overlay","9":"woocommerce-text-align-center","10":"woocommerce-image-align-center","11":"wc-has-gallery","13":"first","14":"instock","15":"taxable","16":"shipping-taxable","17":"purchasable","18":"product-type-simple"},"aioseo_notices":[],"_links":{"self":[{"href":"https:\/\/www.livresentre2actions.fr\/fr_fr\/wp-json\/wp\/v2\/product\/12618","targetHints":{"allow":["GET"]}}],"collection":[{"href":"https:\/\/www.livresentre2actions.fr\/fr_fr\/wp-json\/wp\/v2\/product"}],"about":[{"href":"https:\/\/www.livresentre2actions.fr\/fr_fr\/wp-json\/wp\/v2\/types\/product"}],"wp:featuredmedia":[{"embeddable":true,"href":"https:\/\/www.livresentre2actions.fr\/fr_fr\/wp-json\/wp\/v2\/media\/12619"}],"wp:attachment":[{"href":"https:\/\/www.livresentre2actions.fr\/fr_fr\/wp-json\/wp\/v2\/media?parent=12618"}],"wp:term":[{"taxonomy":"product_brand","embeddable":true,"href":"https:\/\/www.livresentre2actions.fr\/fr_fr\/wp-json\/wp\/v2\/product_brand?post=12618"},{"taxonomy":"product_cat","embeddable":true,"href":"https:\/\/www.livresentre2actions.fr\/fr_fr\/wp-json\/wp\/v2\/product_cat?post=12618"},{"taxonomy":"product_tag","embeddable":true,"href":"https:\/\/www.livresentre2actions.fr\/fr_fr\/wp-json\/wp\/v2\/product_tag?post=12618"}],"curies":[{"name":"wp","href":"https:\/\/api.w.org\/{rel}","templated":true}]}}