{"id":12572,"date":"2025-05-23T16:21:05","date_gmt":"2025-05-23T14:21:05","guid":{"rendered":"https:\/\/www.livresentre2actions.fr\/?post_type=product&#038;p=12572"},"modified":"2025-08-25T14:22:20","modified_gmt":"2025-08-25T12:22:20","slug":"lart-de-proceder-en-justice-ou-la-science-des-moyens-judiciels","status":"publish","type":"product","link":"https:\/\/www.livresentre2actions.fr\/fr_fr\/produit\/lart-de-proceder-en-justice-ou-la-science-des-moyens-judiciels\/","title":{"rendered":"L&rsquo;Art de proc\u00e9der en justice ou la science des moyens judiciels"},"content":{"rendered":"<p>L&rsquo;Art de proc\u00e9der en justice ou la science des moyens judiciels, n\u00e9cessaires pour d\u00e9couvrir la v\u00e9rit\u00e9\u00a0; tant en mati\u00e8re civile que criminelle<\/p>\n<p>L. Lasser\u00e9 &#8211; Chez Michel Bobin &amp; Nicolas Le Gras<\/p>\n<p>In-4 veau de l&rsquo;\u00e9poque, dos 5 nerfs, caissons richement orn\u00e9s, pi\u00e8ce de titre.champs orn\u00e9s, toutes tranches marbr\u00e9es rouge, 240 x 190, 388p. Approbation du roi. 15\/09\/1676 \u2013 Premi\u00e8re \u00e9dition. Frontispice grav\u00e9 sur cuivre en pleine page l\u00e9gend\u00e9e, avec une originalit\u00e9 graphique\u00a0due (?) au graveur Giffart ; en effet une citation latine d\u00e9bute dans la gravure (rayon du soleil) et s\u2019ach\u00e8ve sous la l\u00e9gende\u00a0: \u00ab\u00a0tanem respexit inertem\u00a0\u00bb puis \u00ab\u00a0Giffart ad vivum delineavit\u00a0\u00bb. [Pierre Giffart (1643-1723), libraire, graveur du Roi ; \u00e9diteur et marchand d&rsquo;estampes.] Un ex-libris manuscrit en contreplat sup\u00e9rieur et un autre au titre \u00ab\u00a0Laurentium Claudium\u2026\u00a0?\u00a0\u00bb. Comprend\u00a0: Pr\u00e9face, avec ent\u00eate aux armes de Louis XIV, fine lettrine, 8p. \/ Table, ent\u00eate \u00e0 fleur de lys, 6p. L\u2019art de proc\u00e9der, 1 ent\u00eate aux armes royales, 2 lettrines, 2 culs-de-lampe, 1 ent\u00eate \u00e0 l\u2019ange, pp. 1-306. Suivi de Opuscule o\u00f9 sont trait\u00e9es diverses questions de droit, ent\u00eate \u00e0 fleurs de lys, lettrine, pp. 307-388. In fine, Approbation du roi et date. Int\u00e9rieur propre, l\u00e9g\u00e8rement insol\u00e9, rousseurs essentiellement en marge. Plats, champs et coins frott\u00e9s, avec \u00e9pidermures, mais bons, plats \u00e9claicris par endroits. Mors frott\u00e9s avec \u00e9pidermures, notamment aux nerfs. Dos frott\u00e9 aux nerfs, coiffe et queue avec \u00e9pidermures\u00a0; un petit trou de vers en caisson de t\u00eate. Bel exemplaire, bien ferme.<\/p>\n","protected":false},"excerpt":{"rendered":"<p>L&rsquo;Art de proc\u00e9der en justice ou la science des moyens judiciels, n\u00e9cessaires pour d\u00e9couvrir la v\u00e9rit\u00e9\u00a0; tant en mati\u00e8re civile que criminelle L. Lasser\u00e9 &#8211; Chez Michel Bobin &amp; Nicolas Le Gras In-4 veau de l&rsquo;\u00e9poque, dos 5 nerfs, caissons richement orn\u00e9s, pi\u00e8ce de titre.champs orn\u00e9s, toutes tranches marbr\u00e9es rouge, 240 x 190, 388p. Approbation &#8230; <a title=\"L&rsquo;Art de proc\u00e9der en justice ou la science des moyens judiciels\" class=\"read-more\" href=\"https:\/\/www.livresentre2actions.fr\/fr_fr\/produit\/lart-de-proceder-en-justice-ou-la-science-des-moyens-judiciels\/\" aria-label=\"En savoir plus sur L&rsquo;Art de proc\u00e9der en justice ou la science des moyens judiciels\">Lire plus<\/a><\/p>\n","protected":false},"featured_media":12573,"template":"","meta":{"_eb_attr":""},"product_brand":[],"product_cat":[15,35,77,71],"product_tag":[],"class_list":{"0":"post-12572","1":"product","2":"type-product","3":"status-publish","4":"has-post-thumbnail","6":"product_cat-catalogue","7":"product_cat-jusquau-xviiemesiecle","8":"product_cat-droit","9":"product_cat-illustres-modernes-editions-originales-signees-numerotees","10":"sales-flash-overlay","11":"woocommerce-text-align-center","12":"woocommerce-image-align-center","13":"wc-has-gallery","15":"first","16":"instock","17":"taxable","18":"shipping-taxable","19":"purchasable","20":"product-type-simple"},"aioseo_notices":[],"_links":{"self":[{"href":"https:\/\/www.livresentre2actions.fr\/fr_fr\/wp-json\/wp\/v2\/product\/12572","targetHints":{"allow":["GET"]}}],"collection":[{"href":"https:\/\/www.livresentre2actions.fr\/fr_fr\/wp-json\/wp\/v2\/product"}],"about":[{"href":"https:\/\/www.livresentre2actions.fr\/fr_fr\/wp-json\/wp\/v2\/types\/product"}],"wp:featuredmedia":[{"embeddable":true,"href":"https:\/\/www.livresentre2actions.fr\/fr_fr\/wp-json\/wp\/v2\/media\/12573"}],"wp:attachment":[{"href":"https:\/\/www.livresentre2actions.fr\/fr_fr\/wp-json\/wp\/v2\/media?parent=12572"}],"wp:term":[{"taxonomy":"product_brand","embeddable":true,"href":"https:\/\/www.livresentre2actions.fr\/fr_fr\/wp-json\/wp\/v2\/product_brand?post=12572"},{"taxonomy":"product_cat","embeddable":true,"href":"https:\/\/www.livresentre2actions.fr\/fr_fr\/wp-json\/wp\/v2\/product_cat?post=12572"},{"taxonomy":"product_tag","embeddable":true,"href":"https:\/\/www.livresentre2actions.fr\/fr_fr\/wp-json\/wp\/v2\/product_tag?post=12572"}],"curies":[{"name":"wp","href":"https:\/\/api.w.org\/{rel}","templated":true}]}}