{"id":12514,"date":"2025-05-23T15:25:24","date_gmt":"2025-05-23T13:25:24","guid":{"rendered":"https:\/\/www.livresentre2actions.fr\/?post_type=product&#038;p=12514"},"modified":"2025-08-25T14:22:22","modified_gmt":"2025-08-25T12:22:22","slug":"botanographie-belgique-lestiboudois-e-o","status":"publish","type":"product","link":"https:\/\/www.livresentre2actions.fr\/fr_fr\/produit\/botanographie-belgique-lestiboudois-e-o\/","title":{"rendered":"Botanographie. Belgique &#8211; Lestiboudois, E.O."},"content":{"rendered":"<p>Botanographie. Belgique, ou m\u00e9thode pour conno\u00eetre facilement toutes les plantes qui croissent facilement, ou que l\u2019on cultive commun\u00e9ment dans les provinces septentrionales de la France<\/p>\n<p>Fran\u00e7ois-Joseph Lestiboudois &#8211; Imprimerie J. B. Henry<\/p>\n<p>Plein veau marbr\u00e9 et caillout\u00e9\/\u00e9caill\u00e9, dos \u00e0 cinq nerfs orn\u00e9 d\u2019une pi\u00e8ce de titre et fleuronn\u00e9 au caissons sous encadrements liser\u00e9s, plats aux armes de la ville de Lille, 200 x 128, 334p. Avec table. 1781. Lille. Edition originale. A l\u2019adresse : tr\u00e8s bel ent\u00eate grav\u00e9 sur cuivre aux armes Lille. Comprend\u00a0: Adresse, Approbation, Extraits (8)\u00a0; Discours pr\u00e9liminaire, pagin\u00e9 ij-xxij\u00a0; Table des termes les plus usit\u00e9, pp. Xxiij-xxxi\u00a0; Tableau g\u00e9n\u00e9ral de la m\u00e9thode, Caract\u00e8res des classes, Usage de la m\u00e9thode, Explication des abr\u00e9viations, pagin\u00e9s xxxij-xlviij. Puis le texte. Avec 23 planches d\u00e9pliantes (rousseurs) dont 21 int\u00e8gres, une avec trous de vers dans une petite figure en marge, et une avec une d\u00e9chirure sans manque sur un pli. Int\u00e9rieur tr\u00e8s bon, propre. Coins et champs frott\u00e9s, dont un coin de pied, un coin de t\u00eate et un champ avec petit manque\u00a0; plats frott\u00e9s avec petit manque en t\u00eate et pied de plat sup\u00e9rieur et pied de plat inf\u00e9rieur. Mors sup\u00e9rieur avec \u00e9pidermures\u00a0; mors inf\u00e9rieur fendu avec manque en pied. Dos frott\u00e9 avec d\u00e9chirure en caisson de pied et de t\u00eate sans manque\u00a0; un trou de ver en caisson de pied\u00a0; queue avec une d\u00e9chirure et un petit manque. Exemplaire bien ferme. Dans cet ouvrage, ce m\u00e9decin et botaniste lillois donne en premi\u00e8re partie les diff\u00e9rents syst\u00e8mes botaniques ainsi qu\u2019un dictionnaire, et dans la deuxi\u00e8me vingt-trois tableaux synoptiques ainsi que les usages et la description des plantes cultiv\u00e9es du nord de la France. Il est le fils de Jean-Baptiste Lestiboudois qui fut professeur de botanique \u00e0 la facult\u00e9 des sciences de Lille. Nous joignons d\u2019ailleurs l\u2019\u00e9tude donn\u00e9e par Edmond Leclerc en 1903 sur L\u2019enseignement de la botanique \u00e0 Lille, fragments du cours de J.-B. Lestiboudois aux \u00e9tudiants en pharmacie, d\u00e9fra\u00eechi, couvertures d\u00e9tach\u00e9es avec manques.<\/p>\n","protected":false},"excerpt":{"rendered":"<p>Botanographie. Belgique, ou m\u00e9thode pour conno\u00eetre facilement toutes les plantes qui croissent facilement, ou que l\u2019on cultive commun\u00e9ment dans les provinces septentrionales de la France Fran\u00e7ois-Joseph Lestiboudois &#8211; Imprimerie J. B. Henry Plein veau marbr\u00e9 et caillout\u00e9\/\u00e9caill\u00e9, dos \u00e0 cinq nerfs orn\u00e9 d\u2019une pi\u00e8ce de titre et fleuronn\u00e9 au caissons sous encadrements liser\u00e9s, plats aux &#8230; <a title=\"Botanographie. Belgique &#8211; Lestiboudois, E.O.\" class=\"read-more\" href=\"https:\/\/www.livresentre2actions.fr\/fr_fr\/produit\/botanographie-belgique-lestiboudois-e-o\/\" aria-label=\"En savoir plus sur Botanographie. Belgique &#8211; Lestiboudois, E.O.\">Lire plus<\/a><\/p>\n","protected":false},"featured_media":12515,"template":"","meta":{"_eb_attr":""},"product_brand":[],"product_cat":[36,71,81,70],"product_tag":[],"class_list":{"0":"post-12514","1":"product","2":"type-product","3":"status-publish","4":"has-post-thumbnail","6":"product_cat-entre-le-xviiieme-et-le-xixeme-siecle","7":"product_cat-illustres-modernes-editions-originales-signees-numerotees","8":"product_cat-hauts-de-france","9":"product_cat-medecine-et-nature","10":"sales-flash-overlay","11":"woocommerce-text-align-center","12":"woocommerce-image-align-center","13":"wc-has-gallery","15":"first","16":"instock","17":"taxable","18":"shipping-taxable","19":"purchasable","20":"product-type-simple"},"aioseo_notices":[],"_links":{"self":[{"href":"https:\/\/www.livresentre2actions.fr\/fr_fr\/wp-json\/wp\/v2\/product\/12514","targetHints":{"allow":["GET"]}}],"collection":[{"href":"https:\/\/www.livresentre2actions.fr\/fr_fr\/wp-json\/wp\/v2\/product"}],"about":[{"href":"https:\/\/www.livresentre2actions.fr\/fr_fr\/wp-json\/wp\/v2\/types\/product"}],"wp:featuredmedia":[{"embeddable":true,"href":"https:\/\/www.livresentre2actions.fr\/fr_fr\/wp-json\/wp\/v2\/media\/12515"}],"wp:attachment":[{"href":"https:\/\/www.livresentre2actions.fr\/fr_fr\/wp-json\/wp\/v2\/media?parent=12514"}],"wp:term":[{"taxonomy":"product_brand","embeddable":true,"href":"https:\/\/www.livresentre2actions.fr\/fr_fr\/wp-json\/wp\/v2\/product_brand?post=12514"},{"taxonomy":"product_cat","embeddable":true,"href":"https:\/\/www.livresentre2actions.fr\/fr_fr\/wp-json\/wp\/v2\/product_cat?post=12514"},{"taxonomy":"product_tag","embeddable":true,"href":"https:\/\/www.livresentre2actions.fr\/fr_fr\/wp-json\/wp\/v2\/product_tag?post=12514"}],"curies":[{"name":"wp","href":"https:\/\/api.w.org\/{rel}","templated":true}]}}