{"id":12484,"date":"2025-05-20T19:06:45","date_gmt":"2025-05-20T17:06:45","guid":{"rendered":"https:\/\/www.livresentre2actions.fr\/?post_type=product&#038;p=12484"},"modified":"2025-05-20T19:06:46","modified_gmt":"2025-05-20T17:06:46","slug":"de-verbo-incarnato-jean-baptiste-franzelin","status":"publish","type":"product","link":"https:\/\/www.livresentre2actions.fr\/fr_fr\/produit\/de-verbo-incarnato-jean-baptiste-franzelin\/","title":{"rendered":"De verbo incarnato &#8211; Jean-Baptiste Franzelin"},"content":{"rendered":"<p>Typographia polyglotta &#8211; Demi-maroquin olive \u00e0 dos long orn\u00e9 des titre, auteur, ann\u00e9e, 240 x 185, 557p. Avec index. Romae, 1881. Edition Tertia. Int\u00e9rieur tr\u00e8s bon, propre et int\u00e8gre. Frottements et \u00e9pidermures au dos, mais reliure en bon \u00e9tat. Bon exemplaire, bien ferme.<\/p>\n","protected":false},"excerpt":{"rendered":"<p>Typographia polyglotta &#8211; Demi-maroquin olive \u00e0 dos long orn\u00e9 des titre, auteur, ann\u00e9e, 240 x 185, 557p. Avec index. Romae, 1881. Edition Tertia. Int\u00e9rieur tr\u00e8s bon, propre et int\u00e8gre. Frottements et \u00e9pidermures au dos, mais reliure en bon \u00e9tat. Bon exemplaire, bien ferme.<\/p>\n","protected":false},"featured_media":12485,"template":"","meta":{"_eb_attr":""},"product_brand":[],"product_cat":[36,68],"product_tag":[],"class_list":{"0":"post-12484","1":"product","2":"type-product","3":"status-publish","4":"has-post-thumbnail","6":"product_cat-entre-le-xviiieme-et-le-xixeme-siecle","7":"product_cat-religion-spiritualite","8":"sales-flash-overlay","9":"woocommerce-text-align-center","10":"woocommerce-image-align-center","11":"wc-has-gallery","13":"first","14":"instock","15":"taxable","16":"shipping-taxable","17":"purchasable","18":"product-type-simple"},"aioseo_notices":[],"_links":{"self":[{"href":"https:\/\/www.livresentre2actions.fr\/fr_fr\/wp-json\/wp\/v2\/product\/12484","targetHints":{"allow":["GET"]}}],"collection":[{"href":"https:\/\/www.livresentre2actions.fr\/fr_fr\/wp-json\/wp\/v2\/product"}],"about":[{"href":"https:\/\/www.livresentre2actions.fr\/fr_fr\/wp-json\/wp\/v2\/types\/product"}],"wp:featuredmedia":[{"embeddable":true,"href":"https:\/\/www.livresentre2actions.fr\/fr_fr\/wp-json\/wp\/v2\/media\/12485"}],"wp:attachment":[{"href":"https:\/\/www.livresentre2actions.fr\/fr_fr\/wp-json\/wp\/v2\/media?parent=12484"}],"wp:term":[{"taxonomy":"product_brand","embeddable":true,"href":"https:\/\/www.livresentre2actions.fr\/fr_fr\/wp-json\/wp\/v2\/product_brand?post=12484"},{"taxonomy":"product_cat","embeddable":true,"href":"https:\/\/www.livresentre2actions.fr\/fr_fr\/wp-json\/wp\/v2\/product_cat?post=12484"},{"taxonomy":"product_tag","embeddable":true,"href":"https:\/\/www.livresentre2actions.fr\/fr_fr\/wp-json\/wp\/v2\/product_tag?post=12484"}],"curies":[{"name":"wp","href":"https:\/\/api.w.org\/{rel}","templated":true}]}}