{"id":12466,"date":"2025-05-20T19:01:18","date_gmt":"2025-05-20T17:01:18","guid":{"rendered":"https:\/\/www.livresentre2actions.fr\/?post_type=product&#038;p=12466"},"modified":"2025-08-25T14:22:23","modified_gmt":"2025-08-25T12:22:23","slug":"lexposition-universelle-1867-illustree-deuxieme-volume","status":"publish","type":"product","link":"https:\/\/www.livresentre2actions.fr\/fr_fr\/produit\/lexposition-universelle-1867-illustree-deuxieme-volume\/","title":{"rendered":"L&rsquo;Exposition universelle 1867, illustr\u00e9e, deuxi\u00e8me volume"},"content":{"rendered":"<p>M. Fr. Ducuing (r\u00e9dacteur en chef) &#8211; Sans nom [Paris, Administration] In-folio demi toile, \u00e0 dos long orn\u00e9 d&rsquo;une pi\u00e8ce de de titre rouge, 393 x 285, de la 31\u00e8me \u00e0 la 60\u00e8me et derni\u00e8re livraison. Publication en 60 livraisons abondamment illustr\u00e9e de gravures sur bois. Int\u00e9rieur propre et int\u00e8gre. Reliure en bon \u00e9tat.<\/p>\n","protected":false},"excerpt":{"rendered":"<p>M. Fr. Ducuing (r\u00e9dacteur en chef) &#8211; Sans nom [Paris, Administration] In-folio demi toile, \u00e0 dos long orn\u00e9 d&rsquo;une pi\u00e8ce de de titre rouge, 393 x 285, de la 31\u00e8me \u00e0 la 60\u00e8me et derni\u00e8re livraison. Publication en 60 livraisons abondamment illustr\u00e9e de gravures sur bois. Int\u00e9rieur propre et int\u00e8gre. Reliure en bon \u00e9tat.<\/p>\n","protected":false},"featured_media":12467,"template":"","meta":{"_eb_attr":""},"product_brand":[],"product_cat":[36,75,70,69],"product_tag":[],"class_list":{"0":"post-12466","1":"product","2":"type-product","3":"status-publish","4":"has-post-thumbnail","6":"product_cat-entre-le-xviiieme-et-le-xixeme-siecle","7":"product_cat-art","8":"product_cat-medecine-et-nature","9":"product_cat-sciences-et-techniques","10":"sales-flash-overlay","11":"woocommerce-text-align-center","12":"woocommerce-image-align-center","13":"wc-has-gallery","15":"first","16":"instock","17":"taxable","18":"shipping-taxable","19":"purchasable","20":"product-type-simple"},"aioseo_notices":[],"_links":{"self":[{"href":"https:\/\/www.livresentre2actions.fr\/fr_fr\/wp-json\/wp\/v2\/product\/12466","targetHints":{"allow":["GET"]}}],"collection":[{"href":"https:\/\/www.livresentre2actions.fr\/fr_fr\/wp-json\/wp\/v2\/product"}],"about":[{"href":"https:\/\/www.livresentre2actions.fr\/fr_fr\/wp-json\/wp\/v2\/types\/product"}],"wp:featuredmedia":[{"embeddable":true,"href":"https:\/\/www.livresentre2actions.fr\/fr_fr\/wp-json\/wp\/v2\/media\/12467"}],"wp:attachment":[{"href":"https:\/\/www.livresentre2actions.fr\/fr_fr\/wp-json\/wp\/v2\/media?parent=12466"}],"wp:term":[{"taxonomy":"product_brand","embeddable":true,"href":"https:\/\/www.livresentre2actions.fr\/fr_fr\/wp-json\/wp\/v2\/product_brand?post=12466"},{"taxonomy":"product_cat","embeddable":true,"href":"https:\/\/www.livresentre2actions.fr\/fr_fr\/wp-json\/wp\/v2\/product_cat?post=12466"},{"taxonomy":"product_tag","embeddable":true,"href":"https:\/\/www.livresentre2actions.fr\/fr_fr\/wp-json\/wp\/v2\/product_tag?post=12466"}],"curies":[{"name":"wp","href":"https:\/\/api.w.org\/{rel}","templated":true}]}}