{"id":12445,"date":"2025-05-15T21:25:15","date_gmt":"2025-05-15T19:25:15","guid":{"rendered":"https:\/\/www.livresentre2actions.fr\/?post_type=product&#038;p=12445"},"modified":"2025-08-25T14:22:23","modified_gmt":"2025-08-25T12:22:23","slug":"morandi-labstraction-du-reel-gilles-altieri","status":"publish","type":"product","link":"https:\/\/www.livresentre2actions.fr\/fr_fr\/produit\/morandi-labstraction-du-reel-gilles-altieri\/","title":{"rendered":"Morandi : l&rsquo;abstraction du r\u00e9el &#8211; Gilles Altieri"},"content":{"rendered":"<p>Broch\u00e9, 290 x 220, 93p. 2010. Catalogue de l&rsquo;exposition H\u00f4tel des arts, 5 juin &#8211; 26 sept. 2010. Toulon. Tirage \u00e0 1500 exemplaires. Except\u00e9 le pied de dos l\u00e9g\u00e8rement cogn\u00e9, tr\u00e8s bel exemplaire, prorpe, int\u00e8gre, bien ferme, proche du neuf. Joint : le quatre pages cartonn\u00e9 de pr\u00e9sentation de l&rsquo;exposition avec un quatre pages tapuscrit \u00ab\u00a0Un regard \u00e0 l&rsquo;oeuvre\u00a0\u00bb sur une toile de l&rsquo;exposition.<\/p>\n","protected":false},"excerpt":{"rendered":"<p>Broch\u00e9, 290 x 220, 93p. 2010. Catalogue de l&rsquo;exposition H\u00f4tel des arts, 5 juin &#8211; 26 sept. 2010. Toulon. Tirage \u00e0 1500 exemplaires. Except\u00e9 le pied de dos l\u00e9g\u00e8rement cogn\u00e9, tr\u00e8s bel exemplaire, prorpe, int\u00e8gre, bien ferme, proche du neuf. Joint : le quatre pages cartonn\u00e9 de pr\u00e9sentation de l&rsquo;exposition avec un quatre pages tapuscrit &#8230; <a title=\"Morandi : l&rsquo;abstraction du r\u00e9el &#8211; Gilles Altieri\" class=\"read-more\" href=\"https:\/\/www.livresentre2actions.fr\/fr_fr\/produit\/morandi-labstraction-du-reel-gilles-altieri\/\" aria-label=\"En savoir plus sur Morandi : l&rsquo;abstraction du r\u00e9el &#8211; Gilles Altieri\">Lire plus<\/a><\/p>\n","protected":false},"featured_media":12446,"template":"","meta":{"_eb_attr":""},"product_brand":[],"product_cat":[37,75,71],"product_tag":[],"class_list":{"0":"post-12445","1":"product","2":"type-product","3":"status-publish","4":"has-post-thumbnail","6":"product_cat-a-partir-du-xxeme-siecle","7":"product_cat-art","8":"product_cat-illustres-modernes-editions-originales-signees-numerotees","9":"sales-flash-overlay","10":"woocommerce-text-align-center","11":"woocommerce-image-align-center","12":"wc-has-gallery","14":"first","15":"instock","16":"taxable","17":"shipping-taxable","18":"purchasable","19":"product-type-simple"},"aioseo_notices":[],"_links":{"self":[{"href":"https:\/\/www.livresentre2actions.fr\/fr_fr\/wp-json\/wp\/v2\/product\/12445","targetHints":{"allow":["GET"]}}],"collection":[{"href":"https:\/\/www.livresentre2actions.fr\/fr_fr\/wp-json\/wp\/v2\/product"}],"about":[{"href":"https:\/\/www.livresentre2actions.fr\/fr_fr\/wp-json\/wp\/v2\/types\/product"}],"wp:featuredmedia":[{"embeddable":true,"href":"https:\/\/www.livresentre2actions.fr\/fr_fr\/wp-json\/wp\/v2\/media\/12446"}],"wp:attachment":[{"href":"https:\/\/www.livresentre2actions.fr\/fr_fr\/wp-json\/wp\/v2\/media?parent=12445"}],"wp:term":[{"taxonomy":"product_brand","embeddable":true,"href":"https:\/\/www.livresentre2actions.fr\/fr_fr\/wp-json\/wp\/v2\/product_brand?post=12445"},{"taxonomy":"product_cat","embeddable":true,"href":"https:\/\/www.livresentre2actions.fr\/fr_fr\/wp-json\/wp\/v2\/product_cat?post=12445"},{"taxonomy":"product_tag","embeddable":true,"href":"https:\/\/www.livresentre2actions.fr\/fr_fr\/wp-json\/wp\/v2\/product_tag?post=12445"}],"curies":[{"name":"wp","href":"https:\/\/api.w.org\/{rel}","templated":true}]}}