{"id":12411,"date":"2025-05-15T21:17:22","date_gmt":"2025-05-15T19:17:22","guid":{"rendered":"https:\/\/www.livresentre2actions.fr\/?post_type=product&#038;p=12411"},"modified":"2025-08-25T14:22:24","modified_gmt":"2025-08-25T12:22:24","slug":"les-miettes-desope-fables","status":"publish","type":"product","link":"https:\/\/www.livresentre2actions.fr\/fr_fr\/produit\/les-miettes-desope-fables\/","title":{"rendered":"Les miettes d\u2019\u00c9sope. Fables."},"content":{"rendered":"<p>Auguste Roussel \/ Gavarni (dessins) &#8211; Furnne, Jouvet &amp; Cie Libraires<\/p>\n<p>Demi-basane olive \u00e0 dos long, orn\u00e9 du titre, de liser\u00e9s, d\u2019un super-libris en pied et d\u2019une cote en t\u00eate, 231 x 105, 284p. Avec table. Sans date (1866). Frontispice sous serpente, et 8 pleine page sous serpente de Gavarni. Edition originale. Int\u00e9rieur bon, des rousseurs, mais plus souvent en marge. Des frottements et \u00e9pidermures \u00e0 la reliure mais bon \u00e9tat. Coins tr\u00e8s l\u00e9g\u00e8rement \u00e9mouss\u00e9s. Bon exemplaire, bien ferme.<\/p>\n","protected":false},"excerpt":{"rendered":"<p>Auguste Roussel \/ Gavarni (dessins) &#8211; Furnne, Jouvet &amp; Cie Libraires Demi-basane olive \u00e0 dos long, orn\u00e9 du titre, de liser\u00e9s, d\u2019un super-libris en pied et d\u2019une cote en t\u00eate, 231 x 105, 284p. Avec table. Sans date (1866). Frontispice sous serpente, et 8 pleine page sous serpente de Gavarni. Edition originale. Int\u00e9rieur bon, des &#8230; <a title=\"Les miettes d\u2019\u00c9sope. Fables.\" class=\"read-more\" href=\"https:\/\/www.livresentre2actions.fr\/fr_fr\/produit\/les-miettes-desope-fables\/\" aria-label=\"En savoir plus sur Les miettes d\u2019\u00c9sope. Fables.\">Lire plus<\/a><\/p>\n","protected":false},"featured_media":12412,"template":"","meta":{"_eb_attr":""},"product_brand":[],"product_cat":[36,75,71,76],"product_tag":[],"class_list":{"0":"post-12411","1":"product","2":"type-product","3":"status-publish","4":"has-post-thumbnail","6":"product_cat-entre-le-xviiieme-et-le-xixeme-siecle","7":"product_cat-art","8":"product_cat-illustres-modernes-editions-originales-signees-numerotees","9":"product_cat-poesie-theatre-prose","10":"sales-flash-overlay","11":"woocommerce-text-align-center","12":"woocommerce-image-align-center","13":"wc-has-gallery","15":"first","16":"instock","17":"taxable","18":"shipping-taxable","19":"purchasable","20":"product-type-simple"},"aioseo_notices":[],"_links":{"self":[{"href":"https:\/\/www.livresentre2actions.fr\/fr_fr\/wp-json\/wp\/v2\/product\/12411","targetHints":{"allow":["GET"]}}],"collection":[{"href":"https:\/\/www.livresentre2actions.fr\/fr_fr\/wp-json\/wp\/v2\/product"}],"about":[{"href":"https:\/\/www.livresentre2actions.fr\/fr_fr\/wp-json\/wp\/v2\/types\/product"}],"wp:featuredmedia":[{"embeddable":true,"href":"https:\/\/www.livresentre2actions.fr\/fr_fr\/wp-json\/wp\/v2\/media\/12412"}],"wp:attachment":[{"href":"https:\/\/www.livresentre2actions.fr\/fr_fr\/wp-json\/wp\/v2\/media?parent=12411"}],"wp:term":[{"taxonomy":"product_brand","embeddable":true,"href":"https:\/\/www.livresentre2actions.fr\/fr_fr\/wp-json\/wp\/v2\/product_brand?post=12411"},{"taxonomy":"product_cat","embeddable":true,"href":"https:\/\/www.livresentre2actions.fr\/fr_fr\/wp-json\/wp\/v2\/product_cat?post=12411"},{"taxonomy":"product_tag","embeddable":true,"href":"https:\/\/www.livresentre2actions.fr\/fr_fr\/wp-json\/wp\/v2\/product_tag?post=12411"}],"curies":[{"name":"wp","href":"https:\/\/api.w.org\/{rel}","templated":true}]}}