{"id":12400,"date":"2025-05-13T18:15:26","date_gmt":"2025-05-13T16:15:26","guid":{"rendered":"https:\/\/www.livresentre2actions.fr\/?post_type=product&#038;p=12400"},"modified":"2025-08-25T14:22:25","modified_gmt":"2025-08-25T12:22:25","slug":"voyage-a-merv-edgar-boulangier","status":"publish","type":"product","link":"https:\/\/www.livresentre2actions.fr\/fr_fr\/produit\/voyage-a-merv-edgar-boulangier\/","title":{"rendered":"Voyage \u00e0 Merv &#8211; Edgar Boulangier"},"content":{"rendered":"<p>Voyage \u00e0 Merv. Les Russes dans l\u2019Asie Centrale et le chemin de fer transcaspien<\/p>\n<p>Librairie Hachette &#8211; Jolie demi-percaline bleu \u00e0 dos long orn\u00e9 des titre et auteur, 191 x 125, 451p. 1888. Edition originale. 84 gravures et 14 cartes (dont 4 d\u00e9pliantes int\u00e8gres). Int\u00e9rieur propre. Plats, coins et champs l\u00e9g\u00e8rement frott\u00e9s. Demi-reliure en bel \u00e9tat, dos l\u00e9g\u00e8rement isol\u00e9. Bel exemplaire bien ferme.<\/p>\n","protected":false},"excerpt":{"rendered":"<p>Voyage \u00e0 Merv. Les Russes dans l\u2019Asie Centrale et le chemin de fer transcaspien Librairie Hachette &#8211; Jolie demi-percaline bleu \u00e0 dos long orn\u00e9 des titre et auteur, 191 x 125, 451p. 1888. Edition originale. 84 gravures et 14 cartes (dont 4 d\u00e9pliantes int\u00e8gres). Int\u00e9rieur propre. Plats, coins et champs l\u00e9g\u00e8rement frott\u00e9s. Demi-reliure en bel &#8230; <a title=\"Voyage \u00e0 Merv &#8211; Edgar Boulangier\" class=\"read-more\" href=\"https:\/\/www.livresentre2actions.fr\/fr_fr\/produit\/voyage-a-merv-edgar-boulangier\/\" aria-label=\"En savoir plus sur Voyage \u00e0 Merv &#8211; Edgar Boulangier\">Lire plus<\/a><\/p>\n","protected":false},"featured_media":12401,"template":"","meta":{"_eb_attr":""},"product_brand":[],"product_cat":[36,71,73],"product_tag":[],"class_list":{"0":"post-12400","1":"product","2":"type-product","3":"status-publish","4":"has-post-thumbnail","6":"product_cat-entre-le-xviiieme-et-le-xixeme-siecle","7":"product_cat-illustres-modernes-editions-originales-signees-numerotees","8":"product_cat-histoires-et-recits-de-voyage","9":"sales-flash-overlay","10":"woocommerce-text-align-center","11":"woocommerce-image-align-center","12":"wc-has-gallery","14":"first","15":"instock","16":"taxable","17":"shipping-taxable","18":"purchasable","19":"product-type-simple"},"aioseo_notices":[],"_links":{"self":[{"href":"https:\/\/www.livresentre2actions.fr\/fr_fr\/wp-json\/wp\/v2\/product\/12400","targetHints":{"allow":["GET"]}}],"collection":[{"href":"https:\/\/www.livresentre2actions.fr\/fr_fr\/wp-json\/wp\/v2\/product"}],"about":[{"href":"https:\/\/www.livresentre2actions.fr\/fr_fr\/wp-json\/wp\/v2\/types\/product"}],"wp:featuredmedia":[{"embeddable":true,"href":"https:\/\/www.livresentre2actions.fr\/fr_fr\/wp-json\/wp\/v2\/media\/12401"}],"wp:attachment":[{"href":"https:\/\/www.livresentre2actions.fr\/fr_fr\/wp-json\/wp\/v2\/media?parent=12400"}],"wp:term":[{"taxonomy":"product_brand","embeddable":true,"href":"https:\/\/www.livresentre2actions.fr\/fr_fr\/wp-json\/wp\/v2\/product_brand?post=12400"},{"taxonomy":"product_cat","embeddable":true,"href":"https:\/\/www.livresentre2actions.fr\/fr_fr\/wp-json\/wp\/v2\/product_cat?post=12400"},{"taxonomy":"product_tag","embeddable":true,"href":"https:\/\/www.livresentre2actions.fr\/fr_fr\/wp-json\/wp\/v2\/product_tag?post=12400"}],"curies":[{"name":"wp","href":"https:\/\/api.w.org\/{rel}","templated":true}]}}