{"id":12378,"date":"2025-05-13T17:30:58","date_gmt":"2025-05-13T15:30:58","guid":{"rendered":"https:\/\/www.livresentre2actions.fr\/?post_type=product&#038;p=12378"},"modified":"2025-08-25T14:22:25","modified_gmt":"2025-08-25T12:22:25","slug":"les-jumeaux-japonais-taro-san-et-hime","status":"publish","type":"product","link":"https:\/\/www.livresentre2actions.fr\/fr_fr\/produit\/les-jumeaux-japonais-taro-san-et-hime\/","title":{"rendered":"Les jumeaux japonais (Taro-San et Hime)"},"content":{"rendered":"<p>Les jumeaux japonais (Taro-San et Hime) &#8211; Anne Mangin \/ H. Armengol (dessins)<\/p>\n<p>J. Ferenczi &amp; Fils<\/p>\n<p>Cartonnage \u00e9diteur illustr\u00e9, \u00e0 dos long toil\u00e9, 320 x 253, 74p. Hors table. 1930. Int\u00e9rieur tr\u00e8s bon, propre et int\u00e8gre. Cartonnage avec d\u00e9chirures et manques en plat sup\u00e9rieur. Frottements marginaux par ailleurs. Exemplaire bien ferme.<\/p>\n","protected":false},"excerpt":{"rendered":"<p>Les jumeaux japonais (Taro-San et Hime) &#8211; Anne Mangin \/ H. Armengol (dessins) J. Ferenczi &amp; Fils Cartonnage \u00e9diteur illustr\u00e9, \u00e0 dos long toil\u00e9, 320 x 253, 74p. Hors table. 1930. Int\u00e9rieur tr\u00e8s bon, propre et int\u00e8gre. Cartonnage avec d\u00e9chirures et manques en plat sup\u00e9rieur. Frottements marginaux par ailleurs. Exemplaire bien ferme.<\/p>\n","protected":false},"featured_media":12379,"template":"","meta":{"_eb_attr":""},"product_brand":[],"product_cat":[37,78],"product_tag":[],"class_list":{"0":"post-12378","1":"product","2":"type-product","3":"status-publish","4":"has-post-thumbnail","6":"product_cat-a-partir-du-xxeme-siecle","7":"product_cat-enfantina","8":"sales-flash-overlay","9":"woocommerce-text-align-center","10":"woocommerce-image-align-center","12":"first","13":"outofstock","14":"taxable","15":"shipping-taxable","16":"purchasable","17":"product-type-simple"},"aioseo_notices":[],"_links":{"self":[{"href":"https:\/\/www.livresentre2actions.fr\/fr_fr\/wp-json\/wp\/v2\/product\/12378","targetHints":{"allow":["GET"]}}],"collection":[{"href":"https:\/\/www.livresentre2actions.fr\/fr_fr\/wp-json\/wp\/v2\/product"}],"about":[{"href":"https:\/\/www.livresentre2actions.fr\/fr_fr\/wp-json\/wp\/v2\/types\/product"}],"wp:featuredmedia":[{"embeddable":true,"href":"https:\/\/www.livresentre2actions.fr\/fr_fr\/wp-json\/wp\/v2\/media\/12379"}],"wp:attachment":[{"href":"https:\/\/www.livresentre2actions.fr\/fr_fr\/wp-json\/wp\/v2\/media?parent=12378"}],"wp:term":[{"taxonomy":"product_brand","embeddable":true,"href":"https:\/\/www.livresentre2actions.fr\/fr_fr\/wp-json\/wp\/v2\/product_brand?post=12378"},{"taxonomy":"product_cat","embeddable":true,"href":"https:\/\/www.livresentre2actions.fr\/fr_fr\/wp-json\/wp\/v2\/product_cat?post=12378"},{"taxonomy":"product_tag","embeddable":true,"href":"https:\/\/www.livresentre2actions.fr\/fr_fr\/wp-json\/wp\/v2\/product_tag?post=12378"}],"curies":[{"name":"wp","href":"https:\/\/api.w.org\/{rel}","templated":true}]}}