{"id":12361,"date":"2025-05-13T17:14:57","date_gmt":"2025-05-13T15:14:57","guid":{"rendered":"https:\/\/www.livresentre2actions.fr\/?post_type=product&#038;p=12361"},"modified":"2025-05-13T17:14:58","modified_gmt":"2025-05-13T15:14:58","slug":"les-alpes-frederic-de-tschudi","status":"publish","type":"product","link":"https:\/\/www.livresentre2actions.fr\/fr_fr\/produit\/les-alpes-frederic-de-tschudi\/","title":{"rendered":"Les Alpes. Fr\u00e9d\u00e9ric de Tschudi"},"content":{"rendered":"<p>Les Alpes. Description pittoresque de la nature et de la faune alpestres &#8211;<\/p>\n<p>Librairie Dalp (Berne) et Treuttel et Wurtz (Strasbourg)<\/p>\n<p>Demi-maroquin chocolat, dos \u00e0 faux-nerfs, orn\u00e9 des titre et auteur et de motifs sym\u00e9triques aux caissons, 243 x 165, 737p. Avec table (avant la lettre, V-XIV, et table des gravures) et index (in fine). 1859. Edition originale. Seule traduction autoris\u00e9e par l\u2019auteur. Bien complet de ses 24 gravures pleine page. Int\u00e9rieur l\u00e9g\u00e8rement insol\u00e9, rousseurs marginales, tr\u00e8s bon. Coins et champs frott\u00e9s, coins de pied l\u00e9g\u00e8rement \u00e9mouss\u00e9s. Des \u00e9pidermures en mors, coiffe, nerfs et queue. Bon exemplaire.<\/p>\n","protected":false},"excerpt":{"rendered":"<p>Les Alpes. Description pittoresque de la nature et de la faune alpestres &#8211; Librairie Dalp (Berne) et Treuttel et Wurtz (Strasbourg) Demi-maroquin chocolat, dos \u00e0 faux-nerfs, orn\u00e9 des titre et auteur et de motifs sym\u00e9triques aux caissons, 243 x 165, 737p. Avec table (avant la lettre, V-XIV, et table des gravures) et index (in fine). &#8230; <a title=\"Les Alpes. Fr\u00e9d\u00e9ric de Tschudi\" class=\"read-more\" href=\"https:\/\/www.livresentre2actions.fr\/fr_fr\/produit\/les-alpes-frederic-de-tschudi\/\" aria-label=\"En savoir plus sur Les Alpes. Fr\u00e9d\u00e9ric de Tschudi\">Lire plus<\/a><\/p>\n","protected":false},"featured_media":12362,"template":"","meta":{"_eb_attr":""},"product_brand":[],"product_cat":[36,73,70],"product_tag":[],"class_list":{"0":"post-12361","1":"product","2":"type-product","3":"status-publish","4":"has-post-thumbnail","6":"product_cat-entre-le-xviiieme-et-le-xixeme-siecle","7":"product_cat-histoires-et-recits-de-voyage","8":"product_cat-medecine-et-nature","9":"sales-flash-overlay","10":"woocommerce-text-align-center","11":"woocommerce-image-align-center","12":"wc-has-gallery","14":"first","15":"instock","16":"taxable","17":"shipping-taxable","18":"purchasable","19":"product-type-simple"},"aioseo_notices":[],"_links":{"self":[{"href":"https:\/\/www.livresentre2actions.fr\/fr_fr\/wp-json\/wp\/v2\/product\/12361","targetHints":{"allow":["GET"]}}],"collection":[{"href":"https:\/\/www.livresentre2actions.fr\/fr_fr\/wp-json\/wp\/v2\/product"}],"about":[{"href":"https:\/\/www.livresentre2actions.fr\/fr_fr\/wp-json\/wp\/v2\/types\/product"}],"wp:featuredmedia":[{"embeddable":true,"href":"https:\/\/www.livresentre2actions.fr\/fr_fr\/wp-json\/wp\/v2\/media\/12362"}],"wp:attachment":[{"href":"https:\/\/www.livresentre2actions.fr\/fr_fr\/wp-json\/wp\/v2\/media?parent=12361"}],"wp:term":[{"taxonomy":"product_brand","embeddable":true,"href":"https:\/\/www.livresentre2actions.fr\/fr_fr\/wp-json\/wp\/v2\/product_brand?post=12361"},{"taxonomy":"product_cat","embeddable":true,"href":"https:\/\/www.livresentre2actions.fr\/fr_fr\/wp-json\/wp\/v2\/product_cat?post=12361"},{"taxonomy":"product_tag","embeddable":true,"href":"https:\/\/www.livresentre2actions.fr\/fr_fr\/wp-json\/wp\/v2\/product_tag?post=12361"}],"curies":[{"name":"wp","href":"https:\/\/api.w.org\/{rel}","templated":true}]}}