{"id":12351,"date":"2025-05-13T16:53:21","date_gmt":"2025-05-13T14:53:21","guid":{"rendered":"https:\/\/www.livresentre2actions.fr\/?post_type=product&#038;p=12351"},"modified":"2025-05-13T16:53:21","modified_gmt":"2025-05-13T14:53:21","slug":"yvan-theimer-sculptures-peintures-oeuvres-sur-papier","status":"publish","type":"product","link":"https:\/\/www.livresentre2actions.fr\/fr_fr\/produit\/yvan-theimer-sculptures-peintures-oeuvres-sur-papier\/","title":{"rendered":"Yvan Theimer. Sculptures, peintures, \u0153uvres sur papier"},"content":{"rendered":"<p>Centre international d\u2019art et d\u2019animation Raymond Du Puy<\/p>\n<p>Broch\u00e9 \u00e0 rabats, 280 x 211, non pagin\u00e9 (64p.) 1995. Textes de G. Barri\u00e8re, J. Clair, M. Crozet, M. Eschapasse, J.-J. Lerrant, J. Lord, J. Montboron, J.-P. Verdet. Except\u00e9 quelques traces l\u00e9g\u00e8res en quatri\u00e8me, tr\u00e8s bel exemplaire, propre, int\u00e8gre, bien ferme.<\/p>\n","protected":false},"excerpt":{"rendered":"<p>Centre international d\u2019art et d\u2019animation Raymond Du Puy Broch\u00e9 \u00e0 rabats, 280 x 211, non pagin\u00e9 (64p.) 1995. Textes de G. Barri\u00e8re, J. Clair, M. Crozet, M. Eschapasse, J.-J. Lerrant, J. Lord, J. Montboron, J.-P. Verdet. Except\u00e9 quelques traces l\u00e9g\u00e8res en quatri\u00e8me, tr\u00e8s bel exemplaire, propre, int\u00e8gre, bien ferme.<\/p>\n","protected":false},"featured_media":12352,"template":"","meta":{"_eb_attr":""},"product_brand":[],"product_cat":[37,75],"product_tag":[],"class_list":{"0":"post-12351","1":"product","2":"type-product","3":"status-publish","4":"has-post-thumbnail","6":"product_cat-a-partir-du-xxeme-siecle","7":"product_cat-art","8":"sales-flash-overlay","9":"woocommerce-text-align-center","10":"woocommerce-image-align-center","11":"wc-has-gallery","13":"first","14":"instock","15":"taxable","16":"shipping-taxable","17":"purchasable","18":"product-type-simple"},"aioseo_notices":[],"_links":{"self":[{"href":"https:\/\/www.livresentre2actions.fr\/fr_fr\/wp-json\/wp\/v2\/product\/12351","targetHints":{"allow":["GET"]}}],"collection":[{"href":"https:\/\/www.livresentre2actions.fr\/fr_fr\/wp-json\/wp\/v2\/product"}],"about":[{"href":"https:\/\/www.livresentre2actions.fr\/fr_fr\/wp-json\/wp\/v2\/types\/product"}],"wp:featuredmedia":[{"embeddable":true,"href":"https:\/\/www.livresentre2actions.fr\/fr_fr\/wp-json\/wp\/v2\/media\/12352"}],"wp:attachment":[{"href":"https:\/\/www.livresentre2actions.fr\/fr_fr\/wp-json\/wp\/v2\/media?parent=12351"}],"wp:term":[{"taxonomy":"product_brand","embeddable":true,"href":"https:\/\/www.livresentre2actions.fr\/fr_fr\/wp-json\/wp\/v2\/product_brand?post=12351"},{"taxonomy":"product_cat","embeddable":true,"href":"https:\/\/www.livresentre2actions.fr\/fr_fr\/wp-json\/wp\/v2\/product_cat?post=12351"},{"taxonomy":"product_tag","embeddable":true,"href":"https:\/\/www.livresentre2actions.fr\/fr_fr\/wp-json\/wp\/v2\/product_tag?post=12351"}],"curies":[{"name":"wp","href":"https:\/\/api.w.org\/{rel}","templated":true}]}}