{"id":12340,"date":"2025-05-13T16:50:42","date_gmt":"2025-05-13T14:50:42","guid":{"rendered":"https:\/\/www.livresentre2actions.fr\/?post_type=product&#038;p=12340"},"modified":"2025-10-29T21:41:31","modified_gmt":"2025-10-29T20:41:31","slug":"mimmo-jodice-silenzio-exposition-cannes-musee-de-la-mer-2002","status":"publish","type":"product","link":"https:\/\/www.livresentre2actions.fr\/fr_fr\/produit\/mimmo-jodice-silenzio-exposition-cannes-musee-de-la-mer-2002\/","title":{"rendered":"Mimmo Jodice. Silenzio. Exposition Cannes Mus\u00e9e de la mer, 2002"},"content":{"rendered":"<p>Marie Wallet &#8211; Mus\u00e9e de la mer<\/p>\n<p>Broch\u00e9 \u00e0 rabats, 270 x 240, 72p. 2002. Catalogue e l\u2019exposition \u00ab\u00a0Silenzio\u00a0\u00bb. Bilingue fran\u00e7ais italien. Tr\u00e8s bel exemplaire, propre, int\u00e8gre, bien ferme\u00a0; couvertures l\u00e9g\u00e8rement frott\u00e9es.<\/p>\n","protected":false},"excerpt":{"rendered":"<p>Marie Wallet &#8211; Mus\u00e9e de la mer Broch\u00e9 \u00e0 rabats, 270 x 240, 72p. 2002. Catalogue e l\u2019exposition \u00ab\u00a0Silenzio\u00a0\u00bb. Bilingue fran\u00e7ais italien. Tr\u00e8s bel exemplaire, propre, int\u00e8gre, bien ferme\u00a0; couvertures l\u00e9g\u00e8rement frott\u00e9es.<\/p>\n","protected":false},"featured_media":12341,"template":"","meta":{"_eb_attr":""},"product_brand":[],"product_cat":[37,75],"product_tag":[],"class_list":{"0":"post-12340","1":"product","2":"type-product","3":"status-publish","4":"has-post-thumbnail","6":"product_cat-a-partir-du-xxeme-siecle","7":"product_cat-art","8":"sales-flash-overlay","9":"woocommerce-text-align-center","10":"woocommerce-image-align-center","11":"wc-has-gallery","13":"first","14":"outofstock","15":"taxable","16":"shipping-taxable","17":"purchasable","18":"product-type-simple"},"aioseo_notices":[],"_links":{"self":[{"href":"https:\/\/www.livresentre2actions.fr\/fr_fr\/wp-json\/wp\/v2\/product\/12340","targetHints":{"allow":["GET"]}}],"collection":[{"href":"https:\/\/www.livresentre2actions.fr\/fr_fr\/wp-json\/wp\/v2\/product"}],"about":[{"href":"https:\/\/www.livresentre2actions.fr\/fr_fr\/wp-json\/wp\/v2\/types\/product"}],"wp:featuredmedia":[{"embeddable":true,"href":"https:\/\/www.livresentre2actions.fr\/fr_fr\/wp-json\/wp\/v2\/media\/12341"}],"wp:attachment":[{"href":"https:\/\/www.livresentre2actions.fr\/fr_fr\/wp-json\/wp\/v2\/media?parent=12340"}],"wp:term":[{"taxonomy":"product_brand","embeddable":true,"href":"https:\/\/www.livresentre2actions.fr\/fr_fr\/wp-json\/wp\/v2\/product_brand?post=12340"},{"taxonomy":"product_cat","embeddable":true,"href":"https:\/\/www.livresentre2actions.fr\/fr_fr\/wp-json\/wp\/v2\/product_cat?post=12340"},{"taxonomy":"product_tag","embeddable":true,"href":"https:\/\/www.livresentre2actions.fr\/fr_fr\/wp-json\/wp\/v2\/product_tag?post=12340"}],"curies":[{"name":"wp","href":"https:\/\/api.w.org\/{rel}","templated":true}]}}