{"id":12325,"date":"2025-05-12T15:13:03","date_gmt":"2025-05-12T13:13:03","guid":{"rendered":"https:\/\/www.livresentre2actions.fr\/?post_type=product&#038;p=12325"},"modified":"2025-08-25T14:15:17","modified_gmt":"2025-08-25T12:15:17","slug":"notices-elementaires-sur-le-nouveau-systeme-des-poids-et-mesures-en-ce-qui-concerne-lorfevrerie","status":"publish","type":"product","link":"https:\/\/www.livresentre2actions.fr\/fr_fr\/produit\/notices-elementaires-sur-le-nouveau-systeme-des-poids-et-mesures-en-ce-qui-concerne-lorfevrerie\/","title":{"rendered":"Notices \u00e9l\u00e9mentaires sur le nouveau syst\u00e8me des poids et mesures, en ce qui concerne l\u2019orf\u00e9vrerie"},"content":{"rendered":"<p>Notices \u00e9l\u00e9mentaires sur le nouveau syst\u00e8me des poids et<br \/>\nmesures, en ce qui concerne l\u2019orf\u00e9vrerie ; sur l\u2019alliage, l\u2019affinage, la marque d\u2019or<br \/>\net d\u2019argent, l\u2019argue, etc. suivies de la Loi du 19 Brumaire, an 6 relative aux titres et au Droit de garantie des ouvrages de Bijouterie et d\u2019orf\u00e8vrerie\u00a0; ainsi que de Tables et tableaux utiles aux orf\u00e9vres et \u00e0 ceux qui font le commerce de mati\u00e8res d\u2019or et d\u2019argent<\/p>\n<p>Par les citoyens B. et D.- Chez le citoyen d\u2019Arbigny<\/p>\n<p>in-4, cartonnage d\u2019attente, 119p. Sans date (1797-1799 ca). Avec tables et tableaux, sign\u00e9 de l\u2019auteur-\u00e9diteur au titre comme annonc\u00e9 dans la justification. Usures, rousseurs. Cartonnage d\u2019origine avec usure de frottement, dans son jus. Ouvrage fort rare (r\u00e9f\u00e9renc\u00e9 dans la biblioth\u00e8que cantonale et universitaire de Lausanne, mais non \u00e0 la Bnf).<\/p>\n","protected":false},"excerpt":{"rendered":"<p>Notices \u00e9l\u00e9mentaires sur le nouveau syst\u00e8me des poids et mesures, en ce qui concerne l\u2019orf\u00e9vrerie ; sur l\u2019alliage, l\u2019affinage, la marque d\u2019or et d\u2019argent, l\u2019argue, etc. suivies de la Loi du 19 Brumaire, an 6 relative aux titres et au Droit de garantie des ouvrages de Bijouterie et d\u2019orf\u00e8vrerie\u00a0; ainsi que de Tables et tableaux &#8230; <a title=\"Notices \u00e9l\u00e9mentaires sur le nouveau syst\u00e8me des poids et mesures, en ce qui concerne l\u2019orf\u00e9vrerie\" class=\"read-more\" href=\"https:\/\/www.livresentre2actions.fr\/fr_fr\/produit\/notices-elementaires-sur-le-nouveau-systeme-des-poids-et-mesures-en-ce-qui-concerne-lorfevrerie\/\" aria-label=\"En savoir plus sur Notices \u00e9l\u00e9mentaires sur le nouveau syst\u00e8me des poids et mesures, en ce qui concerne l\u2019orf\u00e9vrerie\">Lire plus<\/a><\/p>\n","protected":false},"featured_media":12327,"template":"","meta":{"_eb_attr":""},"product_brand":[],"product_cat":[36,75,69],"product_tag":[],"class_list":{"0":"post-12325","1":"product","2":"type-product","3":"status-publish","4":"has-post-thumbnail","6":"product_cat-entre-le-xviiieme-et-le-xixeme-siecle","7":"product_cat-art","8":"product_cat-sciences-et-techniques","9":"sales-flash-overlay","10":"woocommerce-text-align-center","11":"woocommerce-image-align-center","12":"wc-has-gallery","14":"first","15":"instock","16":"taxable","17":"shipping-taxable","18":"purchasable","19":"product-type-simple"},"aioseo_notices":[],"_links":{"self":[{"href":"https:\/\/www.livresentre2actions.fr\/fr_fr\/wp-json\/wp\/v2\/product\/12325","targetHints":{"allow":["GET"]}}],"collection":[{"href":"https:\/\/www.livresentre2actions.fr\/fr_fr\/wp-json\/wp\/v2\/product"}],"about":[{"href":"https:\/\/www.livresentre2actions.fr\/fr_fr\/wp-json\/wp\/v2\/types\/product"}],"wp:featuredmedia":[{"embeddable":true,"href":"https:\/\/www.livresentre2actions.fr\/fr_fr\/wp-json\/wp\/v2\/media\/12327"}],"wp:attachment":[{"href":"https:\/\/www.livresentre2actions.fr\/fr_fr\/wp-json\/wp\/v2\/media?parent=12325"}],"wp:term":[{"taxonomy":"product_brand","embeddable":true,"href":"https:\/\/www.livresentre2actions.fr\/fr_fr\/wp-json\/wp\/v2\/product_brand?post=12325"},{"taxonomy":"product_cat","embeddable":true,"href":"https:\/\/www.livresentre2actions.fr\/fr_fr\/wp-json\/wp\/v2\/product_cat?post=12325"},{"taxonomy":"product_tag","embeddable":true,"href":"https:\/\/www.livresentre2actions.fr\/fr_fr\/wp-json\/wp\/v2\/product_tag?post=12325"}],"curies":[{"name":"wp","href":"https:\/\/api.w.org\/{rel}","templated":true}]}}