{"id":12309,"date":"2025-05-12T14:49:44","date_gmt":"2025-05-12T12:49:44","guid":{"rendered":"https:\/\/www.livresentre2actions.fr\/?post_type=product&#038;p=12309"},"modified":"2025-08-25T14:22:25","modified_gmt":"2025-08-25T12:22:25","slug":"histoire-de-lorfevrerie-joaillerie-et-des-orfevres-joailliers-de-la-france-et-de-la-belgique","status":"publish","type":"product","link":"https:\/\/www.livresentre2actions.fr\/fr_fr\/produit\/histoire-de-lorfevrerie-joaillerie-et-des-orfevres-joailliers-de-la-france-et-de-la-belgique\/","title":{"rendered":"Histoire de l\u2019orf\u00e9vrerie-joaillerie et des orf\u00e8vres-joailliers de la France et de la Belgique"},"content":{"rendered":"<p>Paul Lacroix (Bibliophile Jacob) et Ferdinand Ser\u00e9<\/p>\n<p>Librairie historique, arch\u00e9ologique et scientifique de Ser\u00e9<\/p>\n<p>Reliure cartonn\u00e9e moderne verte marbr\u00e9e, \u00e0 dos log orn\u00e9 d\u2019une pi\u00e8ce de titre en maroquin vert, 265 x 174, 246p. Hors table, 1850. Nombreuses illustrations en noir dans le texte, certaines \u00e0 pleine page, et 16 hors texte pleine page dont 4 couleur sous serpente, 5 planches regroupant les armes des corporations d&rsquo;orf\u00e8vres de 106 villes. Complet. Tr\u00e8s bel exemplaire int\u00e9rieur comme reliure, propres, int\u00e8gres. Bien ferme.<\/p>\n","protected":false},"excerpt":{"rendered":"<p>Paul Lacroix (Bibliophile Jacob) et Ferdinand Ser\u00e9 Librairie historique, arch\u00e9ologique et scientifique de Ser\u00e9 Reliure cartonn\u00e9e moderne verte marbr\u00e9e, \u00e0 dos log orn\u00e9 d\u2019une pi\u00e8ce de titre en maroquin vert, 265 x 174, 246p. Hors table, 1850. Nombreuses illustrations en noir dans le texte, certaines \u00e0 pleine page, et 16 hors texte pleine page dont &#8230; <a title=\"Histoire de l\u2019orf\u00e9vrerie-joaillerie et des orf\u00e8vres-joailliers de la France et de la Belgique\" class=\"read-more\" href=\"https:\/\/www.livresentre2actions.fr\/fr_fr\/produit\/histoire-de-lorfevrerie-joaillerie-et-des-orfevres-joailliers-de-la-france-et-de-la-belgique\/\" aria-label=\"En savoir plus sur Histoire de l\u2019orf\u00e9vrerie-joaillerie et des orf\u00e8vres-joailliers de la France et de la Belgique\">Lire plus<\/a><\/p>\n","protected":false},"featured_media":12310,"template":"","meta":{"_eb_attr":""},"product_brand":[],"product_cat":[36,75,71,81,69],"product_tag":[],"class_list":{"0":"post-12309","1":"product","2":"type-product","3":"status-publish","4":"has-post-thumbnail","6":"product_cat-entre-le-xviiieme-et-le-xixeme-siecle","7":"product_cat-art","8":"product_cat-illustres-modernes-editions-originales-signees-numerotees","9":"product_cat-hauts-de-france","10":"product_cat-sciences-et-techniques","11":"sales-flash-overlay","12":"woocommerce-text-align-center","13":"woocommerce-image-align-center","14":"wc-has-gallery","16":"first","17":"instock","18":"taxable","19":"shipping-taxable","20":"purchasable","21":"product-type-simple"},"aioseo_notices":[],"_links":{"self":[{"href":"https:\/\/www.livresentre2actions.fr\/fr_fr\/wp-json\/wp\/v2\/product\/12309","targetHints":{"allow":["GET"]}}],"collection":[{"href":"https:\/\/www.livresentre2actions.fr\/fr_fr\/wp-json\/wp\/v2\/product"}],"about":[{"href":"https:\/\/www.livresentre2actions.fr\/fr_fr\/wp-json\/wp\/v2\/types\/product"}],"wp:featuredmedia":[{"embeddable":true,"href":"https:\/\/www.livresentre2actions.fr\/fr_fr\/wp-json\/wp\/v2\/media\/12310"}],"wp:attachment":[{"href":"https:\/\/www.livresentre2actions.fr\/fr_fr\/wp-json\/wp\/v2\/media?parent=12309"}],"wp:term":[{"taxonomy":"product_brand","embeddable":true,"href":"https:\/\/www.livresentre2actions.fr\/fr_fr\/wp-json\/wp\/v2\/product_brand?post=12309"},{"taxonomy":"product_cat","embeddable":true,"href":"https:\/\/www.livresentre2actions.fr\/fr_fr\/wp-json\/wp\/v2\/product_cat?post=12309"},{"taxonomy":"product_tag","embeddable":true,"href":"https:\/\/www.livresentre2actions.fr\/fr_fr\/wp-json\/wp\/v2\/product_tag?post=12309"}],"curies":[{"name":"wp","href":"https:\/\/api.w.org\/{rel}","templated":true}]}}