{"id":12282,"date":"2025-05-12T14:09:37","date_gmt":"2025-05-12T12:09:37","guid":{"rendered":"https:\/\/www.livresentre2actions.fr\/?post_type=product&#038;p=12282"},"modified":"2025-08-25T14:15:17","modified_gmt":"2025-08-25T12:15:17","slug":"zig-et-puce-et-furette-alain-saint-ogan-signe","status":"publish","type":"product","link":"https:\/\/www.livresentre2actions.fr\/fr_fr\/produit\/zig-et-puce-et-furette-alain-saint-ogan-signe\/","title":{"rendered":"Zig, et Puce et Furette &#8211; Alain Saint-Ogan &#8211; Sign\u00e9"},"content":{"rendered":"<p>Cartonnage \u00e9diteur \u00e0 dos toil\u00e9 bleu, 294 x 215, 40p. 1933. Premi\u00e8re \u00e9dition. Avec un envoi sign\u00e9 de l\u2019auteur. Un ex-libris d\u2019enfant en t\u00eate de titre. Int\u00e9rieur propre et int\u00e8gre. Cartonnage un peu frott\u00e9, dos en bon \u00e9tat, un manque de couleur en coin de pied de plat sup\u00e9rieur. Bel exemplaire bien ferme.<\/p>\n","protected":false},"excerpt":{"rendered":"<p>Cartonnage \u00e9diteur \u00e0 dos toil\u00e9 bleu, 294 x 215, 40p. 1933. Premi\u00e8re \u00e9dition. Avec un envoi sign\u00e9 de l\u2019auteur. Un ex-libris d\u2019enfant en t\u00eate de titre. Int\u00e9rieur propre et int\u00e8gre. Cartonnage un peu frott\u00e9, dos en bon \u00e9tat, un manque de couleur en coin de pied de plat sup\u00e9rieur. Bel exemplaire bien ferme.<\/p>\n","protected":false},"featured_media":12283,"template":"","meta":{"_eb_attr":""},"product_brand":[],"product_cat":[37,78],"product_tag":[],"class_list":{"0":"post-12282","1":"product","2":"type-product","3":"status-publish","4":"has-post-thumbnail","6":"product_cat-a-partir-du-xxeme-siecle","7":"product_cat-enfantina","8":"sales-flash-overlay","9":"woocommerce-text-align-center","10":"woocommerce-image-align-center","11":"wc-has-gallery","13":"first","14":"outofstock","15":"taxable","16":"shipping-taxable","17":"purchasable","18":"product-type-simple"},"aioseo_notices":[],"_links":{"self":[{"href":"https:\/\/www.livresentre2actions.fr\/fr_fr\/wp-json\/wp\/v2\/product\/12282","targetHints":{"allow":["GET"]}}],"collection":[{"href":"https:\/\/www.livresentre2actions.fr\/fr_fr\/wp-json\/wp\/v2\/product"}],"about":[{"href":"https:\/\/www.livresentre2actions.fr\/fr_fr\/wp-json\/wp\/v2\/types\/product"}],"wp:featuredmedia":[{"embeddable":true,"href":"https:\/\/www.livresentre2actions.fr\/fr_fr\/wp-json\/wp\/v2\/media\/12283"}],"wp:attachment":[{"href":"https:\/\/www.livresentre2actions.fr\/fr_fr\/wp-json\/wp\/v2\/media?parent=12282"}],"wp:term":[{"taxonomy":"product_brand","embeddable":true,"href":"https:\/\/www.livresentre2actions.fr\/fr_fr\/wp-json\/wp\/v2\/product_brand?post=12282"},{"taxonomy":"product_cat","embeddable":true,"href":"https:\/\/www.livresentre2actions.fr\/fr_fr\/wp-json\/wp\/v2\/product_cat?post=12282"},{"taxonomy":"product_tag","embeddable":true,"href":"https:\/\/www.livresentre2actions.fr\/fr_fr\/wp-json\/wp\/v2\/product_tag?post=12282"}],"curies":[{"name":"wp","href":"https:\/\/api.w.org\/{rel}","templated":true}]}}