{"id":12267,"date":"2025-05-12T14:06:17","date_gmt":"2025-05-12T12:06:17","guid":{"rendered":"https:\/\/www.livresentre2actions.fr\/?post_type=product&#038;p=12267"},"modified":"2025-12-27T17:17:47","modified_gmt":"2025-12-27T16:17:47","slug":"voyage-a-madagascar-1889-1890-louis-catat","status":"publish","type":"product","link":"https:\/\/www.livresentre2actions.fr\/fr_fr\/produit\/voyage-a-madagascar-1889-1890-louis-catat\/","title":{"rendered":"Voyage \u00e0 Madagascar (1889-1890) &#8211; Louis Catat"},"content":{"rendered":"<p>Administration de l\u2019Univers illustr\u00e9<\/p>\n<p>Cartonnage \u00e9diteur, jolie plaque dor\u00e9e au plat sup\u00e9rieur (mais d\u00e9fra\u00eechie), dos long orn\u00e9, toutes tranches dor\u00e9es, 300 x 216, 410p. Avec table. Sans date (1900, deuxi\u00e8me \u00e9dition\u00a0; 1895 pour la premi\u00e8re). 169 illustrations dans le texte en ent\u00eates, culs-de-lampes, attaques de chapitre, vignettes, dont 32 pleine page\u00a0(dont frontispice); 4 cartes dont d\u00e9pliante couleur (int\u00e8gre) en d\u00e9but de volume\u00a0; p.337-338 manquante (donc une gravure pleine page manquante, que nus avons remplac\u00e9e par sa copie obtenue sur Gallica). Autre d\u00e9faut\u00a0: premi\u00e8re page d\u2019avant propos avec encadrement au stulo et ouverture de pages correspondant \u00e0 la pr\u00e9sence anciennes de photos ou cartes postales, pas de manque au texte. Rares rousseurs marginales. Rousseurs sur tranches. Cartonnage tr\u00e8s frott\u00e9, avec d\u00e9coloration et petits manques Le docteur Louis Caltat fut charg\u00e9 en 1888 d&rsquo;une mission scientifique d&rsquo;exploration \u00e0 Madagascar par le minist\u00e8re de l&rsquo;instruction publique. Il parcourut 8000 km durant trois voyages. A son retour, il r\u00e9digea ce livre tr\u00e8s riche de descriptions, tant sur les moeurs, la g\u00e9ographie, les peuplades, le commerce&#8230; Ce voyage avait primitivement paru dans la fameuse revue\u00a0Le tour du monde\u00a0sur plusieurs num\u00e9ros. EGALEMENT EN STOCK\u00a0: Un Parisien \u00e0 Madagascar. Aventures et impressions de voyage, E. Grosclaude<\/p>\n","protected":false},"excerpt":{"rendered":"<p>Administration de l\u2019Univers illustr\u00e9 Cartonnage \u00e9diteur, jolie plaque dor\u00e9e au plat sup\u00e9rieur (mais d\u00e9fra\u00eechie), dos long orn\u00e9, toutes tranches dor\u00e9es, 300 x 216, 410p. Avec table. Sans date (1900, deuxi\u00e8me \u00e9dition\u00a0; 1895 pour la premi\u00e8re). 169 illustrations dans le texte en ent\u00eates, culs-de-lampes, attaques de chapitre, vignettes, dont 32 pleine page\u00a0(dont frontispice); 4 cartes dont &#8230; <a title=\"Voyage \u00e0 Madagascar (1889-1890) &#8211; Louis Catat\" class=\"read-more\" href=\"https:\/\/www.livresentre2actions.fr\/fr_fr\/produit\/voyage-a-madagascar-1889-1890-louis-catat\/\" aria-label=\"En savoir plus sur Voyage \u00e0 Madagascar (1889-1890) &#8211; Louis Catat\">Lire plus<\/a><\/p>\n","protected":false},"featured_media":0,"template":"","meta":{"_eb_attr":""},"product_brand":[],"product_cat":[37,71,73],"product_tag":[],"class_list":{"0":"post-12267","1":"product","2":"type-product","3":"status-publish","5":"product_cat-a-partir-du-xxeme-siecle","6":"product_cat-illustres-modernes-editions-originales-signees-numerotees","7":"product_cat-histoires-et-recits-de-voyage","8":"sales-flash-overlay","9":"woocommerce-text-align-center","10":"woocommerce-image-align-center","12":"first","13":"outofstock","14":"taxable","15":"shipping-taxable","16":"purchasable","17":"product-type-simple"},"aioseo_notices":[],"_links":{"self":[{"href":"https:\/\/www.livresentre2actions.fr\/fr_fr\/wp-json\/wp\/v2\/product\/12267","targetHints":{"allow":["GET"]}}],"collection":[{"href":"https:\/\/www.livresentre2actions.fr\/fr_fr\/wp-json\/wp\/v2\/product"}],"about":[{"href":"https:\/\/www.livresentre2actions.fr\/fr_fr\/wp-json\/wp\/v2\/types\/product"}],"wp:attachment":[{"href":"https:\/\/www.livresentre2actions.fr\/fr_fr\/wp-json\/wp\/v2\/media?parent=12267"}],"wp:term":[{"taxonomy":"product_brand","embeddable":true,"href":"https:\/\/www.livresentre2actions.fr\/fr_fr\/wp-json\/wp\/v2\/product_brand?post=12267"},{"taxonomy":"product_cat","embeddable":true,"href":"https:\/\/www.livresentre2actions.fr\/fr_fr\/wp-json\/wp\/v2\/product_cat?post=12267"},{"taxonomy":"product_tag","embeddable":true,"href":"https:\/\/www.livresentre2actions.fr\/fr_fr\/wp-json\/wp\/v2\/product_tag?post=12267"}],"curies":[{"name":"wp","href":"https:\/\/api.w.org\/{rel}","templated":true}]}}