{"id":12228,"date":"2025-05-12T13:59:23","date_gmt":"2025-05-12T11:59:23","guid":{"rendered":"https:\/\/www.livresentre2actions.fr\/?post_type=product&#038;p=12228"},"modified":"2025-08-25T14:22:28","modified_gmt":"2025-08-25T12:22:28","slug":"abecedaire-ou-rudiment-darcheologie-2-tomes-m-de-caumont","status":"publish","type":"product","link":"https:\/\/www.livresentre2actions.fr\/fr_fr\/produit\/abecedaire-ou-rudiment-darcheologie-2-tomes-m-de-caumont\/","title":{"rendered":"Ab\u00e9c\u00e9daire ou rudiment d\u2019arch\u00e9ologie 2 tomes, M. de Caumont"},"content":{"rendered":"<p>Ab\u00e9c\u00e9daire ou rudiment d\u2019arch\u00e9ologie 2 tomes, Architecture religieuse \/ Architecture civile et militaire<\/p>\n<p>Demi-chagrin blond, dos \u00e0 faux nerfs orn\u00e9 des titre, auteur et de la provenance en pied \u00ab\u00a0 C. Bohrer de Kreuznach\u00a0\u00bb (provenance appuy\u00e9e par l\u2019\u00e9tiquette coll\u00e9e en contreplat sup\u00e9rieur), 218 x 142, Architecture religieuse, 692p. 1859, 4\u00e8me \u00e9d. Architecture civile et militaire, 532p. 1858. 2\u00e8me \u00e9d. Frontispice, et nombreuses illustrations dans le texte pour les deux volumes. Des rousseurs marginales. Bon \u00e9tat int\u00e9rieur pour les deux volumes. Reliure en bel \u00e9tat, l\u00e9g\u00e8re insolation des plats. De l\u00e9g\u00e8res \u00e9pidermures en coiffe et queue, une l\u00e9g\u00e8re trace noire en pied de dos du volume religieux. Coins et champs frott\u00e9s. Rousseurs sur les tranches. Beaux exemplaires bien fermes.<\/p>\n","protected":false},"excerpt":{"rendered":"<p>Ab\u00e9c\u00e9daire ou rudiment d\u2019arch\u00e9ologie 2 tomes, Architecture religieuse \/ Architecture civile et militaire Demi-chagrin blond, dos \u00e0 faux nerfs orn\u00e9 des titre, auteur et de la provenance en pied \u00ab\u00a0 C. Bohrer de Kreuznach\u00a0\u00bb (provenance appuy\u00e9e par l\u2019\u00e9tiquette coll\u00e9e en contreplat sup\u00e9rieur), 218 x 142, Architecture religieuse, 692p. 1859, 4\u00e8me \u00e9d. Architecture civile et militaire, &#8230; <a title=\"Ab\u00e9c\u00e9daire ou rudiment d\u2019arch\u00e9ologie 2 tomes, M. de Caumont\" class=\"read-more\" href=\"https:\/\/www.livresentre2actions.fr\/fr_fr\/produit\/abecedaire-ou-rudiment-darcheologie-2-tomes-m-de-caumont\/\" aria-label=\"En savoir plus sur Ab\u00e9c\u00e9daire ou rudiment d\u2019arch\u00e9ologie 2 tomes, M. de Caumont\">Lire plus<\/a><\/p>\n","protected":false},"featured_media":12229,"template":"","meta":{"_eb_attr":""},"product_brand":[],"product_cat":[36,75,71],"product_tag":[],"class_list":{"0":"post-12228","1":"product","2":"type-product","3":"status-publish","4":"has-post-thumbnail","6":"product_cat-entre-le-xviiieme-et-le-xixeme-siecle","7":"product_cat-art","8":"product_cat-illustres-modernes-editions-originales-signees-numerotees","9":"sales-flash-overlay","10":"woocommerce-text-align-center","11":"woocommerce-image-align-center","12":"wc-has-gallery","14":"first","15":"instock","16":"taxable","17":"shipping-taxable","18":"purchasable","19":"product-type-simple"},"aioseo_notices":[],"_links":{"self":[{"href":"https:\/\/www.livresentre2actions.fr\/fr_fr\/wp-json\/wp\/v2\/product\/12228","targetHints":{"allow":["GET"]}}],"collection":[{"href":"https:\/\/www.livresentre2actions.fr\/fr_fr\/wp-json\/wp\/v2\/product"}],"about":[{"href":"https:\/\/www.livresentre2actions.fr\/fr_fr\/wp-json\/wp\/v2\/types\/product"}],"wp:featuredmedia":[{"embeddable":true,"href":"https:\/\/www.livresentre2actions.fr\/fr_fr\/wp-json\/wp\/v2\/media\/12229"}],"wp:attachment":[{"href":"https:\/\/www.livresentre2actions.fr\/fr_fr\/wp-json\/wp\/v2\/media?parent=12228"}],"wp:term":[{"taxonomy":"product_brand","embeddable":true,"href":"https:\/\/www.livresentre2actions.fr\/fr_fr\/wp-json\/wp\/v2\/product_brand?post=12228"},{"taxonomy":"product_cat","embeddable":true,"href":"https:\/\/www.livresentre2actions.fr\/fr_fr\/wp-json\/wp\/v2\/product_cat?post=12228"},{"taxonomy":"product_tag","embeddable":true,"href":"https:\/\/www.livresentre2actions.fr\/fr_fr\/wp-json\/wp\/v2\/product_tag?post=12228"}],"curies":[{"name":"wp","href":"https:\/\/api.w.org\/{rel}","templated":true}]}}