{"id":12190,"date":"2025-05-02T17:22:28","date_gmt":"2025-05-02T15:22:28","guid":{"rendered":"https:\/\/www.livresentre2actions.fr\/?post_type=product&#038;p=12190"},"modified":"2025-05-02T17:22:29","modified_gmt":"2025-05-02T15:22:29","slug":"giorgio-morandi-oeuvres-ecrits-entretiens","status":"publish","type":"product","link":"https:\/\/www.livresentre2actions.fr\/fr_fr\/produit\/giorgio-morandi-oeuvres-ecrits-entretiens\/","title":{"rendered":"Giorgio Morandi : Oeuvres, \u00e9crits, entretiens"},"content":{"rendered":"<p>Karen Wilkin, et Claire Mulkai<\/p>\n<p>Cartonnage \u00e9diteur sous jaquette. Int\u00e9rieur propre et int\u00e8gre, avec un remerciement anonyme en garde. Cartonnage propre et int\u00e8gre. Jaquette l\u00e9g\u00e8rement frott\u00e9e mais propre et int\u00e8gre. Bel exemplaire bien ferme.<\/p>\n","protected":false},"excerpt":{"rendered":"<p>Karen Wilkin, et Claire Mulkai Cartonnage \u00e9diteur sous jaquette. Int\u00e9rieur propre et int\u00e8gre, avec un remerciement anonyme en garde. Cartonnage propre et int\u00e8gre. Jaquette l\u00e9g\u00e8rement frott\u00e9e mais propre et int\u00e8gre. Bel exemplaire bien ferme.<\/p>\n","protected":false},"featured_media":12191,"template":"","meta":{"_eb_attr":""},"product_brand":[],"product_cat":[37,75],"product_tag":[],"class_list":{"0":"post-12190","1":"product","2":"type-product","3":"status-publish","4":"has-post-thumbnail","6":"product_cat-a-partir-du-xxeme-siecle","7":"product_cat-art","8":"sales-flash-overlay","9":"woocommerce-text-align-center","10":"woocommerce-image-align-center","11":"wc-has-gallery","13":"first","14":"instock","15":"taxable","16":"shipping-taxable","17":"purchasable","18":"product-type-simple"},"aioseo_notices":[],"_links":{"self":[{"href":"https:\/\/www.livresentre2actions.fr\/fr_fr\/wp-json\/wp\/v2\/product\/12190","targetHints":{"allow":["GET"]}}],"collection":[{"href":"https:\/\/www.livresentre2actions.fr\/fr_fr\/wp-json\/wp\/v2\/product"}],"about":[{"href":"https:\/\/www.livresentre2actions.fr\/fr_fr\/wp-json\/wp\/v2\/types\/product"}],"wp:featuredmedia":[{"embeddable":true,"href":"https:\/\/www.livresentre2actions.fr\/fr_fr\/wp-json\/wp\/v2\/media\/12191"}],"wp:attachment":[{"href":"https:\/\/www.livresentre2actions.fr\/fr_fr\/wp-json\/wp\/v2\/media?parent=12190"}],"wp:term":[{"taxonomy":"product_brand","embeddable":true,"href":"https:\/\/www.livresentre2actions.fr\/fr_fr\/wp-json\/wp\/v2\/product_brand?post=12190"},{"taxonomy":"product_cat","embeddable":true,"href":"https:\/\/www.livresentre2actions.fr\/fr_fr\/wp-json\/wp\/v2\/product_cat?post=12190"},{"taxonomy":"product_tag","embeddable":true,"href":"https:\/\/www.livresentre2actions.fr\/fr_fr\/wp-json\/wp\/v2\/product_tag?post=12190"}],"curies":[{"name":"wp","href":"https:\/\/api.w.org\/{rel}","templated":true}]}}