{"id":12173,"date":"2025-05-02T17:17:34","date_gmt":"2025-05-02T15:17:34","guid":{"rendered":"https:\/\/www.livresentre2actions.fr\/?post_type=product&#038;p=12173"},"modified":"2025-08-27T12:00:52","modified_gmt":"2025-08-27T10:00:52","slug":"le-darwinisme-lecons-professees-a-lecole-danthropologie","status":"publish","type":"product","link":"https:\/\/www.livresentre2actions.fr\/fr_fr\/produit\/le-darwinisme-lecons-professees-a-lecole-danthropologie\/","title":{"rendered":"Le darwinisme. Le\u00e7ons profess\u00e9es \u00e0 l\u2019\u00e9cole d\u2019anthropologie"},"content":{"rendered":"<p>Mathias Duval &#8211;\u00a0 Adrien Delahaye et Emile Lecrosnier \u00e9diteurs<\/p>\n<p>Pleine toile cir\u00e9e verte \u00e9diteur \u00e0 dos long orn\u00e9 d\u2019une pi\u00e8ce de titre, 220 x 150, 576p. Avec table. 1886. Edition originale enrichie d\u2019un envoi sign\u00e9 de l\u2019auteur au Professeur Pajot (?) en page de faux-titre. Avec 7 figures intercal\u00e9es dans le texte. Rousseurs. Plats et dos frott\u00e9s, taches en pied de plat sup\u00e9rieur, coins de t\u00eate de plat inf\u00e9rieur l\u00e9g\u00e8rement cogn\u00e9. Des \u00e9pidermures \u00e0 la pi\u00e8ce de titre. Bon exemplaire, bien ferme. Mathias Duval \u00e9tait professeur d&rsquo;histologie \u00e0 la facult\u00e9 de M\u00e9decine, il est connu pour son Cours de physiologie publi\u00e9 en 1872. il professa \u00e9galement des le\u00e7ons \u00e0 l&rsquo;\u00c9cole d&rsquo;anthropologie qu\u2019il dirigea.<\/p>\n","protected":false},"excerpt":{"rendered":"<p>Mathias Duval &#8211;\u00a0 Adrien Delahaye et Emile Lecrosnier \u00e9diteurs Pleine toile cir\u00e9e verte \u00e9diteur \u00e0 dos long orn\u00e9 d\u2019une pi\u00e8ce de titre, 220 x 150, 576p. Avec table. 1886. Edition originale enrichie d\u2019un envoi sign\u00e9 de l\u2019auteur au Professeur Pajot (?) en page de faux-titre. Avec 7 figures intercal\u00e9es dans le texte. Rousseurs. Plats et &#8230; <a title=\"Le darwinisme. Le\u00e7ons profess\u00e9es \u00e0 l\u2019\u00e9cole d\u2019anthropologie\" class=\"read-more\" href=\"https:\/\/www.livresentre2actions.fr\/fr_fr\/produit\/le-darwinisme-lecons-professees-a-lecole-danthropologie\/\" aria-label=\"En savoir plus sur Le darwinisme. Le\u00e7ons profess\u00e9es \u00e0 l\u2019\u00e9cole d\u2019anthropologie\">Lire plus<\/a><\/p>\n","protected":false},"featured_media":12175,"template":"","meta":{"_eb_attr":""},"product_brand":[],"product_cat":[36,71,70,69],"product_tag":[87,94],"class_list":{"0":"post-12173","1":"product","2":"type-product","3":"status-publish","4":"has-post-thumbnail","6":"product_cat-entre-le-xviiieme-et-le-xixeme-siecle","7":"product_cat-illustres-modernes-editions-originales-signees-numerotees","8":"product_cat-medecine-et-nature","9":"product_cat-sciences-et-techniques","10":"product_tag-signe","11":"product_tag-provenance","12":"sales-flash-overlay","13":"woocommerce-text-align-center","14":"woocommerce-image-align-center","15":"wc-has-gallery","17":"first","18":"instock","19":"taxable","20":"shipping-taxable","21":"purchasable","22":"product-type-simple"},"aioseo_notices":[],"_links":{"self":[{"href":"https:\/\/www.livresentre2actions.fr\/fr_fr\/wp-json\/wp\/v2\/product\/12173","targetHints":{"allow":["GET"]}}],"collection":[{"href":"https:\/\/www.livresentre2actions.fr\/fr_fr\/wp-json\/wp\/v2\/product"}],"about":[{"href":"https:\/\/www.livresentre2actions.fr\/fr_fr\/wp-json\/wp\/v2\/types\/product"}],"wp:featuredmedia":[{"embeddable":true,"href":"https:\/\/www.livresentre2actions.fr\/fr_fr\/wp-json\/wp\/v2\/media\/12175"}],"wp:attachment":[{"href":"https:\/\/www.livresentre2actions.fr\/fr_fr\/wp-json\/wp\/v2\/media?parent=12173"}],"wp:term":[{"taxonomy":"product_brand","embeddable":true,"href":"https:\/\/www.livresentre2actions.fr\/fr_fr\/wp-json\/wp\/v2\/product_brand?post=12173"},{"taxonomy":"product_cat","embeddable":true,"href":"https:\/\/www.livresentre2actions.fr\/fr_fr\/wp-json\/wp\/v2\/product_cat?post=12173"},{"taxonomy":"product_tag","embeddable":true,"href":"https:\/\/www.livresentre2actions.fr\/fr_fr\/wp-json\/wp\/v2\/product_tag?post=12173"}],"curies":[{"name":"wp","href":"https:\/\/api.w.org\/{rel}","templated":true}]}}