{"id":12163,"date":"2025-05-02T17:08:47","date_gmt":"2025-05-02T15:08:47","guid":{"rendered":"https:\/\/www.livresentre2actions.fr\/?post_type=product&#038;p=12163"},"modified":"2025-08-25T14:22:29","modified_gmt":"2025-08-25T12:22:29","slug":"loeuvre-de-de-cuvillies-epoque-louis-xv-nouveau-livre-de-plafonds-invente-par-francois-de-cuvillies","status":"publish","type":"product","link":"https:\/\/www.livresentre2actions.fr\/fr_fr\/produit\/loeuvre-de-de-cuvillies-epoque-louis-xv-nouveau-livre-de-plafonds-invente-par-francois-de-cuvillies\/","title":{"rendered":"L\u2019\u0153uvre de De Cuvilli\u00e8s. \u00e9poque Louis XV. Nouveau livre de plafonds invent\u00e9 par Fran\u00e7ois de Cuvilli\u00e8s."},"content":{"rendered":"<p>Armand Gu\u00e9rinet \u00ab\u00a0Librairie d\u2019Art d\u00e9coratif\u00a0\u00bb<\/p>\n<p>Petit portfolio cartonn\u00e9 \u00e9diteur \u00e0 dos long toil\u00e9, 305 x 208, paris, sans date. ca 1900. Page de titre index, suivi des 64 planches. Bel \u00e9tat des planches, seule la premi\u00e8re pr\u00e9sente des rousseurs en marge\u00a0; la derni\u00e8re au verso. Cartonnage frott\u00e9s avec rousseurs, mais int\u00e8gres\u00a0; un ex-libris au contreplat sup\u00e9rieur\u00a0; \u00ab\u00a0Cuvilli\u00e8s\u00a0\u00bb manuscrit en blanc au dos. Bon exemplaire.<\/p>\n","protected":false},"excerpt":{"rendered":"<p>Armand Gu\u00e9rinet \u00ab\u00a0Librairie d\u2019Art d\u00e9coratif\u00a0\u00bb Petit portfolio cartonn\u00e9 \u00e9diteur \u00e0 dos long toil\u00e9, 305 x 208, paris, sans date. ca 1900. Page de titre index, suivi des 64 planches. Bel \u00e9tat des planches, seule la premi\u00e8re pr\u00e9sente des rousseurs en marge\u00a0; la derni\u00e8re au verso. Cartonnage frott\u00e9s avec rousseurs, mais int\u00e8gres\u00a0; un ex-libris au contreplat &#8230; <a title=\"L\u2019\u0153uvre de De Cuvilli\u00e8s. \u00e9poque Louis XV. Nouveau livre de plafonds invent\u00e9 par Fran\u00e7ois de Cuvilli\u00e8s.\" class=\"read-more\" href=\"https:\/\/www.livresentre2actions.fr\/fr_fr\/produit\/loeuvre-de-de-cuvillies-epoque-louis-xv-nouveau-livre-de-plafonds-invente-par-francois-de-cuvillies\/\" aria-label=\"En savoir plus sur L\u2019\u0153uvre de De Cuvilli\u00e8s. \u00e9poque Louis XV. Nouveau livre de plafonds invent\u00e9 par Fran\u00e7ois de Cuvilli\u00e8s.\">Lire plus<\/a><\/p>\n","protected":false},"featured_media":12164,"template":"","meta":{"_eb_attr":""},"product_brand":[],"product_cat":[37,75,71],"product_tag":[],"class_list":{"0":"post-12163","1":"product","2":"type-product","3":"status-publish","4":"has-post-thumbnail","6":"product_cat-a-partir-du-xxeme-siecle","7":"product_cat-art","8":"product_cat-illustres-modernes-editions-originales-signees-numerotees","9":"sales-flash-overlay","10":"woocommerce-text-align-center","11":"woocommerce-image-align-center","12":"wc-has-gallery","14":"first","15":"instock","16":"taxable","17":"shipping-taxable","18":"purchasable","19":"product-type-simple"},"aioseo_notices":[],"_links":{"self":[{"href":"https:\/\/www.livresentre2actions.fr\/fr_fr\/wp-json\/wp\/v2\/product\/12163","targetHints":{"allow":["GET"]}}],"collection":[{"href":"https:\/\/www.livresentre2actions.fr\/fr_fr\/wp-json\/wp\/v2\/product"}],"about":[{"href":"https:\/\/www.livresentre2actions.fr\/fr_fr\/wp-json\/wp\/v2\/types\/product"}],"wp:featuredmedia":[{"embeddable":true,"href":"https:\/\/www.livresentre2actions.fr\/fr_fr\/wp-json\/wp\/v2\/media\/12164"}],"wp:attachment":[{"href":"https:\/\/www.livresentre2actions.fr\/fr_fr\/wp-json\/wp\/v2\/media?parent=12163"}],"wp:term":[{"taxonomy":"product_brand","embeddable":true,"href":"https:\/\/www.livresentre2actions.fr\/fr_fr\/wp-json\/wp\/v2\/product_brand?post=12163"},{"taxonomy":"product_cat","embeddable":true,"href":"https:\/\/www.livresentre2actions.fr\/fr_fr\/wp-json\/wp\/v2\/product_cat?post=12163"},{"taxonomy":"product_tag","embeddable":true,"href":"https:\/\/www.livresentre2actions.fr\/fr_fr\/wp-json\/wp\/v2\/product_tag?post=12163"}],"curies":[{"name":"wp","href":"https:\/\/api.w.org\/{rel}","templated":true}]}}