{"id":12157,"date":"2025-04-30T16:25:50","date_gmt":"2025-04-30T14:25:50","guid":{"rendered":"https:\/\/www.livresentre2actions.fr\/?post_type=product&#038;p=12157"},"modified":"2025-04-30T16:25:50","modified_gmt":"2025-04-30T14:25:50","slug":"rozstajne-czuwanie-jan-suberlak","status":"publish","type":"product","link":"https:\/\/www.livresentre2actions.fr\/fr_fr\/produit\/rozstajne-czuwanie-jan-suberlak\/","title":{"rendered":"Rozstajne Czuwanie &#8211; Jan Suberlak"},"content":{"rendered":"<p>Oficyna Poetow i Malarzy<\/p>\n<p>Broch\u00e9, 215 x 143, 55 p. Londres, 1970. Recueil de 46 po\u00e8me en langue polonaise. Int\u00e9rieur tr\u00e8s propre. La premi\u00e8re de couverture est verte, comporte une tache et une petite pliure en t\u00eate de coin droit. Dos gris tr\u00e8s l\u00e9g\u00e8rement cogn\u00e9 en t\u00eate. Quatri\u00e8me de couverture grise avec quelques taches, tr\u00e8s l\u00e9g\u00e8rement cogn\u00e9e sur le champ sup\u00e9rieur et petite pliure en coin gauche. Bon exemplaire.<\/p>\n","protected":false},"excerpt":{"rendered":"<p>Oficyna Poetow i Malarzy Broch\u00e9, 215 x 143, 55 p. Londres, 1970. Recueil de 46 po\u00e8me en langue polonaise. Int\u00e9rieur tr\u00e8s propre. La premi\u00e8re de couverture est verte, comporte une tache et une petite pliure en t\u00eate de coin droit. Dos gris tr\u00e8s l\u00e9g\u00e8rement cogn\u00e9 en t\u00eate. Quatri\u00e8me de couverture grise avec quelques taches, tr\u00e8s &#8230; <a title=\"Rozstajne Czuwanie &#8211; Jan Suberlak\" class=\"read-more\" href=\"https:\/\/www.livresentre2actions.fr\/fr_fr\/produit\/rozstajne-czuwanie-jan-suberlak\/\" aria-label=\"En savoir plus sur Rozstajne Czuwanie &#8211; Jan Suberlak\">Lire plus<\/a><\/p>\n","protected":false},"featured_media":12158,"template":"","meta":{"_eb_attr":""},"product_brand":[],"product_cat":[37,76],"product_tag":[],"class_list":{"0":"post-12157","1":"product","2":"type-product","3":"status-publish","4":"has-post-thumbnail","6":"product_cat-a-partir-du-xxeme-siecle","7":"product_cat-poesie-theatre-prose","8":"sales-flash-overlay","9":"woocommerce-text-align-center","10":"woocommerce-image-align-center","11":"wc-has-gallery","13":"first","14":"instock","15":"taxable","16":"shipping-taxable","17":"purchasable","18":"product-type-simple"},"aioseo_notices":[],"_links":{"self":[{"href":"https:\/\/www.livresentre2actions.fr\/fr_fr\/wp-json\/wp\/v2\/product\/12157","targetHints":{"allow":["GET"]}}],"collection":[{"href":"https:\/\/www.livresentre2actions.fr\/fr_fr\/wp-json\/wp\/v2\/product"}],"about":[{"href":"https:\/\/www.livresentre2actions.fr\/fr_fr\/wp-json\/wp\/v2\/types\/product"}],"wp:featuredmedia":[{"embeddable":true,"href":"https:\/\/www.livresentre2actions.fr\/fr_fr\/wp-json\/wp\/v2\/media\/12158"}],"wp:attachment":[{"href":"https:\/\/www.livresentre2actions.fr\/fr_fr\/wp-json\/wp\/v2\/media?parent=12157"}],"wp:term":[{"taxonomy":"product_brand","embeddable":true,"href":"https:\/\/www.livresentre2actions.fr\/fr_fr\/wp-json\/wp\/v2\/product_brand?post=12157"},{"taxonomy":"product_cat","embeddable":true,"href":"https:\/\/www.livresentre2actions.fr\/fr_fr\/wp-json\/wp\/v2\/product_cat?post=12157"},{"taxonomy":"product_tag","embeddable":true,"href":"https:\/\/www.livresentre2actions.fr\/fr_fr\/wp-json\/wp\/v2\/product_tag?post=12157"}],"curies":[{"name":"wp","href":"https:\/\/api.w.org\/{rel}","templated":true}]}}