{"id":12152,"date":"2025-04-30T16:23:34","date_gmt":"2025-04-30T14:23:34","guid":{"rendered":"https:\/\/www.livresentre2actions.fr\/?post_type=product&#038;p=12152"},"modified":"2025-04-30T16:23:35","modified_gmt":"2025-04-30T14:23:35","slug":"kwiaty-kamienia-jan-suberlak","status":"publish","type":"product","link":"https:\/\/www.livresentre2actions.fr\/fr_fr\/produit\/kwiaty-kamienia-jan-suberlak\/","title":{"rendered":"Kwiaty Kamienia &#8211; Jan Suberlak"},"content":{"rendered":"<p>Oficyna Poetow i Malarzy<\/p>\n<p>Broch\u00e9, 215 x 143, 55 p. Londres, 1972. Recueil de 11 po\u00e8me en langue polonaise titr\u00e9s \u00ab\u00a0Rozdzial\u00a0\u00bb num\u00e9rot\u00e9s de I \u00e0 XI. Int\u00e9rieur tr\u00e8s propre. Les couvertures sont cartonn\u00e9es sauf sur 5 millim\u00e8tres \u00e0 proximit\u00e9s des champs, parties qui ont donc \u00e9t\u00e9 sujettes aux pliures (sans manque). Quelques rousseurs en plat sup\u00e9rieur\u00a0; avec quelques taches en plat inf\u00e9rieur. Bon exemplaire.<\/p>\n","protected":false},"excerpt":{"rendered":"<p>Oficyna Poetow i Malarzy Broch\u00e9, 215 x 143, 55 p. Londres, 1972. Recueil de 11 po\u00e8me en langue polonaise titr\u00e9s \u00ab\u00a0Rozdzial\u00a0\u00bb num\u00e9rot\u00e9s de I \u00e0 XI. Int\u00e9rieur tr\u00e8s propre. Les couvertures sont cartonn\u00e9es sauf sur 5 millim\u00e8tres \u00e0 proximit\u00e9s des champs, parties qui ont donc \u00e9t\u00e9 sujettes aux pliures (sans manque). Quelques rousseurs en plat &#8230; <a title=\"Kwiaty Kamienia &#8211; Jan Suberlak\" class=\"read-more\" href=\"https:\/\/www.livresentre2actions.fr\/fr_fr\/produit\/kwiaty-kamienia-jan-suberlak\/\" aria-label=\"En savoir plus sur Kwiaty Kamienia &#8211; Jan Suberlak\">Lire plus<\/a><\/p>\n","protected":false},"featured_media":12153,"template":"","meta":{"_eb_attr":""},"product_brand":[],"product_cat":[37,76],"product_tag":[],"class_list":{"0":"post-12152","1":"product","2":"type-product","3":"status-publish","4":"has-post-thumbnail","6":"product_cat-a-partir-du-xxeme-siecle","7":"product_cat-poesie-theatre-prose","8":"sales-flash-overlay","9":"woocommerce-text-align-center","10":"woocommerce-image-align-center","11":"wc-has-gallery","13":"first","14":"instock","15":"taxable","16":"shipping-taxable","17":"purchasable","18":"product-type-simple"},"aioseo_notices":[],"_links":{"self":[{"href":"https:\/\/www.livresentre2actions.fr\/fr_fr\/wp-json\/wp\/v2\/product\/12152","targetHints":{"allow":["GET"]}}],"collection":[{"href":"https:\/\/www.livresentre2actions.fr\/fr_fr\/wp-json\/wp\/v2\/product"}],"about":[{"href":"https:\/\/www.livresentre2actions.fr\/fr_fr\/wp-json\/wp\/v2\/types\/product"}],"wp:featuredmedia":[{"embeddable":true,"href":"https:\/\/www.livresentre2actions.fr\/fr_fr\/wp-json\/wp\/v2\/media\/12153"}],"wp:attachment":[{"href":"https:\/\/www.livresentre2actions.fr\/fr_fr\/wp-json\/wp\/v2\/media?parent=12152"}],"wp:term":[{"taxonomy":"product_brand","embeddable":true,"href":"https:\/\/www.livresentre2actions.fr\/fr_fr\/wp-json\/wp\/v2\/product_brand?post=12152"},{"taxonomy":"product_cat","embeddable":true,"href":"https:\/\/www.livresentre2actions.fr\/fr_fr\/wp-json\/wp\/v2\/product_cat?post=12152"},{"taxonomy":"product_tag","embeddable":true,"href":"https:\/\/www.livresentre2actions.fr\/fr_fr\/wp-json\/wp\/v2\/product_tag?post=12152"}],"curies":[{"name":"wp","href":"https:\/\/api.w.org\/{rel}","templated":true}]}}