{"id":12113,"date":"2025-04-29T16:37:17","date_gmt":"2025-04-29T14:37:17","guid":{"rendered":"https:\/\/www.livresentre2actions.fr\/?post_type=product&#038;p=12113"},"modified":"2025-08-25T14:22:30","modified_gmt":"2025-08-25T12:22:30","slug":"le-cheval-et-limage-jean-de-la-varende","status":"publish","type":"product","link":"https:\/\/www.livresentre2actions.fr\/fr_fr\/produit\/le-cheval-et-limage-jean-de-la-varende\/","title":{"rendered":"Le cheval et l\u2019image &#8211; Jean de la Varende"},"content":{"rendered":"<p>Le Fleuve \u00e9tincelant- Broch\u00e9 \u00e0 couvertures rempli\u00e9es, en feuilles, sous \u00e9tui et embo\u00eetage, 335 x 260, \u00c9dition originale, exemplaire num\u00e9rot\u00e9 331, un des 499 sur pur fil Johannot. Pour un tirage total de 576. 206p. 1947. 12 illustrations au noir sous serpente, dont frontispice de Brayer (3), Touchagues (3), Collot (3), Delpierre (3). et couverture de Valentine Hugo. Comprend deux parties\u00a0: Le cheval dans le sentiment\u00a0; Le cheval dans l\u2019art. Int\u00e9rieur propre, rousseurs marginales. Mais couvertures et tranches avec rousseurs. Et une petite d\u00e9chirure en pied de couverture. \u00c9tui propre, dos avec petits accidents en bordure. Embo\u00eetage d\u00e9fra\u00eechi.<\/p>\n","protected":false},"excerpt":{"rendered":"<p>Le Fleuve \u00e9tincelant- Broch\u00e9 \u00e0 couvertures rempli\u00e9es, en feuilles, sous \u00e9tui et embo\u00eetage, 335 x 260, \u00c9dition originale, exemplaire num\u00e9rot\u00e9 331, un des 499 sur pur fil Johannot. Pour un tirage total de 576. 206p. 1947. 12 illustrations au noir sous serpente, dont frontispice de Brayer (3), Touchagues (3), Collot (3), Delpierre (3). et couverture &#8230; <a title=\"Le cheval et l\u2019image &#8211; Jean de la Varende\" class=\"read-more\" href=\"https:\/\/www.livresentre2actions.fr\/fr_fr\/produit\/le-cheval-et-limage-jean-de-la-varende\/\" aria-label=\"En savoir plus sur Le cheval et l\u2019image &#8211; Jean de la Varende\">Lire plus<\/a><\/p>\n","protected":false},"featured_media":12114,"template":"","meta":{"_eb_attr":""},"product_brand":[],"product_cat":[37,75,71,76],"product_tag":[],"class_list":{"0":"post-12113","1":"product","2":"type-product","3":"status-publish","4":"has-post-thumbnail","6":"product_cat-a-partir-du-xxeme-siecle","7":"product_cat-art","8":"product_cat-illustres-modernes-editions-originales-signees-numerotees","9":"product_cat-poesie-theatre-prose","10":"sales-flash-overlay","11":"woocommerce-text-align-center","12":"woocommerce-image-align-center","13":"wc-has-gallery","15":"first","16":"instock","17":"taxable","18":"shipping-taxable","19":"purchasable","20":"product-type-simple"},"aioseo_notices":[],"_links":{"self":[{"href":"https:\/\/www.livresentre2actions.fr\/fr_fr\/wp-json\/wp\/v2\/product\/12113","targetHints":{"allow":["GET"]}}],"collection":[{"href":"https:\/\/www.livresentre2actions.fr\/fr_fr\/wp-json\/wp\/v2\/product"}],"about":[{"href":"https:\/\/www.livresentre2actions.fr\/fr_fr\/wp-json\/wp\/v2\/types\/product"}],"wp:featuredmedia":[{"embeddable":true,"href":"https:\/\/www.livresentre2actions.fr\/fr_fr\/wp-json\/wp\/v2\/media\/12114"}],"wp:attachment":[{"href":"https:\/\/www.livresentre2actions.fr\/fr_fr\/wp-json\/wp\/v2\/media?parent=12113"}],"wp:term":[{"taxonomy":"product_brand","embeddable":true,"href":"https:\/\/www.livresentre2actions.fr\/fr_fr\/wp-json\/wp\/v2\/product_brand?post=12113"},{"taxonomy":"product_cat","embeddable":true,"href":"https:\/\/www.livresentre2actions.fr\/fr_fr\/wp-json\/wp\/v2\/product_cat?post=12113"},{"taxonomy":"product_tag","embeddable":true,"href":"https:\/\/www.livresentre2actions.fr\/fr_fr\/wp-json\/wp\/v2\/product_tag?post=12113"}],"curies":[{"name":"wp","href":"https:\/\/api.w.org\/{rel}","templated":true}]}}