{"id":12097,"date":"2025-04-29T16:30:26","date_gmt":"2025-04-29T14:30:26","guid":{"rendered":"https:\/\/www.livresentre2actions.fr\/?post_type=product&#038;p=12097"},"modified":"2025-08-25T14:22:30","modified_gmt":"2025-08-25T12:22:30","slug":"lart-antique-orient-grece-rome","status":"publish","type":"product","link":"https:\/\/www.livresentre2actions.fr\/fr_fr\/produit\/lart-antique-orient-grece-rome\/","title":{"rendered":"L\u2019art antique. Orient \u2013 Gr\u00e8ce \u2013 Rome"},"content":{"rendered":"<p>G. Contenau et V. Chapot &#8211; Librairie Armand Colin<\/p>\n<p>Demie-basane havane \u00e0 dos long orn\u00e9 d\u2019un pi\u00e8ce de titre en maroquin olive, reliure sign\u00e9e Lucie Weil (galeriste des ann\u00e9es 30), 236 x 186, 418p. Avec table. 1930. Collection Histoire universelle des Arts. Nombreuses illustrations dans le texte. Int\u00e9rieur impeccable. Reliure en tr\u00e8s bon \u00e9tat, mais \u00e9pidermures en t\u00eate de plat sup\u00e9rieur, coiffe te queue de dos. Bel exemplaire bien ferme.<\/p>\n","protected":false},"excerpt":{"rendered":"<p>G. Contenau et V. Chapot &#8211; Librairie Armand Colin Demie-basane havane \u00e0 dos long orn\u00e9 d\u2019un pi\u00e8ce de titre en maroquin olive, reliure sign\u00e9e Lucie Weil (galeriste des ann\u00e9es 30), 236 x 186, 418p. Avec table. 1930. Collection Histoire universelle des Arts. Nombreuses illustrations dans le texte. Int\u00e9rieur impeccable. Reliure en tr\u00e8s bon \u00e9tat, mais &#8230; <a title=\"L\u2019art antique. Orient \u2013 Gr\u00e8ce \u2013 Rome\" class=\"read-more\" href=\"https:\/\/www.livresentre2actions.fr\/fr_fr\/produit\/lart-antique-orient-grece-rome\/\" aria-label=\"En savoir plus sur L\u2019art antique. Orient \u2013 Gr\u00e8ce \u2013 Rome\">Lire plus<\/a><\/p>\n","protected":false},"featured_media":12098,"template":"","meta":{"_eb_attr":""},"product_brand":[],"product_cat":[37,75,71,73],"product_tag":[],"class_list":{"0":"post-12097","1":"product","2":"type-product","3":"status-publish","4":"has-post-thumbnail","6":"product_cat-a-partir-du-xxeme-siecle","7":"product_cat-art","8":"product_cat-illustres-modernes-editions-originales-signees-numerotees","9":"product_cat-histoires-et-recits-de-voyage","10":"sales-flash-overlay","11":"woocommerce-text-align-center","12":"woocommerce-image-align-center","13":"wc-has-gallery","15":"first","16":"instock","17":"taxable","18":"shipping-taxable","19":"purchasable","20":"product-type-simple"},"aioseo_notices":[],"_links":{"self":[{"href":"https:\/\/www.livresentre2actions.fr\/fr_fr\/wp-json\/wp\/v2\/product\/12097","targetHints":{"allow":["GET"]}}],"collection":[{"href":"https:\/\/www.livresentre2actions.fr\/fr_fr\/wp-json\/wp\/v2\/product"}],"about":[{"href":"https:\/\/www.livresentre2actions.fr\/fr_fr\/wp-json\/wp\/v2\/types\/product"}],"wp:featuredmedia":[{"embeddable":true,"href":"https:\/\/www.livresentre2actions.fr\/fr_fr\/wp-json\/wp\/v2\/media\/12098"}],"wp:attachment":[{"href":"https:\/\/www.livresentre2actions.fr\/fr_fr\/wp-json\/wp\/v2\/media?parent=12097"}],"wp:term":[{"taxonomy":"product_brand","embeddable":true,"href":"https:\/\/www.livresentre2actions.fr\/fr_fr\/wp-json\/wp\/v2\/product_brand?post=12097"},{"taxonomy":"product_cat","embeddable":true,"href":"https:\/\/www.livresentre2actions.fr\/fr_fr\/wp-json\/wp\/v2\/product_cat?post=12097"},{"taxonomy":"product_tag","embeddable":true,"href":"https:\/\/www.livresentre2actions.fr\/fr_fr\/wp-json\/wp\/v2\/product_tag?post=12097"}],"curies":[{"name":"wp","href":"https:\/\/api.w.org\/{rel}","templated":true}]}}