{"id":12084,"date":"2025-04-29T16:16:18","date_gmt":"2025-04-29T14:16:18","guid":{"rendered":"https:\/\/www.livresentre2actions.fr\/?post_type=product&#038;p=12084"},"modified":"2025-08-25T14:22:31","modified_gmt":"2025-08-25T12:22:31","slug":"manuel-darcheologie-romaine-2-tomes","status":"publish","type":"product","link":"https:\/\/www.livresentre2actions.fr\/fr_fr\/produit\/manuel-darcheologie-romaine-2-tomes\/","title":{"rendered":"Manuel d\u2019arch\u00e9ologie romaine, 2 tomes"},"content":{"rendered":"<p>R. Cagnat et V. Chapot &#8211; chez Auguste Picard<\/p>\n<p>Pleine toile \u00e0 dos long orn\u00e9 d\u2019une pi\u00e8ce de titre lie de vin, 222 x 140, T1, Les monuments. D\u00e9coration des monuments. Sculpture. 735p. Avec table. 1916. Premi\u00e8re \u00e9dition. T2, D\u00e9coration des monuments (suite). Peinture et mosa\u00efque. Instruments de la vie publique et priv\u00e9e. 574p. Avec table.1920. Premi\u00e8re \u00e9dition. Int\u00e9rieur tr\u00e8s bons, propres et int\u00e8gres. Les reliures sont en bon \u00e9tat\u00a0; une tache blanche en pied de dos du t1, des rousseurs en t\u00eate de plat inf\u00e9rieur du T2. Bien fermes.<\/p>\n","protected":false},"excerpt":{"rendered":"<p>R. Cagnat et V. Chapot &#8211; chez Auguste Picard Pleine toile \u00e0 dos long orn\u00e9 d\u2019une pi\u00e8ce de titre lie de vin, 222 x 140, T1, Les monuments. D\u00e9coration des monuments. Sculpture. 735p. Avec table. 1916. Premi\u00e8re \u00e9dition. T2, D\u00e9coration des monuments (suite). Peinture et mosa\u00efque. Instruments de la vie publique et priv\u00e9e. 574p. Avec &#8230; <a title=\"Manuel d\u2019arch\u00e9ologie romaine, 2 tomes\" class=\"read-more\" href=\"https:\/\/www.livresentre2actions.fr\/fr_fr\/produit\/manuel-darcheologie-romaine-2-tomes\/\" aria-label=\"En savoir plus sur Manuel d\u2019arch\u00e9ologie romaine, 2 tomes\">Lire plus<\/a><\/p>\n","protected":false},"featured_media":12085,"template":"","meta":{"_eb_attr":""},"product_brand":[],"product_cat":[37,71,73],"product_tag":[],"class_list":{"0":"post-12084","1":"product","2":"type-product","3":"status-publish","4":"has-post-thumbnail","6":"product_cat-a-partir-du-xxeme-siecle","7":"product_cat-illustres-modernes-editions-originales-signees-numerotees","8":"product_cat-histoires-et-recits-de-voyage","9":"sales-flash-overlay","10":"woocommerce-text-align-center","11":"woocommerce-image-align-center","12":"wc-has-gallery","14":"first","15":"instock","16":"taxable","17":"shipping-taxable","18":"purchasable","19":"product-type-simple"},"aioseo_notices":[],"_links":{"self":[{"href":"https:\/\/www.livresentre2actions.fr\/fr_fr\/wp-json\/wp\/v2\/product\/12084","targetHints":{"allow":["GET"]}}],"collection":[{"href":"https:\/\/www.livresentre2actions.fr\/fr_fr\/wp-json\/wp\/v2\/product"}],"about":[{"href":"https:\/\/www.livresentre2actions.fr\/fr_fr\/wp-json\/wp\/v2\/types\/product"}],"wp:featuredmedia":[{"embeddable":true,"href":"https:\/\/www.livresentre2actions.fr\/fr_fr\/wp-json\/wp\/v2\/media\/12085"}],"wp:attachment":[{"href":"https:\/\/www.livresentre2actions.fr\/fr_fr\/wp-json\/wp\/v2\/media?parent=12084"}],"wp:term":[{"taxonomy":"product_brand","embeddable":true,"href":"https:\/\/www.livresentre2actions.fr\/fr_fr\/wp-json\/wp\/v2\/product_brand?post=12084"},{"taxonomy":"product_cat","embeddable":true,"href":"https:\/\/www.livresentre2actions.fr\/fr_fr\/wp-json\/wp\/v2\/product_cat?post=12084"},{"taxonomy":"product_tag","embeddable":true,"href":"https:\/\/www.livresentre2actions.fr\/fr_fr\/wp-json\/wp\/v2\/product_tag?post=12084"}],"curies":[{"name":"wp","href":"https:\/\/api.w.org\/{rel}","templated":true}]}}