{"id":12073,"date":"2025-04-25T17:27:30","date_gmt":"2025-04-25T15:27:30","guid":{"rendered":"https:\/\/www.livresentre2actions.fr\/?post_type=product&#038;p=12073"},"modified":"2025-08-25T14:22:31","modified_gmt":"2025-08-25T12:22:31","slug":"les-recits-du-chateau-dediee-a-la-jeunesse-des-deux-sexes","status":"publish","type":"product","link":"https:\/\/www.livresentre2actions.fr\/fr_fr\/produit\/les-recits-du-chateau-dediee-a-la-jeunesse-des-deux-sexes\/","title":{"rendered":"Les r\u00e9cits du Ch\u00e2teau, d\u00e9di\u00e9e \u00e0 la jeunesse des deux sexes"},"content":{"rendered":"<p>M. B. d\u2019Exauvillez &#8211;<\/p>\n<p>Pleine basane marbr\u00e9e \u00e0 dos long orn\u00e9 \u00ab \u00e0 la grotesque \u00bb, d\u2019une pi\u00e8ce de titre en maroquin noire, de nombreux liser\u00e9s et d\u2019un motif \u00e0 arabesques sym\u00e9triques en plein d\u2019une guirlande en queue, guirlande qui r\u00e9pond aux deux guirlandes identiques qui encadrent les plats, tranches marbr\u00e9es, 182 x 110, 287p. 3\u00c8ed. 1842. orn\u00e9e de 4 gravures dont un frontispice et 2 gravures dans le texte sous serpente et une en vignette en premi\u00e8re page de titre. Outre une vignette en deuxi\u00e8me page de titre. Pr\u00e9c\u00e9d\u00e9 des 4p. du catalogue de la Biblioth\u00e8que de la jeunesse chr\u00e9tienne. Int\u00e9rieur insol\u00e9 avec rousseurs et travail de vers en marge sur certaines pages avec marginale atteinte (8p.) et sans atteinte au texte. Coins et champs frott\u00e9s, coins de pied \u00e9mouss\u00e9s. Plats frott\u00e9s, avec quelques frottement plus appuy\u00e9s en plat inf\u00e9rieur, mais bons. Mors frott\u00e9s. Dos frott\u00e9 avec coiffe aras\u00e9e et manque en queue. Bien ferme.<\/p>\n","protected":false},"excerpt":{"rendered":"<p>M. B. d\u2019Exauvillez &#8211; Pleine basane marbr\u00e9e \u00e0 dos long orn\u00e9 \u00ab \u00e0 la grotesque \u00bb, d\u2019une pi\u00e8ce de titre en maroquin noire, de nombreux liser\u00e9s et d\u2019un motif \u00e0 arabesques sym\u00e9triques en plein d\u2019une guirlande en queue, guirlande qui r\u00e9pond aux deux guirlandes identiques qui encadrent les plats, tranches marbr\u00e9es, 182 x 110, 287p. &#8230; <a title=\"Les r\u00e9cits du Ch\u00e2teau, d\u00e9di\u00e9e \u00e0 la jeunesse des deux sexes\" class=\"read-more\" href=\"https:\/\/www.livresentre2actions.fr\/fr_fr\/produit\/les-recits-du-chateau-dediee-a-la-jeunesse-des-deux-sexes\/\" aria-label=\"En savoir plus sur Les r\u00e9cits du Ch\u00e2teau, d\u00e9di\u00e9e \u00e0 la jeunesse des deux sexes\">Lire plus<\/a><\/p>\n","protected":false},"featured_media":12074,"template":"","meta":{"_eb_attr":""},"product_brand":[],"product_cat":[36,74,71,76],"product_tag":[],"class_list":{"0":"post-12073","1":"product","2":"type-product","3":"status-publish","4":"has-post-thumbnail","6":"product_cat-entre-le-xviiieme-et-le-xixeme-siecle","7":"product_cat-collections","8":"product_cat-illustres-modernes-editions-originales-signees-numerotees","9":"product_cat-poesie-theatre-prose","10":"sales-flash-overlay","11":"woocommerce-text-align-center","12":"woocommerce-image-align-center","13":"wc-has-gallery","15":"first","16":"instock","17":"taxable","18":"shipping-taxable","19":"purchasable","20":"product-type-simple"},"aioseo_notices":[],"_links":{"self":[{"href":"https:\/\/www.livresentre2actions.fr\/fr_fr\/wp-json\/wp\/v2\/product\/12073","targetHints":{"allow":["GET"]}}],"collection":[{"href":"https:\/\/www.livresentre2actions.fr\/fr_fr\/wp-json\/wp\/v2\/product"}],"about":[{"href":"https:\/\/www.livresentre2actions.fr\/fr_fr\/wp-json\/wp\/v2\/types\/product"}],"wp:featuredmedia":[{"embeddable":true,"href":"https:\/\/www.livresentre2actions.fr\/fr_fr\/wp-json\/wp\/v2\/media\/12074"}],"wp:attachment":[{"href":"https:\/\/www.livresentre2actions.fr\/fr_fr\/wp-json\/wp\/v2\/media?parent=12073"}],"wp:term":[{"taxonomy":"product_brand","embeddable":true,"href":"https:\/\/www.livresentre2actions.fr\/fr_fr\/wp-json\/wp\/v2\/product_brand?post=12073"},{"taxonomy":"product_cat","embeddable":true,"href":"https:\/\/www.livresentre2actions.fr\/fr_fr\/wp-json\/wp\/v2\/product_cat?post=12073"},{"taxonomy":"product_tag","embeddable":true,"href":"https:\/\/www.livresentre2actions.fr\/fr_fr\/wp-json\/wp\/v2\/product_tag?post=12073"}],"curies":[{"name":"wp","href":"https:\/\/api.w.org\/{rel}","templated":true}]}}