{"id":12057,"date":"2025-04-25T17:20:36","date_gmt":"2025-04-25T15:20:36","guid":{"rendered":"https:\/\/www.livresentre2actions.fr\/?post_type=product&#038;p=12057"},"modified":"2025-04-25T17:20:37","modified_gmt":"2025-04-25T15:20:37","slug":"les-caracteres-les-caracteres","status":"publish","type":"product","link":"https:\/\/www.livresentre2actions.fr\/fr_fr\/produit\/les-caracteres-les-caracteres\/","title":{"rendered":"Les caract\u00e8res  &#8211; Les caract\u00e8res"},"content":{"rendered":"<p>A. Lemerre<\/p>\n<p>Pleine fine peau lie de vin \u00e0 dos long orn\u00e9 du titre, toutes tranches dor\u00e9es, couvertures conserv\u00e9es, 105 x 72, 115 p. sans date. Petite collection rose (au papier rose). Tr\u00e8s bel exemplaire, propre, int\u00e8gre, bien ferme.<\/p>\n","protected":false},"excerpt":{"rendered":"<p>A. Lemerre Pleine fine peau lie de vin \u00e0 dos long orn\u00e9 du titre, toutes tranches dor\u00e9es, couvertures conserv\u00e9es, 105 x 72, 115 p. sans date. Petite collection rose (au papier rose). Tr\u00e8s bel exemplaire, propre, int\u00e8gre, bien ferme.<\/p>\n","protected":false},"featured_media":12058,"template":"","meta":{"_eb_attr":""},"product_brand":[],"product_cat":[37,74,76],"product_tag":[],"class_list":{"0":"post-12057","1":"product","2":"type-product","3":"status-publish","4":"has-post-thumbnail","6":"product_cat-a-partir-du-xxeme-siecle","7":"product_cat-collections","8":"product_cat-poesie-theatre-prose","9":"sales-flash-overlay","10":"woocommerce-text-align-center","11":"woocommerce-image-align-center","12":"wc-has-gallery","14":"first","15":"instock","16":"taxable","17":"shipping-taxable","18":"purchasable","19":"product-type-simple"},"aioseo_notices":[],"_links":{"self":[{"href":"https:\/\/www.livresentre2actions.fr\/fr_fr\/wp-json\/wp\/v2\/product\/12057","targetHints":{"allow":["GET"]}}],"collection":[{"href":"https:\/\/www.livresentre2actions.fr\/fr_fr\/wp-json\/wp\/v2\/product"}],"about":[{"href":"https:\/\/www.livresentre2actions.fr\/fr_fr\/wp-json\/wp\/v2\/types\/product"}],"wp:featuredmedia":[{"embeddable":true,"href":"https:\/\/www.livresentre2actions.fr\/fr_fr\/wp-json\/wp\/v2\/media\/12058"}],"wp:attachment":[{"href":"https:\/\/www.livresentre2actions.fr\/fr_fr\/wp-json\/wp\/v2\/media?parent=12057"}],"wp:term":[{"taxonomy":"product_brand","embeddable":true,"href":"https:\/\/www.livresentre2actions.fr\/fr_fr\/wp-json\/wp\/v2\/product_brand?post=12057"},{"taxonomy":"product_cat","embeddable":true,"href":"https:\/\/www.livresentre2actions.fr\/fr_fr\/wp-json\/wp\/v2\/product_cat?post=12057"},{"taxonomy":"product_tag","embeddable":true,"href":"https:\/\/www.livresentre2actions.fr\/fr_fr\/wp-json\/wp\/v2\/product_tag?post=12057"}],"curies":[{"name":"wp","href":"https:\/\/api.w.org\/{rel}","templated":true}]}}