{"id":12020,"date":"2025-04-25T17:10:39","date_gmt":"2025-04-25T15:10:39","guid":{"rendered":"https:\/\/www.livresentre2actions.fr\/?post_type=product&#038;p=12020"},"modified":"2025-11-24T10:22:19","modified_gmt":"2025-11-24T09:22:19","slug":"m-de-bougrelon-jean-lorrain","status":"publish","type":"product","link":"https:\/\/www.livresentre2actions.fr\/fr_fr\/produit\/m-de-bougrelon-jean-lorrain\/","title":{"rendered":"M. de Bougrelon &#8211; Jean Lorrain"},"content":{"rendered":"<p>Librairie Borel<\/p>\n<p>Pleine basane tabac \u00e0 dos romantique orn\u00e9 de 5 faux-nerfs, de liser\u00e9s, frises et pi\u00e8ce de titre lie de vin, et de l\u2019auteur estamp\u00e9 dor\u00e9, tranche de t\u00eate dor\u00e9e, couverture couleur conserv\u00e9e, signet rouge manquant, 140 x 77, 235p. Hors table. 1897. Collection Edouard Guillaume \u00ab\u00a0Lotus Alba\u00a0\u00bb. Illustrations de Marold et Mittis. Double page de titre illustr\u00e9e (premi\u00e8re d\u00e9tach\u00e9e), frontispice en deux \u00e9tats dont une sanguine\u00a0; et 5 pleines pages, 5 ent\u00eates, 5 culs-de-lampe. Int\u00e9rieur tr\u00e8s bon, propre, mais premi\u00e8re page de titre d\u00e9tach\u00e9e. Coins et champs frott\u00e9s avec \u00e9pidermures. Plats avec frottements griffes l\u00e9g\u00e8res, \u00e9pidermures en bordure\u00a0; dos frott\u00e9 l\u00e9g\u00e8rement insol\u00e9, frott\u00e9 avec \u00e9pidermures en coiffe, queue et mors. Bon exemplaire bien ferme.<\/p>\n","protected":false},"excerpt":{"rendered":"<p>Librairie Borel Pleine basane tabac \u00e0 dos romantique orn\u00e9 de 5 faux-nerfs, de liser\u00e9s, frises et pi\u00e8ce de titre lie de vin, et de l\u2019auteur estamp\u00e9 dor\u00e9, tranche de t\u00eate dor\u00e9e, couverture couleur conserv\u00e9e, signet rouge manquant, 140 x 77, 235p. Hors table. 1897. Collection Edouard Guillaume \u00ab\u00a0Lotus Alba\u00a0\u00bb. Illustrations de Marold et Mittis. Double &#8230; <a title=\"M. de Bougrelon &#8211; Jean Lorrain\" class=\"read-more\" href=\"https:\/\/www.livresentre2actions.fr\/fr_fr\/produit\/m-de-bougrelon-jean-lorrain\/\" aria-label=\"En savoir plus sur M. de Bougrelon &#8211; Jean Lorrain\">Lire plus<\/a><\/p>\n","protected":false},"featured_media":0,"template":"","meta":{"_eb_attr":""},"product_brand":[],"product_cat":[36,74,84,71,76],"product_tag":[86],"class_list":{"0":"post-12020","1":"product","2":"type-product","3":"status-publish","5":"product_cat-entre-le-xviiieme-et-le-xixeme-siecle","6":"product_cat-collections","7":"product_cat-curiosa","8":"product_cat-illustres-modernes-editions-originales-signees-numerotees","9":"product_cat-poesie-theatre-prose","10":"product_tag-illustre","11":"sales-flash-overlay","12":"woocommerce-text-align-center","13":"woocommerce-image-align-center","15":"first","16":"outofstock","17":"taxable","18":"shipping-taxable","19":"purchasable","20":"product-type-simple"},"aioseo_notices":[],"_links":{"self":[{"href":"https:\/\/www.livresentre2actions.fr\/fr_fr\/wp-json\/wp\/v2\/product\/12020","targetHints":{"allow":["GET"]}}],"collection":[{"href":"https:\/\/www.livresentre2actions.fr\/fr_fr\/wp-json\/wp\/v2\/product"}],"about":[{"href":"https:\/\/www.livresentre2actions.fr\/fr_fr\/wp-json\/wp\/v2\/types\/product"}],"wp:attachment":[{"href":"https:\/\/www.livresentre2actions.fr\/fr_fr\/wp-json\/wp\/v2\/media?parent=12020"}],"wp:term":[{"taxonomy":"product_brand","embeddable":true,"href":"https:\/\/www.livresentre2actions.fr\/fr_fr\/wp-json\/wp\/v2\/product_brand?post=12020"},{"taxonomy":"product_cat","embeddable":true,"href":"https:\/\/www.livresentre2actions.fr\/fr_fr\/wp-json\/wp\/v2\/product_cat?post=12020"},{"taxonomy":"product_tag","embeddable":true,"href":"https:\/\/www.livresentre2actions.fr\/fr_fr\/wp-json\/wp\/v2\/product_tag?post=12020"}],"curies":[{"name":"wp","href":"https:\/\/api.w.org\/{rel}","templated":true}]}}