{"id":11962,"date":"2025-04-24T13:15:08","date_gmt":"2025-04-24T11:15:08","guid":{"rendered":"https:\/\/www.livresentre2actions.fr\/?post_type=product&#038;p=11962"},"modified":"2025-08-27T12:11:49","modified_gmt":"2025-08-27T10:11:49","slug":"memento-pratique-darcheologie-francaise-vincent-flipo","status":"publish","type":"product","link":"https:\/\/www.livresentre2actions.fr\/fr_fr\/produit\/memento-pratique-darcheologie-francaise-vincent-flipo\/","title":{"rendered":"M\u00e9mento pratique d\u2019arch\u00e9ologie fran\u00e7aise &#8211; Vincent Flipo"},"content":{"rendered":"<p>Firmin-Didot<\/p>\n<p>Demie-basane havane \u00e0 dos long orn\u00e9 d\u2019un pi\u00e8ce de titre en maroquin olive, reliure sign\u00e9e Lucie Weil (galeriste des ann\u00e9es 30), 285 x 210, 372p. Avec table. 1930. Illustr\u00e9 de 700 gravures et de 18 hors-texte en h\u00e9liogravures. Int\u00e9rieur impeccable. Reliure en tr\u00e8s bon \u00e9tat, avec quelques frottements et tr\u00e8s l\u00e9g\u00e8res griffures.<\/p>\n","protected":false},"excerpt":{"rendered":"<p>Firmin-Didot Demie-basane havane \u00e0 dos long orn\u00e9 d\u2019un pi\u00e8ce de titre en maroquin olive, reliure sign\u00e9e Lucie Weil (galeriste des ann\u00e9es 30), 285 x 210, 372p. Avec table. 1930. Illustr\u00e9 de 700 gravures et de 18 hors-texte en h\u00e9liogravures. Int\u00e9rieur impeccable. Reliure en tr\u00e8s bon \u00e9tat, avec quelques frottements et tr\u00e8s l\u00e9g\u00e8res griffures.<\/p>\n","protected":false},"featured_media":11963,"template":"","meta":{"_eb_attr":""},"product_brand":[],"product_cat":[37,73],"product_tag":[86,95],"class_list":{"0":"post-11962","1":"product","2":"type-product","3":"status-publish","4":"has-post-thumbnail","6":"product_cat-a-partir-du-xxeme-siecle","7":"product_cat-histoires-et-recits-de-voyage","8":"product_tag-illustre","9":"product_tag-reliure","10":"sales-flash-overlay","11":"woocommerce-text-align-center","12":"woocommerce-image-align-center","13":"wc-has-gallery","15":"first","16":"instock","17":"taxable","18":"shipping-taxable","19":"purchasable","20":"product-type-simple"},"aioseo_notices":[],"_links":{"self":[{"href":"https:\/\/www.livresentre2actions.fr\/fr_fr\/wp-json\/wp\/v2\/product\/11962","targetHints":{"allow":["GET"]}}],"collection":[{"href":"https:\/\/www.livresentre2actions.fr\/fr_fr\/wp-json\/wp\/v2\/product"}],"about":[{"href":"https:\/\/www.livresentre2actions.fr\/fr_fr\/wp-json\/wp\/v2\/types\/product"}],"wp:featuredmedia":[{"embeddable":true,"href":"https:\/\/www.livresentre2actions.fr\/fr_fr\/wp-json\/wp\/v2\/media\/11963"}],"wp:attachment":[{"href":"https:\/\/www.livresentre2actions.fr\/fr_fr\/wp-json\/wp\/v2\/media?parent=11962"}],"wp:term":[{"taxonomy":"product_brand","embeddable":true,"href":"https:\/\/www.livresentre2actions.fr\/fr_fr\/wp-json\/wp\/v2\/product_brand?post=11962"},{"taxonomy":"product_cat","embeddable":true,"href":"https:\/\/www.livresentre2actions.fr\/fr_fr\/wp-json\/wp\/v2\/product_cat?post=11962"},{"taxonomy":"product_tag","embeddable":true,"href":"https:\/\/www.livresentre2actions.fr\/fr_fr\/wp-json\/wp\/v2\/product_tag?post=11962"}],"curies":[{"name":"wp","href":"https:\/\/api.w.org\/{rel}","templated":true}]}}