{"id":11946,"date":"2025-04-24T13:11:31","date_gmt":"2025-04-24T11:11:31","guid":{"rendered":"https:\/\/www.livresentre2actions.fr\/?post_type=product&#038;p=11946"},"modified":"2025-04-24T13:11:32","modified_gmt":"2025-04-24T11:11:32","slug":"meditations-sur-les-principales-veritez-chrestiennes-et-ecclesiastiques","status":"publish","type":"product","link":"https:\/\/www.livresentre2actions.fr\/fr_fr\/produit\/meditations-sur-les-principales-veritez-chrestiennes-et-ecclesiastiques\/","title":{"rendered":"M\u00e9ditations sur les principales veritez chrestiennes et ecclesiastiques"},"content":{"rendered":"<p>M\u00e9ditations sur les principales veritez chrestiennes et ecclesiastiques, pour tous les dimanches, festes et autres jours de l\u2019ann\u00e9e. 3 tomes en un volume<\/p>\n<p>Matthieu Beuvelet &#8211; Chez George Josse<\/p>\n<p>Plein veau, dos \u00e0 quatre nerfs, 232 x 180, 1672. Tome I, Meditations sur la vie chrestienne, 342p. apr\u00e8s sa table des m\u00e9ditations, et suivi de sa table des mati\u00e8res. Pr\u00e9c\u00e9d\u00e9 de l\u2019adresse \u00e0 Monseigneur Cesard D\u2019Estrez, evesque et duc de Laon\u00a0; Pr\u00e9face\u00a0; Approbation\u00a0; 10p. Tome II, M\u00e9ditations sur les principales veritez chrestiennes prises dans leurs propres principes\u2026, pagin\u00e9 367, apr\u00e8s sa table des m\u00e9ditations, et suivi de sa table des mati\u00e8res. Tome III m\u00e9ditations pour tous les dimanches de l\u2019ann\u00e9e prises sur le suiet de l\u2019\u00e9vangile du iour, 228p. Apr\u00e8s sa table des m\u00e9ditations et suivi de sa table des mati\u00e8res. Dont p.115 \u00e0 fin\u00a0: \u00ab\u00a0M\u00e9ditations sur les conf\u00e9rences spirituelles et \u00e9ccl\u00e9siastiques\u00a0\u00bb. Int\u00e9rieur avec rousseurs, mouillures, travail de vers en marge. Des manques en page de titre. Reliure avec nombreuses \u00e9pidermures\u00a0; dos tr\u00e8s frott\u00e9 avec manque\u00a0; coiffe manquante. Un ex-libris joliment manuscrit en garde surmontant une inscription latine.<\/p>\n","protected":false},"excerpt":{"rendered":"<p>M\u00e9ditations sur les principales veritez chrestiennes et ecclesiastiques, pour tous les dimanches, festes et autres jours de l\u2019ann\u00e9e. 3 tomes en un volume Matthieu Beuvelet &#8211; Chez George Josse Plein veau, dos \u00e0 quatre nerfs, 232 x 180, 1672. Tome I, Meditations sur la vie chrestienne, 342p. apr\u00e8s sa table des m\u00e9ditations, et suivi de &#8230; <a title=\"M\u00e9ditations sur les principales veritez chrestiennes et ecclesiastiques\" class=\"read-more\" href=\"https:\/\/www.livresentre2actions.fr\/fr_fr\/produit\/meditations-sur-les-principales-veritez-chrestiennes-et-ecclesiastiques\/\" aria-label=\"En savoir plus sur M\u00e9ditations sur les principales veritez chrestiennes et ecclesiastiques\">Lire plus<\/a><\/p>\n","protected":false},"featured_media":11947,"template":"","meta":{"_eb_attr":""},"product_brand":[],"product_cat":[35,68],"product_tag":[],"class_list":{"0":"post-11946","1":"product","2":"type-product","3":"status-publish","4":"has-post-thumbnail","6":"product_cat-jusquau-xviiemesiecle","7":"product_cat-religion-spiritualite","8":"sales-flash-overlay","9":"woocommerce-text-align-center","10":"woocommerce-image-align-center","11":"wc-has-gallery","13":"first","14":"instock","15":"taxable","16":"shipping-taxable","17":"purchasable","18":"product-type-simple"},"aioseo_notices":[],"_links":{"self":[{"href":"https:\/\/www.livresentre2actions.fr\/fr_fr\/wp-json\/wp\/v2\/product\/11946","targetHints":{"allow":["GET"]}}],"collection":[{"href":"https:\/\/www.livresentre2actions.fr\/fr_fr\/wp-json\/wp\/v2\/product"}],"about":[{"href":"https:\/\/www.livresentre2actions.fr\/fr_fr\/wp-json\/wp\/v2\/types\/product"}],"wp:featuredmedia":[{"embeddable":true,"href":"https:\/\/www.livresentre2actions.fr\/fr_fr\/wp-json\/wp\/v2\/media\/11947"}],"wp:attachment":[{"href":"https:\/\/www.livresentre2actions.fr\/fr_fr\/wp-json\/wp\/v2\/media?parent=11946"}],"wp:term":[{"taxonomy":"product_brand","embeddable":true,"href":"https:\/\/www.livresentre2actions.fr\/fr_fr\/wp-json\/wp\/v2\/product_brand?post=11946"},{"taxonomy":"product_cat","embeddable":true,"href":"https:\/\/www.livresentre2actions.fr\/fr_fr\/wp-json\/wp\/v2\/product_cat?post=11946"},{"taxonomy":"product_tag","embeddable":true,"href":"https:\/\/www.livresentre2actions.fr\/fr_fr\/wp-json\/wp\/v2\/product_tag?post=11946"}],"curies":[{"name":"wp","href":"https:\/\/api.w.org\/{rel}","templated":true}]}}