{"id":11923,"date":"2025-04-24T12:23:20","date_gmt":"2025-04-24T10:23:20","guid":{"rendered":"https:\/\/www.livresentre2actions.fr\/?post_type=product&#038;p=11923"},"modified":"2025-04-24T12:23:59","modified_gmt":"2025-04-24T10:23:59","slug":"les-loix-ecclesiastiques-de-france-dans-leur-ordre-naturel","status":"publish","type":"product","link":"https:\/\/www.livresentre2actions.fr\/fr_fr\/produit\/les-loix-ecclesiastiques-de-france-dans-leur-ordre-naturel\/","title":{"rendered":"Les loix eccl\u00e9siastiques de France dans leur ordre naturel"},"content":{"rendered":"<p>Les loix eccl\u00e9siastiques de France dans leur ordre naturel et une analyse des livres du droit canonique conf\u00e9r\u00e9s avec les usages de l\u2019\u00c9glise Gallicane<\/p>\n<p>Louis de H\u00e9ricourt &#8211; P. G. Le Mercier , Desaint et Saillant , J. Th. H\u00e9rissant , Durand , P. A. Le Prieur<\/p>\n<p>In-folio plein veau marbr\u00e9, champs orn\u00e9s, dos \u00e0 six nerfs, pi\u00e8ce de titre, tranches rouges, 400 x 270, 926p. Hors table (54p.). 1756. Nouvelle \u00e9dition, revue, corrig\u00e9e et augment\u00e9e. Ex-libris manuscrit latin au tire des Recollets de S\u00e9zanne\u00a0, 1758. Un tampon de la biblioth\u00e8que municipale de S\u00e9zanne au faux-titre et r\u00e9p\u00e9t\u00e9 une fois en marge dans le texte. Comprend\u00a0: Faux-titre, titre [vignette]\u00a0; Pr\u00e9face, Avertissement, Privil\u00e8ge, 8p. [ent\u00eate, lettrine, cul-de-lampe]\u00a0; Table des parties, chapitres, articles contenus dans les Loix eccl\u00e9siastiques, et Table des distinctions, des causes, des questions &amp; des titres contenus dans l\u2019Analyse des livres du droit canonique etc\u00a0; et Table des d\u00e9cr\u00e9tales de Gr\u00e9goire IX Sexte de Boniface VIII, etc., pp.1-10 [2 culs-de-lampe]. Puis le texte [4 ent\u00eates, 4 lettrines, 3 cul-de-lampe]\u00a0; Fin des Loix eccl\u00e9siastiques p.724. Puis Analyse du d\u00e9cret de Gratien conf\u00e9r\u00e9 avec les usages de l\u2019\u00e9glise Gallicane, pp. 734 \u00e0 892. [1 ent\u00eate, 1 lettrine], reprise de l\u2019ex-libris au titre en fran\u00e7ais cette fois \u00ab\u00a0Biblioth\u00e8que des Recollets de S\u00e9zanne, 1758\u00a0\u00bb. Puis \u00ab\u00a0Edits, ordonnances, d\u00e9clarations et arrests intervenus sur les mati\u00e8res eccl\u00e9siastiques depuis la publication de cet ouvrage, p. 893 \u00e0 fin\u00a0; ex-libris en fran\u00e7ais r\u00e9p\u00e9t\u00e9. Int\u00e9rieur tr\u00e8s frais, tr\u00e8s propre, except\u00e9 3 pages corn\u00e9es en pied. Garde manquante\u00a0; derni\u00e8re page de garde qui se d\u00e9tache. Reliure avec accidents\u00a0: coins et champs frott\u00e9s, coins \u00e9mouss\u00e9s\u00a0; plats frott\u00e9s avec \u00e9pidermures et petits manques. Mors sup\u00e9rieur ouvert sur trois caissons de t\u00eate et en pied sur demi-caisson de pied. Mors inf\u00e9rieur ouvert sur deux caissons en t\u00eate , bri\u00e8vement en pied et fendu en plein. Dos avec coiffe et queue manquantes, manques en caisson de t\u00eate et queue. Exemplaire solide n\u00e9anmoins. Juriste et avocat, Louis de H\u00e9ricourt (1686-1752) est entr\u00e9 dans les ordres b\u00e9n\u00e9dictins puis oratoriens, apr\u00e8s avoir \u00e9t\u00e9 ing\u00e9nieur dans l\u2019arm\u00e9e de Flandre.<\/p>\n<p>&nbsp;<\/p>\n","protected":false},"excerpt":{"rendered":"<p>Les loix eccl\u00e9siastiques de France dans leur ordre naturel et une analyse des livres du droit canonique conf\u00e9r\u00e9s avec les usages de l\u2019\u00c9glise Gallicane Louis de H\u00e9ricourt &#8211; P. G. Le Mercier , Desaint et Saillant , J. Th. H\u00e9rissant , Durand , P. A. Le Prieur In-folio plein veau marbr\u00e9, champs orn\u00e9s, dos \u00e0 &#8230; <a title=\"Les loix eccl\u00e9siastiques de France dans leur ordre naturel\" class=\"read-more\" href=\"https:\/\/www.livresentre2actions.fr\/fr_fr\/produit\/les-loix-ecclesiastiques-de-france-dans-leur-ordre-naturel\/\" aria-label=\"En savoir plus sur Les loix eccl\u00e9siastiques de France dans leur ordre naturel\">Lire plus<\/a><\/p>\n","protected":false},"featured_media":11924,"template":"","meta":{"_eb_attr":""},"product_brand":[],"product_cat":[36,77,68],"product_tag":[],"class_list":{"0":"post-11923","1":"product","2":"type-product","3":"status-publish","4":"has-post-thumbnail","6":"product_cat-entre-le-xviiieme-et-le-xixeme-siecle","7":"product_cat-droit","8":"product_cat-religion-spiritualite","9":"sales-flash-overlay","10":"woocommerce-text-align-center","11":"woocommerce-image-align-center","12":"wc-has-gallery","14":"first","15":"instock","16":"taxable","17":"shipping-taxable","18":"purchasable","19":"product-type-simple"},"aioseo_notices":[],"_links":{"self":[{"href":"https:\/\/www.livresentre2actions.fr\/fr_fr\/wp-json\/wp\/v2\/product\/11923","targetHints":{"allow":["GET"]}}],"collection":[{"href":"https:\/\/www.livresentre2actions.fr\/fr_fr\/wp-json\/wp\/v2\/product"}],"about":[{"href":"https:\/\/www.livresentre2actions.fr\/fr_fr\/wp-json\/wp\/v2\/types\/product"}],"wp:featuredmedia":[{"embeddable":true,"href":"https:\/\/www.livresentre2actions.fr\/fr_fr\/wp-json\/wp\/v2\/media\/11924"}],"wp:attachment":[{"href":"https:\/\/www.livresentre2actions.fr\/fr_fr\/wp-json\/wp\/v2\/media?parent=11923"}],"wp:term":[{"taxonomy":"product_brand","embeddable":true,"href":"https:\/\/www.livresentre2actions.fr\/fr_fr\/wp-json\/wp\/v2\/product_brand?post=11923"},{"taxonomy":"product_cat","embeddable":true,"href":"https:\/\/www.livresentre2actions.fr\/fr_fr\/wp-json\/wp\/v2\/product_cat?post=11923"},{"taxonomy":"product_tag","embeddable":true,"href":"https:\/\/www.livresentre2actions.fr\/fr_fr\/wp-json\/wp\/v2\/product_tag?post=11923"}],"curies":[{"name":"wp","href":"https:\/\/api.w.org\/{rel}","templated":true}]}}