{"id":11874,"date":"2025-04-24T12:05:28","date_gmt":"2025-04-24T10:05:28","guid":{"rendered":"https:\/\/www.livresentre2actions.fr\/?post_type=product&#038;p=11874"},"modified":"2025-08-27T12:11:02","modified_gmt":"2025-08-27T10:11:02","slug":"biblia-sacra-vulgatae-editionis-sixti-v-et-clementis-viii","status":"publish","type":"product","link":"https:\/\/www.livresentre2actions.fr\/fr_fr\/produit\/biblia-sacra-vulgatae-editionis-sixti-v-et-clementis-viii\/","title":{"rendered":"Biblia sacra. Vulgatae Editionis Sixti V et Clementis VIII"},"content":{"rendered":"<p>Biblia sacra. Vulgatae Editionis Sixti V et Clementis VIII. Pont. Max. auctoritate recognita. Versiculis distincta. Una cum selectis annotationibus ex optimis quibusque interpretibus excerptis. 2 vols.<\/p>\n<p>Chez \u00a0Jean-Baptiste Delespine<\/p>\n<p>In-folio plein veau brun chin\u00e9, dos \u00e0 6 nerfs orn\u00e9 d\u2019une pi\u00e8ce de titre, d\u2019une tomaison et richement d\u00e9cor\u00e9 aux caissons, nerfs orn\u00e9s, champs orn\u00e9s, plats l\u00e9g\u00e8rement estamp\u00e9s d\u2019un fin encadrement, tranches jasp\u00e9es rouges, signet vert, 405 x 275, 1731. Texte sur deux colonnes, notes en pied de page, et en marge.Tome I avec double provenance : cachet au titre et en marge dans le texte \u00ab Eglise de saint-Ouen \u00bb, et bel ex-libris\u00a0 aux armes (blason \u00e0 la cigogne surmont\u00e9 de trois \u00e9toiles) coll\u00e9 en contreplat sup\u00e9rieur avec la devise \u00ab Saint-Julien me garde \u00bb.\u00a0Tome II avec trois provenances, les deux pr\u00e9c\u00e9dentes, auxquelles s&rsquo;ajoute un bel ex-libris dessin\u00e9 Michel Cail coll\u00e9 \u00e9galement en contreplat sup\u00e9rieur.\u00a0Tome I, 2 feuillets blancs, marque au titre, Praefacio, Adresse, Ordo librorum, Approbation, et Catalogus auctormum, 6p. Puis Genesis \u00e0 Baruch, 744p. Un ent\u00eate, des lettrines histori\u00e9es et culs-de-lampes. Coins et champs l\u00e9g\u00e8rement frott\u00e9s mais bons, coins de pied proprement restaur\u00e9s. Plats l\u00e9g\u00e8rement frott\u00e9s, avec l\u00e9g\u00e8res \u00e9pidermures et griffures. Int\u00e9rieur tr\u00e8s bon, tr\u00e8s rares et petites taches. Mors sup\u00e9rieur frott\u00e9s, \u00e9pidermures et fissur\u00e9 tout du long mais non ouvert\u00a0; bord de nerfs frott\u00e9s, avec \u00e9pidermures, dont 3 avec manques. Mors inf\u00e9rieur avec \u00e9pidermures, fissur\u00e9 en pied, , restaur\u00e9 en t\u00eate. Dos avec frottements et \u00e9pidermures mais tr\u00e8s bon, coiffe restaur\u00e9e. Tome II, 2 feuillets blancs, titre avec marque, Puis Ezechiel \u00e0 Machabaeorum secundus, pagin\u00e9s 745 \u00e0 907. Suvi du Nouveau testament et des Apocyphes, 384 p. Dont in fine\u00a0les index et tabulae. Un ent\u00eate, des lettrines, et culs-de-lampes. Int\u00e9rieur tr\u00e8s propre. Coins et champs frott\u00e9s, trois coins restaur\u00e9s proprement. Plats frott\u00e9s avec \u00e9pidermures, marqu\u00e9s en bordure du plat sup\u00e9rieur, et un petit manque en pied de plat inf\u00e9rieur. Restauration visible en pied de plat et de mors sup\u00e9rieur\u00a0; de m\u00eame qu\u2019en t\u00eate de mors sup\u00e9rieur. Mors par ailleurs ouvert sur trois caissons, avec manque sur les trois bords nerfs. Mors inf\u00e9rieur restaur\u00e9 en pied, fendu au premier caisson, frott\u00e9 par ailleurs, un manque sur un bord de nerf\u00a0; on note une certain vide sous le mors. Dos avec frottements, avec \u00e9pidermures et manque au nerf du quatri\u00e8me caisson, lequel pr\u00e9sente manque et d\u00e9chirure ; coiffe restaur\u00e9e, queue en partie restaur\u00e9e et avec une d\u00e9chirure sans manque. Dos qui semble plus fragile que celui du tome I. N\u00e9anmoins, cette \u00e9dition de la Bible, assez rare dans ce format, pr\u00e9sentent deux beaux volumes bien fermes et bien uniformes.<\/p>\n","protected":false},"excerpt":{"rendered":"<p>Biblia sacra. Vulgatae Editionis Sixti V et Clementis VIII. Pont. Max. auctoritate recognita. Versiculis distincta. Una cum selectis annotationibus ex optimis quibusque interpretibus excerptis. 2 vols. Chez \u00a0Jean-Baptiste Delespine In-folio plein veau brun chin\u00e9, dos \u00e0 6 nerfs orn\u00e9 d\u2019une pi\u00e8ce de titre, d\u2019une tomaison et richement d\u00e9cor\u00e9 aux caissons, nerfs orn\u00e9s, champs orn\u00e9s, plats &#8230; <a title=\"Biblia sacra. Vulgatae Editionis Sixti V et Clementis VIII\" class=\"read-more\" href=\"https:\/\/www.livresentre2actions.fr\/fr_fr\/produit\/biblia-sacra-vulgatae-editionis-sixti-v-et-clementis-viii\/\" aria-label=\"En savoir plus sur Biblia sacra. Vulgatae Editionis Sixti V et Clementis VIII\">Lire plus<\/a><\/p>\n","protected":false},"featured_media":11875,"template":"","meta":{"_eb_attr":""},"product_brand":[],"product_cat":[36,68],"product_tag":[94],"class_list":{"0":"post-11874","1":"product","2":"type-product","3":"status-publish","4":"has-post-thumbnail","6":"product_cat-entre-le-xviiieme-et-le-xixeme-siecle","7":"product_cat-religion-spiritualite","8":"product_tag-provenance","9":"sales-flash-overlay","10":"woocommerce-text-align-center","11":"woocommerce-image-align-center","12":"wc-has-gallery","14":"first","15":"instock","16":"taxable","17":"shipping-taxable","18":"purchasable","19":"product-type-simple"},"aioseo_notices":[],"_links":{"self":[{"href":"https:\/\/www.livresentre2actions.fr\/fr_fr\/wp-json\/wp\/v2\/product\/11874","targetHints":{"allow":["GET"]}}],"collection":[{"href":"https:\/\/www.livresentre2actions.fr\/fr_fr\/wp-json\/wp\/v2\/product"}],"about":[{"href":"https:\/\/www.livresentre2actions.fr\/fr_fr\/wp-json\/wp\/v2\/types\/product"}],"wp:featuredmedia":[{"embeddable":true,"href":"https:\/\/www.livresentre2actions.fr\/fr_fr\/wp-json\/wp\/v2\/media\/11875"}],"wp:attachment":[{"href":"https:\/\/www.livresentre2actions.fr\/fr_fr\/wp-json\/wp\/v2\/media?parent=11874"}],"wp:term":[{"taxonomy":"product_brand","embeddable":true,"href":"https:\/\/www.livresentre2actions.fr\/fr_fr\/wp-json\/wp\/v2\/product_brand?post=11874"},{"taxonomy":"product_cat","embeddable":true,"href":"https:\/\/www.livresentre2actions.fr\/fr_fr\/wp-json\/wp\/v2\/product_cat?post=11874"},{"taxonomy":"product_tag","embeddable":true,"href":"https:\/\/www.livresentre2actions.fr\/fr_fr\/wp-json\/wp\/v2\/product_tag?post=11874"}],"curies":[{"name":"wp","href":"https:\/\/api.w.org\/{rel}","templated":true}]}}