{"id":11779,"date":"2025-04-17T16:31:31","date_gmt":"2025-04-17T14:31:31","guid":{"rendered":"https:\/\/www.livresentre2actions.fr\/?post_type=product&#038;p=11779"},"modified":"2025-08-25T14:22:35","modified_gmt":"2025-08-25T12:22:35","slug":"gala-des-courses-cirque-dhiver-des-4-freres-bouglione","status":"publish","type":"product","link":"https:\/\/www.livresentre2actions.fr\/fr_fr\/produit\/gala-des-courses-cirque-dhiver-des-4-freres-bouglione\/","title":{"rendered":"Gala des courses &#8211; Cirque d\u2019hiver des 4 fr\u00e8res Bouglione."},"content":{"rendered":"<p>Journal Paris-Sport<\/p>\n<p>Broch\u00e9 cord\u00e9, 250 x 208, Non pagin\u00e9. Programme du Gala des courses organis\u00e9 par le Journal Paris-Sport au b\u00e9n\u00e9fice des Oeuvres d\u2019assistance du Personnel des \u00e9curies de courses, samedi 25 mai 1935. Illustr\u00e9 de 4 dessins couleur sur calque, coll\u00e9s en t\u00eate sur feuille vierge (un d\u00e9coll\u00e9), sign\u00e9s Malespina [Louis Ferdinand Malespine dit]. Des publicit\u00e9s d\u2019\u00e9poque et les dessins encadrent le programme plac\u00e9 au centre du volume. Tr\u00e8s bon exemplaire, propre, int\u00e8gre. Tr\u00e8s belle couverture couleur.<\/p>\n","protected":false},"excerpt":{"rendered":"<p>Journal Paris-Sport Broch\u00e9 cord\u00e9, 250 x 208, Non pagin\u00e9. Programme du Gala des courses organis\u00e9 par le Journal Paris-Sport au b\u00e9n\u00e9fice des Oeuvres d\u2019assistance du Personnel des \u00e9curies de courses, samedi 25 mai 1935. Illustr\u00e9 de 4 dessins couleur sur calque, coll\u00e9s en t\u00eate sur feuille vierge (un d\u00e9coll\u00e9), sign\u00e9s Malespina [Louis Ferdinand Malespine dit]. &#8230; <a title=\"Gala des courses &#8211; Cirque d\u2019hiver des 4 fr\u00e8res Bouglione.\" class=\"read-more\" href=\"https:\/\/www.livresentre2actions.fr\/fr_fr\/produit\/gala-des-courses-cirque-dhiver-des-4-freres-bouglione\/\" aria-label=\"En savoir plus sur Gala des courses &#8211; Cirque d\u2019hiver des 4 fr\u00e8res Bouglione.\">Lire plus<\/a><\/p>\n","protected":false},"featured_media":11780,"template":"","meta":{"_eb_attr":""},"product_brand":[],"product_cat":[37,72,71],"product_tag":[],"class_list":{"0":"post-11779","1":"product","2":"type-product","3":"status-publish","4":"has-post-thumbnail","6":"product_cat-a-partir-du-xxeme-siecle","7":"product_cat-divers","8":"product_cat-illustres-modernes-editions-originales-signees-numerotees","9":"sales-flash-overlay","10":"woocommerce-text-align-center","11":"woocommerce-image-align-center","13":"first","14":"outofstock","15":"taxable","16":"shipping-taxable","17":"purchasable","18":"product-type-simple"},"aioseo_notices":[],"_links":{"self":[{"href":"https:\/\/www.livresentre2actions.fr\/fr_fr\/wp-json\/wp\/v2\/product\/11779","targetHints":{"allow":["GET"]}}],"collection":[{"href":"https:\/\/www.livresentre2actions.fr\/fr_fr\/wp-json\/wp\/v2\/product"}],"about":[{"href":"https:\/\/www.livresentre2actions.fr\/fr_fr\/wp-json\/wp\/v2\/types\/product"}],"wp:featuredmedia":[{"embeddable":true,"href":"https:\/\/www.livresentre2actions.fr\/fr_fr\/wp-json\/wp\/v2\/media\/11780"}],"wp:attachment":[{"href":"https:\/\/www.livresentre2actions.fr\/fr_fr\/wp-json\/wp\/v2\/media?parent=11779"}],"wp:term":[{"taxonomy":"product_brand","embeddable":true,"href":"https:\/\/www.livresentre2actions.fr\/fr_fr\/wp-json\/wp\/v2\/product_brand?post=11779"},{"taxonomy":"product_cat","embeddable":true,"href":"https:\/\/www.livresentre2actions.fr\/fr_fr\/wp-json\/wp\/v2\/product_cat?post=11779"},{"taxonomy":"product_tag","embeddable":true,"href":"https:\/\/www.livresentre2actions.fr\/fr_fr\/wp-json\/wp\/v2\/product_tag?post=11779"}],"curies":[{"name":"wp","href":"https:\/\/api.w.org\/{rel}","templated":true}]}}